{"id":9648,"date":"2024-10-17T16:00:42","date_gmt":"2024-10-17T16:00:42","guid":{"rendered":"https:\/\/www.bivaq.com\/product\/mesa-pie-central-o60x40\/"},"modified":"2024-12-02T17:35:08","modified_gmt":"2024-12-02T17:35:08","slug":"mesa-pie-central-o60x40","status":"publish","type":"product","link":"https:\/\/www.bivaq.com\/es\/producto\/mesa-pie-central-o60x40\/","title":{"rendered":"Mesa pie central \u00d860&#215;40"},"content":{"rendered":"<p><strong>Dise\u00f1ador<\/strong>: Studio bvq<br \/>\n<strong>A\u00f1o<\/strong>: 2024<\/p>\n<p>La colecci\u00f3n Esen redefine lo esencial. Presenta justo lo que necesitas: una gama refinada de accesorios para realzar cualquier espacio. Disponible en una amplia variedad de tejidos, acabados y colores, esta colecci\u00f3n de l\u00edneas limpias y acabados impecables refleja una sofisticaci\u00f3n discreta que se adapta a cualquier entorno exterior: una terraza urbana, un jard\u00edn, un espacio residencial o proyectos contract.<\/p>\n<ul>\n<li>Estructura fabricada en aluminio extruido y acabada con pintura de poli\u00e9ster.<\/li>\n<li>Consulta los colores disponibles en el PDF de Acabados.<\/li>\n<li>Otros art\u00edculos disponibles: funda exterior impermeable.<\/li>\n<\/ul>\n","protected":false},"excerpt":{"rendered":"<p>Dise\u00f1ador: Studio bvq A\u00f1o: 2024 La colecci\u00f3n Esen redefine lo esencial. Presenta justo lo que necesitas: una gama refinada de accesorios para realzar cualquier espacio. Disponible en una amplia variedad de tejidos, acabados y colores, esta colecci\u00f3n de l\u00edneas limpias y acabados impecables refleja una sofisticaci\u00f3n discreta que se adapta a cualquier entorno exterior: una [&hellip;]<\/p>\n","protected":false},"featured_media":9643,"comment_status":"closed","ping_status":"closed","template":"","meta":[],"product_brand":[],"product_cat":[503,350,394,395,396,397,398,399,400,401,402,403,404,405,406,407,408,409,128,129,115],"product_tag":[],"class_list":{"0":"post-9648","1":"product","2":"type-product","3":"status-publish","4":"has-post-thumbnail","6":"product_cat-esen-es","7":"product_cat-acabados","8":"product_cat-color-estructura","9":"product_cat-antracita-23-es","10":"product_cat-beige-grey-39-es","11":"product_cat-brown-cobre-26-es","12":"product_cat-cement-green-12-es","13":"product_cat-white-text-10-es","14":"product_cat-coral-red-55-es","15":"product_cat-grafito-34-es","16":"product_cat-grey-blue-24-es","17":"product_cat-ivory-text-11-es","18":"product_cat-maroon-oxide-16-es","19":"product_cat-mint-turquoise-52-es","20":"product_cat-olive-brown-23-es","21":"product_cat-olive-green-15-es","22":"product_cat-steel-blue-49-es","23":"product_cat-stone-29-es","24":"product_cat-colecciones","25":"product_cat-tipo_de_producto","26":"product_cat-mesa-baja","27":"finish-white-text-10-es","29":"first","30":"instock","31":"shipping-taxable","32":"product-type-simple"},"yoast_head":"<!-- This site is optimized with the Yoast SEO plugin v26.7 - https:\/\/yoast.com\/wordpress\/plugins\/seo\/ -->\n<title>Mesa pie central \u00d860x40 | BIVAQ<\/title>\n<meta name=\"description\" content=\"Dise\u00f1ador: Studio bvq A\u00f1o: 2024 La colecci\u00f3n Esen redefine lo esencial. Presenta justo lo que necesitas: una gama refinada de accesorios para realzar\" \/>\n<meta name=\"robots\" content=\"index, follow, max-snippet:-1, max-image-preview:large, max-video-preview:-1\" \/>\n<link rel=\"canonical\" href=\"https:\/\/www.bivaq.com\/es\/producto\/mesa-pie-central-o60x40\/\" \/>\n<meta property=\"og:locale\" content=\"es_ES\" \/>\n<meta property=\"og:type\" content=\"article\" \/>\n<meta property=\"og:title\" content=\"Mesa pie central \u00d860x40 | BIVAQ\" \/>\n<meta property=\"og:description\" content=\"Dise\u00f1ador: Studio bvq A\u00f1o: 2024 La colecci\u00f3n Esen redefine lo esencial. Presenta justo lo que necesitas: una gama refinada de accesorios para realzar\" \/>\n<meta property=\"og:url\" content=\"https:\/\/www.bivaq.com\/es\/producto\/mesa-pie-central-o60x40\/\" \/>\n<meta property=\"og:site_name\" content=\"BIVAQ\" \/>\n<meta property=\"article:modified_time\" content=\"2024-12-02T17:35:08+00:00\" \/>\n<meta property=\"og:image\" content=\"https:\/\/www.bivaq.com\/wp-content\/uploads\/2024\/10\/mesa-esen3-scaled.jpg\" \/>\n\t<meta property=\"og:image:width\" content=\"2560\" \/>\n\t<meta property=\"og:image:height\" content=\"2560\" \/>\n\t<meta property=\"og:image:type\" content=\"image\/jpeg\" \/>\n<meta name=\"twitter:card\" content=\"summary_large_image\" \/>\n<meta name=\"twitter:label1\" content=\"Tiempo de lectura\" \/>\n\t<meta name=\"twitter:data1\" content=\"1 minuto\" \/>\n<script type=\"application\/ld+json\" class=\"yoast-schema-graph\">{\"@context\":\"https:\/\/schema.org\",\"@graph\":[{\"@type\":\"WebPage\",\"@id\":\"https:\/\/www.bivaq.com\/es\/producto\/mesa-pie-central-o60x40\/\",\"url\":\"https:\/\/www.bivaq.com\/es\/producto\/mesa-pie-central-o60x40\/\",\"name\":\"Mesa pie central \u00d860x40 | BIVAQ\",\"isPartOf\":{\"@id\":\"https:\/\/www.bivaq.com\/es\/#website\"},\"primaryImageOfPage\":{\"@id\":\"https:\/\/www.bivaq.com\/es\/producto\/mesa-pie-central-o60x40\/#primaryimage\"},\"image\":{\"@id\":\"https:\/\/www.bivaq.com\/es\/producto\/mesa-pie-central-o60x40\/#primaryimage\"},\"thumbnailUrl\":\"https:\/\/www.bivaq.com\/wp-content\/uploads\/2024\/10\/mesa-esen3-scaled.jpg\",\"datePublished\":\"2024-10-17T16:00:42+00:00\",\"dateModified\":\"2024-12-02T17:35:08+00:00\",\"description\":\"Dise\u00f1ador: Studio bvq A\u00f1o: 2024 La colecci\u00f3n Esen redefine lo esencial. Presenta justo lo que necesitas: una gama refinada de accesorios para realzar\",\"breadcrumb\":{\"@id\":\"https:\/\/www.bivaq.com\/es\/producto\/mesa-pie-central-o60x40\/#breadcrumb\"},\"inLanguage\":\"es\",\"potentialAction\":[{\"@type\":\"ReadAction\",\"target\":[\"https:\/\/www.bivaq.com\/es\/producto\/mesa-pie-central-o60x40\/\"]}]},{\"@type\":\"ImageObject\",\"inLanguage\":\"es\",\"@id\":\"https:\/\/www.bivaq.com\/es\/producto\/mesa-pie-central-o60x40\/#primaryimage\",\"url\":\"https:\/\/www.bivaq.com\/wp-content\/uploads\/2024\/10\/mesa-esen3-scaled.jpg\",\"contentUrl\":\"https:\/\/www.bivaq.com\/wp-content\/uploads\/2024\/10\/mesa-esen3-scaled.jpg\",\"width\":2560,\"height\":2560},{\"@type\":\"BreadcrumbList\",\"@id\":\"https:\/\/www.bivaq.com\/es\/producto\/mesa-pie-central-o60x40\/#breadcrumb\",\"itemListElement\":[{\"@type\":\"ListItem\",\"position\":1,\"name\":\"Home\",\"item\":\"https:\/\/www.bivaq.com\/es\/\"},{\"@type\":\"ListItem\",\"position\":2,\"name\":\"Productos\",\"item\":\"https:\/\/www.bivaq.com\/es\/shop\/\"},{\"@type\":\"ListItem\",\"position\":3,\"name\":\"Mesa pie central \u00d860&#215;40\"}]},{\"@type\":\"WebSite\",\"@id\":\"https:\/\/www.bivaq.com\/es\/#website\",\"url\":\"https:\/\/www.bivaq.com\/es\/\",\"name\":\"Bivaq\",\"description\":\"Muebles de dise\u00f1o y accesorios para uso exterior\",\"alternateName\":\"Bivaq\",\"potentialAction\":[{\"@type\":\"SearchAction\",\"target\":{\"@type\":\"EntryPoint\",\"urlTemplate\":\"https:\/\/www.bivaq.com\/es\/?s={search_term_string}\"},\"query-input\":{\"@type\":\"PropertyValueSpecification\",\"valueRequired\":true,\"valueName\":\"search_term_string\"}}],\"inLanguage\":\"es\"}]}<\/script>\n<!-- \/ Yoast SEO plugin. -->","yoast_head_json":{"title":"Mesa pie central \u00d860x40 | BIVAQ","description":"Dise\u00f1ador: Studio bvq A\u00f1o: 2024 La colecci\u00f3n Esen redefine lo esencial. Presenta justo lo que necesitas: una gama refinada de accesorios para realzar","robots":{"index":"index","follow":"follow","max-snippet":"max-snippet:-1","max-image-preview":"max-image-preview:large","max-video-preview":"max-video-preview:-1"},"canonical":"https:\/\/www.bivaq.com\/es\/producto\/mesa-pie-central-o60x40\/","og_locale":"es_ES","og_type":"article","og_title":"Mesa pie central \u00d860x40 | BIVAQ","og_description":"Dise\u00f1ador: Studio bvq A\u00f1o: 2024 La colecci\u00f3n Esen redefine lo esencial. Presenta justo lo que necesitas: una gama refinada de accesorios para realzar","og_url":"https:\/\/www.bivaq.com\/es\/producto\/mesa-pie-central-o60x40\/","og_site_name":"BIVAQ","article_modified_time":"2024-12-02T17:35:08+00:00","og_image":[{"width":2560,"height":2560,"url":"https:\/\/www.bivaq.com\/wp-content\/uploads\/2024\/10\/mesa-esen3-scaled.jpg","type":"image\/jpeg"}],"twitter_card":"summary_large_image","twitter_misc":{"Tiempo de lectura":"1 minuto"},"schema":{"@context":"https:\/\/schema.org","@graph":[{"@type":"WebPage","@id":"https:\/\/www.bivaq.com\/es\/producto\/mesa-pie-central-o60x40\/","url":"https:\/\/www.bivaq.com\/es\/producto\/mesa-pie-central-o60x40\/","name":"Mesa pie central \u00d860x40 | BIVAQ","isPartOf":{"@id":"https:\/\/www.bivaq.com\/es\/#website"},"primaryImageOfPage":{"@id":"https:\/\/www.bivaq.com\/es\/producto\/mesa-pie-central-o60x40\/#primaryimage"},"image":{"@id":"https:\/\/www.bivaq.com\/es\/producto\/mesa-pie-central-o60x40\/#primaryimage"},"thumbnailUrl":"https:\/\/www.bivaq.com\/wp-content\/uploads\/2024\/10\/mesa-esen3-scaled.jpg","datePublished":"2024-10-17T16:00:42+00:00","dateModified":"2024-12-02T17:35:08+00:00","description":"Dise\u00f1ador: Studio bvq A\u00f1o: 2024 La colecci\u00f3n Esen redefine lo esencial. Presenta justo lo que necesitas: una gama refinada de accesorios para realzar","breadcrumb":{"@id":"https:\/\/www.bivaq.com\/es\/producto\/mesa-pie-central-o60x40\/#breadcrumb"},"inLanguage":"es","potentialAction":[{"@type":"ReadAction","target":["https:\/\/www.bivaq.com\/es\/producto\/mesa-pie-central-o60x40\/"]}]},{"@type":"ImageObject","inLanguage":"es","@id":"https:\/\/www.bivaq.com\/es\/producto\/mesa-pie-central-o60x40\/#primaryimage","url":"https:\/\/www.bivaq.com\/wp-content\/uploads\/2024\/10\/mesa-esen3-scaled.jpg","contentUrl":"https:\/\/www.bivaq.com\/wp-content\/uploads\/2024\/10\/mesa-esen3-scaled.jpg","width":2560,"height":2560},{"@type":"BreadcrumbList","@id":"https:\/\/www.bivaq.com\/es\/producto\/mesa-pie-central-o60x40\/#breadcrumb","itemListElement":[{"@type":"ListItem","position":1,"name":"Home","item":"https:\/\/www.bivaq.com\/es\/"},{"@type":"ListItem","position":2,"name":"Productos","item":"https:\/\/www.bivaq.com\/es\/shop\/"},{"@type":"ListItem","position":3,"name":"Mesa pie central \u00d860&#215;40"}]},{"@type":"WebSite","@id":"https:\/\/www.bivaq.com\/es\/#website","url":"https:\/\/www.bivaq.com\/es\/","name":"Bivaq","description":"Muebles de dise\u00f1o y accesorios para uso exterior","alternateName":"Bivaq","potentialAction":[{"@type":"SearchAction","target":{"@type":"EntryPoint","urlTemplate":"https:\/\/www.bivaq.com\/es\/?s={search_term_string}"},"query-input":{"@type":"PropertyValueSpecification","valueRequired":true,"valueName":"search_term_string"}}],"inLanguage":"es"}]}},"_links":{"self":[{"href":"https:\/\/www.bivaq.com\/es\/wp-json\/wp\/v2\/product\/9648","targetHints":{"allow":["GET"]}}],"collection":[{"href":"https:\/\/www.bivaq.com\/es\/wp-json\/wp\/v2\/product"}],"about":[{"href":"https:\/\/www.bivaq.com\/es\/wp-json\/wp\/v2\/types\/product"}],"replies":[{"embeddable":true,"href":"https:\/\/www.bivaq.com\/es\/wp-json\/wp\/v2\/comments?post=9648"}],"wp:featuredmedia":[{"embeddable":true,"href":"https:\/\/www.bivaq.com\/es\/wp-json\/wp\/v2\/media\/9643"}],"wp:attachment":[{"href":"https:\/\/www.bivaq.com\/es\/wp-json\/wp\/v2\/media?parent=9648"}],"wp:term":[{"taxonomy":"product_brand","embeddable":true,"href":"https:\/\/www.bivaq.com\/es\/wp-json\/wp\/v2\/product_brand?post=9648"},{"taxonomy":"product_cat","embeddable":true,"href":"https:\/\/www.bivaq.com\/es\/wp-json\/wp\/v2\/product_cat?post=9648"},{"taxonomy":"product_tag","embeddable":true,"href":"https:\/\/www.bivaq.com\/es\/wp-json\/wp\/v2\/product_tag?post=9648"}],"curies":[{"name":"wp","href":"https:\/\/api.w.org\/{rel}","templated":true}]}}