{"id":9631,"date":"2024-10-15T12:43:12","date_gmt":"2024-10-15T12:43:12","guid":{"rendered":"https:\/\/www.bivaq.com\/product\/pouf\/"},"modified":"2024-12-11T17:57:29","modified_gmt":"2024-12-11T17:57:29","slug":"pouf","status":"publish","type":"product","link":"https:\/\/www.bivaq.com\/es\/producto\/pouf\/","title":{"rendered":"Esen pouf"},"content":{"rendered":"<p><strong>Dise\u00f1ador<\/strong>: Studio bvq<br \/>\n<strong>A\u00f1o<\/strong>: 2024<\/p>\n<div class=\"flex-shrink-0 flex flex-col relative items-end\">\n<div>\n<div class=\"pt-0\">\n<div class=\"gizmo-bot-avatar flex h-8 w-8 items-center justify-center overflow-hidden rounded-full\">\n<div class=\"relative p-1 rounded-sm flex items-center justify-center bg-token-main-surface-primary text-token-text-primary h-8 w-8\"><\/div>\n<\/div>\n<\/div>\n<\/div>\n<\/div>\n<div class=\"group\/conversation-turn relative flex w-full min-w-0 flex-col agent-turn\">\n<div class=\"flex-col gap-1 md:gap-3\">\n<div class=\"flex max-w-full flex-col flex-grow\">\n<div class=\"min-h-8 text-message flex w-full flex-col items-end gap-2 whitespace-normal break-words [.text-message+&amp;]:mt-5\" dir=\"auto\" data-message-author-role=\"assistant\" data-message-id=\"249ffbdb-0f02-4b43-9775-485eecf31ca8\" data-message-model-slug=\"gpt-4o\">\n<div class=\"flex w-full flex-col gap-1 empty:hidden first:pt-[3px]\">\n<div class=\"result-streaming markdown prose w-full break-words dark:prose-invert light\">\n<p>La colecci\u00f3n Esen redefine lo esencial. Presenta justo lo que necesitas: una gama refinada de complementos para realzar cualquier espacio. Disponible en una amplia variedad de tejidos, acabados y colores, esta colecci\u00f3n de l\u00edneas limpias y acabados impecables refleja una sofisticaci\u00f3n discreta que se adapta a cualquier entorno exterior: una terraza urbana, un jard\u00edn, un entorno residencial o proyectos contract.<\/p>\n<p>-Base de contrachapado exterior de 19 mm de grosor con un di\u00e1metro de 550 mm.<br \/>\n-Tapizado removible.<br \/>\n-Disponible con o sin tejido impermeable interior.<br \/>\n-Consulta los colores de los tejidos disponibles en el PDF de acabados.<br \/>\n-Otros elementos disponibles: funda exterior impermeable.<\/p>\n<\/div>\n<\/div>\n<\/div>\n<\/div>\n<\/div>\n<\/div>\n","protected":false},"excerpt":{"rendered":"<p>Dise\u00f1ador: Studio bvq A\u00f1o: 2024 La colecci\u00f3n Esen redefine lo esencial. Presenta justo lo que necesitas: una gama refinada de complementos para realzar cualquier espacio. Disponible en una amplia variedad de tejidos, acabados y colores, esta colecci\u00f3n de l\u00edneas limpias y acabados impecables refleja una sofisticaci\u00f3n discreta que se adapta a cualquier entorno exterior: una [&hellip;]<\/p>\n","protected":false},"featured_media":9617,"comment_status":"closed","ping_status":"closed","template":"","meta":[],"product_brand":[],"product_cat":[503,350,354,377,378,379,380,381,355,356,357,358,359,360,361,362,363,364,365,366,367,368,369,370,371,372,373,374,375,376,382,353,423,424,425,426,427,428,128,129,118],"product_tag":[],"class_list":{"0":"post-9631","1":"product","2":"type-product","3":"status-publish","4":"has-post-thumbnail","6":"product_cat-esen-es","7":"product_cat-acabados","8":"product_cat-cojines-acrilicos","9":"product_cat-sack-olive-green-46-d-es","10":"product_cat-sack-sand-83-d-es","11":"product_cat-toast-31-b-es","12":"product_cat-wabi-basalto-100-c-es","13":"product_cat-wabi-beige-104-c-es","14":"product_cat-beige-carbon-42-b-es","15":"product_cat-blue-grey-43-b-es","16":"product_cat-blush-peach-53-b-es","17":"product_cat-bon-chalk-linen-95-c-es","18":"product_cat-can-bali-blue-93-c-es","19":"product_cat-can-valley-green-92-c-es","20":"product_cat-can-yellow-sun-90-c-es","21":"product_cat-grey-pearl-32-b-es","22":"product_cat-heather-chalk-87-b","23":"product_cat-marconi-antracita-74-b-es","24":"product_cat-marconi-green-72-b-es","25":"product_cat-marconi-indian-red-73-b-es","26":"product_cat-marconi-light-blue-75-b-es","27":"product_cat-marconi-marine-blue-71-b-es","28":"product_cat-pan-bone-48-b-es","29":"product_cat-pan-tangerine-101-b-es","30":"product_cat-pan-white-47-b-es","31":"product_cat-peach-flamingo-85-b-es","32":"product_cat-sack-carbon-89-d-es","33":"product_cat-terry-navy-blue-94-c-es","34":"product_cat-sol-mustard-91-a-es","35":"product_cat-sack-cloudy-blue-06-d-es","36":"product_cat-wabi-ecru-103-c-es","37":"product_cat-cojines-vinytex","38":"product_cat-eden-black-77-d-es","39":"product_cat-eden-tobacco-63-d-es","40":"product_cat-grafito-beige-52-d-es","41":"product_cat-stone-beige-61-d-es","42":"product_cat-tobacco-05-a-es","43":"product_cat-white-pearl-08-a-es","44":"product_cat-colecciones","45":"product_cat-tipo_de_producto","46":"product_cat-reposapies-pouf","47":"finish-eden-tobacco-63-d-es","49":"first","50":"instock","51":"shipping-taxable","52":"product-type-simple"},"yoast_head":"<!-- This site is optimized with the Yoast SEO plugin v26.7 - https:\/\/yoast.com\/wordpress\/plugins\/seo\/ -->\n<title>Esen pouf | BIVAQ<\/title>\n<meta name=\"description\" content=\"Dise\u00f1ador: Studio bvq A\u00f1o: 2024 La colecci\u00f3n Esen redefine lo esencial. Presenta justo lo que necesitas: una gama refinada de complementos para realzar\" \/>\n<meta name=\"robots\" content=\"index, follow, max-snippet:-1, max-image-preview:large, max-video-preview:-1\" \/>\n<link rel=\"canonical\" href=\"https:\/\/www.bivaq.com\/es\/producto\/pouf\/\" \/>\n<meta property=\"og:locale\" content=\"es_ES\" \/>\n<meta property=\"og:type\" content=\"article\" \/>\n<meta property=\"og:title\" content=\"Esen pouf | BIVAQ\" \/>\n<meta property=\"og:description\" content=\"Dise\u00f1ador: Studio bvq A\u00f1o: 2024 La colecci\u00f3n Esen redefine lo esencial. Presenta justo lo que necesitas: una gama refinada de complementos para realzar\" \/>\n<meta property=\"og:url\" content=\"https:\/\/www.bivaq.com\/es\/producto\/pouf\/\" \/>\n<meta property=\"og:site_name\" content=\"BIVAQ\" \/>\n<meta property=\"article:modified_time\" content=\"2024-12-11T17:57:29+00:00\" \/>\n<meta property=\"og:image\" content=\"https:\/\/www.bivaq.com\/wp-content\/uploads\/2024\/10\/pouf-fondo-beige-1.1-scaled.jpg\" \/>\n\t<meta property=\"og:image:width\" content=\"2560\" \/>\n\t<meta property=\"og:image:height\" content=\"2560\" \/>\n\t<meta property=\"og:image:type\" content=\"image\/jpeg\" \/>\n<meta name=\"twitter:card\" content=\"summary_large_image\" \/>\n<meta name=\"twitter:label1\" content=\"Tiempo de lectura\" \/>\n\t<meta name=\"twitter:data1\" content=\"1 minuto\" \/>\n<script type=\"application\/ld+json\" class=\"yoast-schema-graph\">{\"@context\":\"https:\/\/schema.org\",\"@graph\":[{\"@type\":\"WebPage\",\"@id\":\"https:\/\/www.bivaq.com\/es\/producto\/pouf\/\",\"url\":\"https:\/\/www.bivaq.com\/es\/producto\/pouf\/\",\"name\":\"Esen pouf | BIVAQ\",\"isPartOf\":{\"@id\":\"https:\/\/www.bivaq.com\/es\/#website\"},\"primaryImageOfPage\":{\"@id\":\"https:\/\/www.bivaq.com\/es\/producto\/pouf\/#primaryimage\"},\"image\":{\"@id\":\"https:\/\/www.bivaq.com\/es\/producto\/pouf\/#primaryimage\"},\"thumbnailUrl\":\"https:\/\/www.bivaq.com\/wp-content\/uploads\/2024\/10\/pouf-fondo-beige-1.1-scaled.jpg\",\"datePublished\":\"2024-10-15T12:43:12+00:00\",\"dateModified\":\"2024-12-11T17:57:29+00:00\",\"description\":\"Dise\u00f1ador: Studio bvq A\u00f1o: 2024 La colecci\u00f3n Esen redefine lo esencial. Presenta justo lo que necesitas: una gama refinada de complementos para realzar\",\"breadcrumb\":{\"@id\":\"https:\/\/www.bivaq.com\/es\/producto\/pouf\/#breadcrumb\"},\"inLanguage\":\"es\",\"potentialAction\":[{\"@type\":\"ReadAction\",\"target\":[\"https:\/\/www.bivaq.com\/es\/producto\/pouf\/\"]}]},{\"@type\":\"ImageObject\",\"inLanguage\":\"es\",\"@id\":\"https:\/\/www.bivaq.com\/es\/producto\/pouf\/#primaryimage\",\"url\":\"https:\/\/www.bivaq.com\/wp-content\/uploads\/2024\/10\/pouf-fondo-beige-1.1-scaled.jpg\",\"contentUrl\":\"https:\/\/www.bivaq.com\/wp-content\/uploads\/2024\/10\/pouf-fondo-beige-1.1-scaled.jpg\",\"width\":2560,\"height\":2560},{\"@type\":\"BreadcrumbList\",\"@id\":\"https:\/\/www.bivaq.com\/es\/producto\/pouf\/#breadcrumb\",\"itemListElement\":[{\"@type\":\"ListItem\",\"position\":1,\"name\":\"Home\",\"item\":\"https:\/\/www.bivaq.com\/es\/\"},{\"@type\":\"ListItem\",\"position\":2,\"name\":\"Productos\",\"item\":\"https:\/\/www.bivaq.com\/es\/shop\/\"},{\"@type\":\"ListItem\",\"position\":3,\"name\":\"Esen pouf\"}]},{\"@type\":\"WebSite\",\"@id\":\"https:\/\/www.bivaq.com\/es\/#website\",\"url\":\"https:\/\/www.bivaq.com\/es\/\",\"name\":\"Bivaq\",\"description\":\"Muebles de dise\u00f1o y accesorios para uso exterior\",\"alternateName\":\"Bivaq\",\"potentialAction\":[{\"@type\":\"SearchAction\",\"target\":{\"@type\":\"EntryPoint\",\"urlTemplate\":\"https:\/\/www.bivaq.com\/es\/?s={search_term_string}\"},\"query-input\":{\"@type\":\"PropertyValueSpecification\",\"valueRequired\":true,\"valueName\":\"search_term_string\"}}],\"inLanguage\":\"es\"}]}<\/script>\n<!-- \/ Yoast SEO plugin. -->","yoast_head_json":{"title":"Esen pouf | BIVAQ","description":"Dise\u00f1ador: Studio bvq A\u00f1o: 2024 La colecci\u00f3n Esen redefine lo esencial. Presenta justo lo que necesitas: una gama refinada de complementos para realzar","robots":{"index":"index","follow":"follow","max-snippet":"max-snippet:-1","max-image-preview":"max-image-preview:large","max-video-preview":"max-video-preview:-1"},"canonical":"https:\/\/www.bivaq.com\/es\/producto\/pouf\/","og_locale":"es_ES","og_type":"article","og_title":"Esen pouf | BIVAQ","og_description":"Dise\u00f1ador: Studio bvq A\u00f1o: 2024 La colecci\u00f3n Esen redefine lo esencial. Presenta justo lo que necesitas: una gama refinada de complementos para realzar","og_url":"https:\/\/www.bivaq.com\/es\/producto\/pouf\/","og_site_name":"BIVAQ","article_modified_time":"2024-12-11T17:57:29+00:00","og_image":[{"width":2560,"height":2560,"url":"https:\/\/www.bivaq.com\/wp-content\/uploads\/2024\/10\/pouf-fondo-beige-1.1-scaled.jpg","type":"image\/jpeg"}],"twitter_card":"summary_large_image","twitter_misc":{"Tiempo de lectura":"1 minuto"},"schema":{"@context":"https:\/\/schema.org","@graph":[{"@type":"WebPage","@id":"https:\/\/www.bivaq.com\/es\/producto\/pouf\/","url":"https:\/\/www.bivaq.com\/es\/producto\/pouf\/","name":"Esen pouf | BIVAQ","isPartOf":{"@id":"https:\/\/www.bivaq.com\/es\/#website"},"primaryImageOfPage":{"@id":"https:\/\/www.bivaq.com\/es\/producto\/pouf\/#primaryimage"},"image":{"@id":"https:\/\/www.bivaq.com\/es\/producto\/pouf\/#primaryimage"},"thumbnailUrl":"https:\/\/www.bivaq.com\/wp-content\/uploads\/2024\/10\/pouf-fondo-beige-1.1-scaled.jpg","datePublished":"2024-10-15T12:43:12+00:00","dateModified":"2024-12-11T17:57:29+00:00","description":"Dise\u00f1ador: Studio bvq A\u00f1o: 2024 La colecci\u00f3n Esen redefine lo esencial. Presenta justo lo que necesitas: una gama refinada de complementos para realzar","breadcrumb":{"@id":"https:\/\/www.bivaq.com\/es\/producto\/pouf\/#breadcrumb"},"inLanguage":"es","potentialAction":[{"@type":"ReadAction","target":["https:\/\/www.bivaq.com\/es\/producto\/pouf\/"]}]},{"@type":"ImageObject","inLanguage":"es","@id":"https:\/\/www.bivaq.com\/es\/producto\/pouf\/#primaryimage","url":"https:\/\/www.bivaq.com\/wp-content\/uploads\/2024\/10\/pouf-fondo-beige-1.1-scaled.jpg","contentUrl":"https:\/\/www.bivaq.com\/wp-content\/uploads\/2024\/10\/pouf-fondo-beige-1.1-scaled.jpg","width":2560,"height":2560},{"@type":"BreadcrumbList","@id":"https:\/\/www.bivaq.com\/es\/producto\/pouf\/#breadcrumb","itemListElement":[{"@type":"ListItem","position":1,"name":"Home","item":"https:\/\/www.bivaq.com\/es\/"},{"@type":"ListItem","position":2,"name":"Productos","item":"https:\/\/www.bivaq.com\/es\/shop\/"},{"@type":"ListItem","position":3,"name":"Esen pouf"}]},{"@type":"WebSite","@id":"https:\/\/www.bivaq.com\/es\/#website","url":"https:\/\/www.bivaq.com\/es\/","name":"Bivaq","description":"Muebles de dise\u00f1o y accesorios para uso exterior","alternateName":"Bivaq","potentialAction":[{"@type":"SearchAction","target":{"@type":"EntryPoint","urlTemplate":"https:\/\/www.bivaq.com\/es\/?s={search_term_string}"},"query-input":{"@type":"PropertyValueSpecification","valueRequired":true,"valueName":"search_term_string"}}],"inLanguage":"es"}]}},"_links":{"self":[{"href":"https:\/\/www.bivaq.com\/es\/wp-json\/wp\/v2\/product\/9631","targetHints":{"allow":["GET"]}}],"collection":[{"href":"https:\/\/www.bivaq.com\/es\/wp-json\/wp\/v2\/product"}],"about":[{"href":"https:\/\/www.bivaq.com\/es\/wp-json\/wp\/v2\/types\/product"}],"replies":[{"embeddable":true,"href":"https:\/\/www.bivaq.com\/es\/wp-json\/wp\/v2\/comments?post=9631"}],"wp:featuredmedia":[{"embeddable":true,"href":"https:\/\/www.bivaq.com\/es\/wp-json\/wp\/v2\/media\/9617"}],"wp:attachment":[{"href":"https:\/\/www.bivaq.com\/es\/wp-json\/wp\/v2\/media?parent=9631"}],"wp:term":[{"taxonomy":"product_brand","embeddable":true,"href":"https:\/\/www.bivaq.com\/es\/wp-json\/wp\/v2\/product_brand?post=9631"},{"taxonomy":"product_cat","embeddable":true,"href":"https:\/\/www.bivaq.com\/es\/wp-json\/wp\/v2\/product_cat?post=9631"},{"taxonomy":"product_tag","embeddable":true,"href":"https:\/\/www.bivaq.com\/es\/wp-json\/wp\/v2\/product_tag?post=9631"}],"curies":[{"name":"wp","href":"https:\/\/api.w.org\/{rel}","templated":true}]}}