{"id":9096,"date":"2024-05-21T17:12:14","date_gmt":"2024-05-21T17:12:15","guid":{"rendered":"https:\/\/www.bivaq.com\/?post_type=product&#038;p=9096"},"modified":"2024-10-22T15:07:06","modified_gmt":"2024-10-22T15:07:06","slug":"sofa-2-plazas-copy","status":"publish","type":"product","link":"https:\/\/www.bivaq.com\/es\/producto\/sofa-2-plazas-copy\/","title":{"rendered":"Nami sof\u00e1 3 plazas"},"content":{"rendered":"<p style=\"font-weight: 400;\"><strong>Dise\u00f1ador:\u00a0<\/strong>Francesc Rif\u00e9 Studio<br \/>\n<strong>A\u00f1o:\u00a0<\/strong>2024<\/p>\n<p style=\"font-weight: 400;\">Inspirada en el concepto \u00abnami\u00bb que significa \u00abola\u00bb en japon\u00e9s, cada pieza de esta colecci\u00f3n ha sido dise\u00f1ada para capturar la emoci\u00f3n y la fluidez del mar. Utilizando lamas de iroko cuidadosamente seleccionadas junto con una ligera estructura de aluminio pintada, experimenta esa sensaci\u00f3n de levedad y tranquilidad. La madera de iroko utilizada dispone de las principales certificaciones de sostenibilidad y para optimizar los recursos utilizados (menor volumen) y reducir al m\u00e1ximo la huella de carbono se utiliza madera comprada y mecanizada en Barcelona.<\/p>\n<p>&#8211; Estructura de aluminio extruido y acabado con pintura en polvo de poli\u00e9ster<br \/>\n&#8211; Lamas de madera de iroko pulida, cantos redondeados, y tratamiento final para protecci\u00f3n de la madera.<br \/>\n&#8211; Disponible sin brazos, uno o dos brazos.<br \/>\n&#8211; Almohadones desenfundables.<br \/>\n&#8211; Los almohadones llevan un ribete en el mismo color que el tejido.<br \/>\n&#8211; Consulte tejidos y colores pintura disponibles en PDF Acabados<br \/>\n&#8211; Otros art\u00edculos disponibles: funda exterior impermeable.<\/p>\n","protected":false},"excerpt":{"rendered":"<p>Dise\u00f1ador:\u00a0Francesc Rif\u00e9 Studio A\u00f1o:\u00a02024 Inspirada en el concepto \u00abnami\u00bb que significa \u00abola\u00bb en japon\u00e9s, cada pieza de esta colecci\u00f3n ha sido dise\u00f1ada para capturar la emoci\u00f3n y la fluidez del mar. Utilizando lamas de iroko cuidadosamente seleccionadas junto con una ligera estructura de aluminio pintada, experimenta esa sensaci\u00f3n de levedad y tranquilidad. La madera de [&hellip;]<\/p>\n","protected":false},"featured_media":9778,"comment_status":"closed","ping_status":"closed","template":"","meta":[],"product_brand":[],"product_cat":[481,117],"product_tag":[],"class_list":{"0":"post-9096","1":"product","2":"type-product","3":"status-publish","4":"has-post-thumbnail","6":"product_cat-nami-es","7":"product_cat-sofa-2","8":"finish-white-text-10-es","10":"first","11":"instock","12":"shipping-taxable","13":"product-type-simple"},"yoast_head":"<!-- This site is optimized with the Yoast SEO plugin v26.7 - https:\/\/yoast.com\/wordpress\/plugins\/seo\/ -->\n<title>Nami sof\u00e1 3 plazas | BIVAQ<\/title>\n<meta name=\"description\" content=\"Dise\u00f1ador:\u00a0Francesc Rif\u00e9 Studio A\u00f1o:\u00a02024 Inspirada en el concepto &quot;nami&quot; que significa &quot;ola&quot; en japon\u00e9s, cada pieza de esta colecci\u00f3n ha sido dise\u00f1ada\" \/>\n<meta name=\"robots\" content=\"index, follow, max-snippet:-1, max-image-preview:large, max-video-preview:-1\" \/>\n<link rel=\"canonical\" href=\"https:\/\/www.bivaq.com\/es\/producto\/sofa-2-plazas-copy\/\" \/>\n<meta property=\"og:locale\" content=\"es_ES\" \/>\n<meta property=\"og:type\" content=\"article\" \/>\n<meta property=\"og:title\" content=\"Nami sof\u00e1 3 plazas | BIVAQ\" \/>\n<meta property=\"og:description\" content=\"Dise\u00f1ador:\u00a0Francesc Rif\u00e9 Studio A\u00f1o:\u00a02024 Inspirada en el concepto &quot;nami&quot; que significa &quot;ola&quot; en japon\u00e9s, cada pieza de esta colecci\u00f3n ha sido dise\u00f1ada\" \/>\n<meta property=\"og:url\" content=\"https:\/\/www.bivaq.com\/es\/producto\/sofa-2-plazas-copy\/\" \/>\n<meta property=\"og:site_name\" content=\"BIVAQ\" \/>\n<meta property=\"article:modified_time\" content=\"2024-10-22T15:07:06+00:00\" \/>\n<meta property=\"og:image\" content=\"https:\/\/www.bivaq.com\/wp-content\/uploads\/2024\/05\/Bivaq-NAMI-3-con-brazos-web-scaled.jpg\" \/>\n\t<meta property=\"og:image:width\" content=\"2560\" \/>\n\t<meta property=\"og:image:height\" content=\"2560\" \/>\n\t<meta property=\"og:image:type\" content=\"image\/jpeg\" \/>\n<meta name=\"twitter:card\" content=\"summary_large_image\" \/>\n<meta name=\"twitter:label1\" content=\"Tiempo de lectura\" \/>\n\t<meta name=\"twitter:data1\" content=\"1 minuto\" \/>\n<script type=\"application\/ld+json\" class=\"yoast-schema-graph\">{\"@context\":\"https:\/\/schema.org\",\"@graph\":[{\"@type\":\"WebPage\",\"@id\":\"https:\/\/www.bivaq.com\/es\/producto\/sofa-2-plazas-copy\/\",\"url\":\"https:\/\/www.bivaq.com\/es\/producto\/sofa-2-plazas-copy\/\",\"name\":\"Nami sof\u00e1 3 plazas | BIVAQ\",\"isPartOf\":{\"@id\":\"https:\/\/www.bivaq.com\/es\/#website\"},\"primaryImageOfPage\":{\"@id\":\"https:\/\/www.bivaq.com\/es\/producto\/sofa-2-plazas-copy\/#primaryimage\"},\"image\":{\"@id\":\"https:\/\/www.bivaq.com\/es\/producto\/sofa-2-plazas-copy\/#primaryimage\"},\"thumbnailUrl\":\"https:\/\/www.bivaq.com\/wp-content\/uploads\/2024\/05\/Bivaq-NAMI-3-con-brazos-web-scaled.jpg\",\"datePublished\":\"2024-05-21T17:12:15+00:00\",\"dateModified\":\"2024-10-22T15:07:06+00:00\",\"description\":\"Dise\u00f1ador:\u00a0Francesc Rif\u00e9 Studio A\u00f1o:\u00a02024 Inspirada en el concepto \\\"nami\\\" que significa \\\"ola\\\" en japon\u00e9s, cada pieza de esta colecci\u00f3n ha sido dise\u00f1ada\",\"breadcrumb\":{\"@id\":\"https:\/\/www.bivaq.com\/es\/producto\/sofa-2-plazas-copy\/#breadcrumb\"},\"inLanguage\":\"es\",\"potentialAction\":[{\"@type\":\"ReadAction\",\"target\":[\"https:\/\/www.bivaq.com\/es\/producto\/sofa-2-plazas-copy\/\"]}]},{\"@type\":\"ImageObject\",\"inLanguage\":\"es\",\"@id\":\"https:\/\/www.bivaq.com\/es\/producto\/sofa-2-plazas-copy\/#primaryimage\",\"url\":\"https:\/\/www.bivaq.com\/wp-content\/uploads\/2024\/05\/Bivaq-NAMI-3-con-brazos-web-scaled.jpg\",\"contentUrl\":\"https:\/\/www.bivaq.com\/wp-content\/uploads\/2024\/05\/Bivaq-NAMI-3-con-brazos-web-scaled.jpg\",\"width\":2560,\"height\":2560},{\"@type\":\"BreadcrumbList\",\"@id\":\"https:\/\/www.bivaq.com\/es\/producto\/sofa-2-plazas-copy\/#breadcrumb\",\"itemListElement\":[{\"@type\":\"ListItem\",\"position\":1,\"name\":\"Home\",\"item\":\"https:\/\/www.bivaq.com\/es\/\"},{\"@type\":\"ListItem\",\"position\":2,\"name\":\"Productos\",\"item\":\"https:\/\/www.bivaq.com\/es\/shop\/\"},{\"@type\":\"ListItem\",\"position\":3,\"name\":\"Nami sof\u00e1 3 plazas\"}]},{\"@type\":\"WebSite\",\"@id\":\"https:\/\/www.bivaq.com\/es\/#website\",\"url\":\"https:\/\/www.bivaq.com\/es\/\",\"name\":\"Bivaq\",\"description\":\"Muebles de dise\u00f1o y accesorios para uso exterior\",\"alternateName\":\"Bivaq\",\"potentialAction\":[{\"@type\":\"SearchAction\",\"target\":{\"@type\":\"EntryPoint\",\"urlTemplate\":\"https:\/\/www.bivaq.com\/es\/?s={search_term_string}\"},\"query-input\":{\"@type\":\"PropertyValueSpecification\",\"valueRequired\":true,\"valueName\":\"search_term_string\"}}],\"inLanguage\":\"es\"}]}<\/script>\n<!-- \/ Yoast SEO plugin. -->","yoast_head_json":{"title":"Nami sof\u00e1 3 plazas | BIVAQ","description":"Dise\u00f1ador:\u00a0Francesc Rif\u00e9 Studio A\u00f1o:\u00a02024 Inspirada en el concepto \"nami\" que significa \"ola\" en japon\u00e9s, cada pieza de esta colecci\u00f3n ha sido dise\u00f1ada","robots":{"index":"index","follow":"follow","max-snippet":"max-snippet:-1","max-image-preview":"max-image-preview:large","max-video-preview":"max-video-preview:-1"},"canonical":"https:\/\/www.bivaq.com\/es\/producto\/sofa-2-plazas-copy\/","og_locale":"es_ES","og_type":"article","og_title":"Nami sof\u00e1 3 plazas | BIVAQ","og_description":"Dise\u00f1ador:\u00a0Francesc Rif\u00e9 Studio A\u00f1o:\u00a02024 Inspirada en el concepto \"nami\" que significa \"ola\" en japon\u00e9s, cada pieza de esta colecci\u00f3n ha sido dise\u00f1ada","og_url":"https:\/\/www.bivaq.com\/es\/producto\/sofa-2-plazas-copy\/","og_site_name":"BIVAQ","article_modified_time":"2024-10-22T15:07:06+00:00","og_image":[{"width":2560,"height":2560,"url":"https:\/\/www.bivaq.com\/wp-content\/uploads\/2024\/05\/Bivaq-NAMI-3-con-brazos-web-scaled.jpg","type":"image\/jpeg"}],"twitter_card":"summary_large_image","twitter_misc":{"Tiempo de lectura":"1 minuto"},"schema":{"@context":"https:\/\/schema.org","@graph":[{"@type":"WebPage","@id":"https:\/\/www.bivaq.com\/es\/producto\/sofa-2-plazas-copy\/","url":"https:\/\/www.bivaq.com\/es\/producto\/sofa-2-plazas-copy\/","name":"Nami sof\u00e1 3 plazas | BIVAQ","isPartOf":{"@id":"https:\/\/www.bivaq.com\/es\/#website"},"primaryImageOfPage":{"@id":"https:\/\/www.bivaq.com\/es\/producto\/sofa-2-plazas-copy\/#primaryimage"},"image":{"@id":"https:\/\/www.bivaq.com\/es\/producto\/sofa-2-plazas-copy\/#primaryimage"},"thumbnailUrl":"https:\/\/www.bivaq.com\/wp-content\/uploads\/2024\/05\/Bivaq-NAMI-3-con-brazos-web-scaled.jpg","datePublished":"2024-05-21T17:12:15+00:00","dateModified":"2024-10-22T15:07:06+00:00","description":"Dise\u00f1ador:\u00a0Francesc Rif\u00e9 Studio A\u00f1o:\u00a02024 Inspirada en el concepto \"nami\" que significa \"ola\" en japon\u00e9s, cada pieza de esta colecci\u00f3n ha sido dise\u00f1ada","breadcrumb":{"@id":"https:\/\/www.bivaq.com\/es\/producto\/sofa-2-plazas-copy\/#breadcrumb"},"inLanguage":"es","potentialAction":[{"@type":"ReadAction","target":["https:\/\/www.bivaq.com\/es\/producto\/sofa-2-plazas-copy\/"]}]},{"@type":"ImageObject","inLanguage":"es","@id":"https:\/\/www.bivaq.com\/es\/producto\/sofa-2-plazas-copy\/#primaryimage","url":"https:\/\/www.bivaq.com\/wp-content\/uploads\/2024\/05\/Bivaq-NAMI-3-con-brazos-web-scaled.jpg","contentUrl":"https:\/\/www.bivaq.com\/wp-content\/uploads\/2024\/05\/Bivaq-NAMI-3-con-brazos-web-scaled.jpg","width":2560,"height":2560},{"@type":"BreadcrumbList","@id":"https:\/\/www.bivaq.com\/es\/producto\/sofa-2-plazas-copy\/#breadcrumb","itemListElement":[{"@type":"ListItem","position":1,"name":"Home","item":"https:\/\/www.bivaq.com\/es\/"},{"@type":"ListItem","position":2,"name":"Productos","item":"https:\/\/www.bivaq.com\/es\/shop\/"},{"@type":"ListItem","position":3,"name":"Nami sof\u00e1 3 plazas"}]},{"@type":"WebSite","@id":"https:\/\/www.bivaq.com\/es\/#website","url":"https:\/\/www.bivaq.com\/es\/","name":"Bivaq","description":"Muebles de dise\u00f1o y accesorios para uso exterior","alternateName":"Bivaq","potentialAction":[{"@type":"SearchAction","target":{"@type":"EntryPoint","urlTemplate":"https:\/\/www.bivaq.com\/es\/?s={search_term_string}"},"query-input":{"@type":"PropertyValueSpecification","valueRequired":true,"valueName":"search_term_string"}}],"inLanguage":"es"}]}},"_links":{"self":[{"href":"https:\/\/www.bivaq.com\/es\/wp-json\/wp\/v2\/product\/9096","targetHints":{"allow":["GET"]}}],"collection":[{"href":"https:\/\/www.bivaq.com\/es\/wp-json\/wp\/v2\/product"}],"about":[{"href":"https:\/\/www.bivaq.com\/es\/wp-json\/wp\/v2\/types\/product"}],"replies":[{"embeddable":true,"href":"https:\/\/www.bivaq.com\/es\/wp-json\/wp\/v2\/comments?post=9096"}],"wp:featuredmedia":[{"embeddable":true,"href":"https:\/\/www.bivaq.com\/es\/wp-json\/wp\/v2\/media\/9778"}],"wp:attachment":[{"href":"https:\/\/www.bivaq.com\/es\/wp-json\/wp\/v2\/media?parent=9096"}],"wp:term":[{"taxonomy":"product_brand","embeddable":true,"href":"https:\/\/www.bivaq.com\/es\/wp-json\/wp\/v2\/product_brand?post=9096"},{"taxonomy":"product_cat","embeddable":true,"href":"https:\/\/www.bivaq.com\/es\/wp-json\/wp\/v2\/product_cat?post=9096"},{"taxonomy":"product_tag","embeddable":true,"href":"https:\/\/www.bivaq.com\/es\/wp-json\/wp\/v2\/product_tag?post=9096"}],"curies":[{"name":"wp","href":"https:\/\/api.w.org\/{rel}","templated":true}]}}