{"id":8976,"date":"2024-04-22T16:02:14","date_gmt":"2024-04-22T16:02:14","guid":{"rendered":"https:\/\/www.bivaq.com\/product\/sillon-bajo\/"},"modified":"2024-10-22T15:17:05","modified_gmt":"2024-10-22T15:17:05","slug":"sillon-bajo","status":"publish","type":"product","link":"https:\/\/www.bivaq.com\/es\/producto\/sillon-bajo\/","title":{"rendered":"Balm sill\u00f3n bajo"},"content":{"rendered":"<p><strong>Dise\u00f1ador<\/strong>: Estudi Manel Molina<br \/>\n<strong>A\u00f1o<\/strong>: 2024<\/p>\n<p>La colecci\u00f3n Balm ha sido dise\u00f1ada para ofrecer una experiencia envolvente y confortable. Un espacio donde reunirse en esos momentos en los que buscamos cobijo, calor, calidez y comodidad. La estructura de tubo redondo de aluminio y el respaldo trenzado con cuerda n\u00e1utica abrazan un mullido coj\u00edn, que invita a disfrutar de largas y pausadas sobremesas. Los brazos han sido dise\u00f1ados para ofrecer una agradable sensaci\u00f3n t\u00e1ctil gracias a su textura, grosor e impecable acabado. Est\u00e1 especialmente indicado para ambientes de exterior, pero tambi\u00e9n puede utilizarse en interiores gracias a su dise\u00f1o vers\u00e1til.<\/p>\n<p>\u2022 Estructura fabricada con aluminio extruido y acabada con pintura en polvo de poli\u00e9ster.<br \/>\n\u2022 La cuerda marina que lo recubre est\u00e1 fabricada con hilo de poli\u00e9ster y cuerda de nylon en el interior, para garantizar una mayor durabilidad y resistencia a la intemperie.<br \/>\n\u2022 Cojines desmontables.<br \/>\n\u2022 Ver tejidos y colores de pintura disponibles en PDF Acabados.<br \/>\n\u2022 Otros art\u00edculos disponibles: funda exterior impermeable.<\/p>\n","protected":false},"excerpt":{"rendered":"<p>Dise\u00f1ador: Estudi Manel Molina A\u00f1o: 2024 La colecci\u00f3n Balm ha sido dise\u00f1ada para ofrecer una experiencia envolvente y confortable. Un espacio donde reunirse en esos momentos en los que buscamos cobijo, calor, calidez y comodidad. La estructura de tubo redondo de aluminio y el respaldo trenzado con cuerda n\u00e1utica abrazan un mullido coj\u00edn, que invita [&hellip;]<\/p>\n","protected":false},"featured_media":9026,"comment_status":"closed","ping_status":"closed","template":"","meta":[],"product_brand":[],"product_cat":[480,130],"product_tag":[],"class_list":{"0":"post-8976","1":"product","2":"type-product","3":"status-publish","4":"has-post-thumbnail","6":"product_cat-balm-es","7":"product_cat-sillonbajo-es","8":"finish-white-01-es","9":"finish-white-01","11":"first","12":"instock","13":"shipping-taxable","14":"product-type-simple"},"yoast_head":"<!-- This site is optimized with the Yoast SEO plugin v26.7 - https:\/\/yoast.com\/wordpress\/plugins\/seo\/ -->\n<title>Balm sill\u00f3n bajo | BIVAQ<\/title>\n<meta name=\"description\" content=\"Dise\u00f1ador: Estudi Manel Molina A\u00f1o: 2024 La colecci\u00f3n Balm ha sido dise\u00f1ada para ofrecer una experiencia envolvente y confortable. Un espacio donde\" \/>\n<meta name=\"robots\" content=\"index, follow, max-snippet:-1, max-image-preview:large, max-video-preview:-1\" \/>\n<link rel=\"canonical\" href=\"https:\/\/www.bivaq.com\/es\/producto\/sillon-bajo\/\" \/>\n<meta property=\"og:locale\" content=\"es_ES\" \/>\n<meta property=\"og:type\" content=\"article\" \/>\n<meta property=\"og:title\" content=\"Balm sill\u00f3n bajo | BIVAQ\" \/>\n<meta property=\"og:description\" content=\"Dise\u00f1ador: Estudi Manel Molina A\u00f1o: 2024 La colecci\u00f3n Balm ha sido dise\u00f1ada para ofrecer una experiencia envolvente y confortable. Un espacio donde\" \/>\n<meta property=\"og:url\" content=\"https:\/\/www.bivaq.com\/es\/producto\/sillon-bajo\/\" \/>\n<meta property=\"og:site_name\" content=\"BIVAQ\" \/>\n<meta property=\"article:modified_time\" content=\"2024-10-22T15:17:05+00:00\" \/>\n<meta property=\"og:image\" content=\"https:\/\/www.bivaq.com\/wp-content\/uploads\/2024\/04\/Bivaq-BALM-Low-Armchair_web.jpg\" \/>\n\t<meta property=\"og:image:width\" content=\"1980\" \/>\n\t<meta property=\"og:image:height\" content=\"1584\" \/>\n\t<meta property=\"og:image:type\" content=\"image\/jpeg\" \/>\n<meta name=\"twitter:card\" content=\"summary_large_image\" \/>\n<meta name=\"twitter:label1\" content=\"Tiempo de lectura\" \/>\n\t<meta name=\"twitter:data1\" content=\"1 minuto\" \/>\n<script type=\"application\/ld+json\" class=\"yoast-schema-graph\">{\"@context\":\"https:\/\/schema.org\",\"@graph\":[{\"@type\":\"WebPage\",\"@id\":\"https:\/\/www.bivaq.com\/es\/producto\/sillon-bajo\/\",\"url\":\"https:\/\/www.bivaq.com\/es\/producto\/sillon-bajo\/\",\"name\":\"Balm sill\u00f3n bajo | BIVAQ\",\"isPartOf\":{\"@id\":\"https:\/\/www.bivaq.com\/es\/#website\"},\"primaryImageOfPage\":{\"@id\":\"https:\/\/www.bivaq.com\/es\/producto\/sillon-bajo\/#primaryimage\"},\"image\":{\"@id\":\"https:\/\/www.bivaq.com\/es\/producto\/sillon-bajo\/#primaryimage\"},\"thumbnailUrl\":\"https:\/\/www.bivaq.com\/wp-content\/uploads\/2024\/04\/Bivaq-BALM-Low-Armchair_web.jpg\",\"datePublished\":\"2024-04-22T16:02:14+00:00\",\"dateModified\":\"2024-10-22T15:17:05+00:00\",\"description\":\"Dise\u00f1ador: Estudi Manel Molina A\u00f1o: 2024 La colecci\u00f3n Balm ha sido dise\u00f1ada para ofrecer una experiencia envolvente y confortable. Un espacio donde\",\"breadcrumb\":{\"@id\":\"https:\/\/www.bivaq.com\/es\/producto\/sillon-bajo\/#breadcrumb\"},\"inLanguage\":\"es\",\"potentialAction\":[{\"@type\":\"ReadAction\",\"target\":[\"https:\/\/www.bivaq.com\/es\/producto\/sillon-bajo\/\"]}]},{\"@type\":\"ImageObject\",\"inLanguage\":\"es\",\"@id\":\"https:\/\/www.bivaq.com\/es\/producto\/sillon-bajo\/#primaryimage\",\"url\":\"https:\/\/www.bivaq.com\/wp-content\/uploads\/2024\/04\/Bivaq-BALM-Low-Armchair_web.jpg\",\"contentUrl\":\"https:\/\/www.bivaq.com\/wp-content\/uploads\/2024\/04\/Bivaq-BALM-Low-Armchair_web.jpg\",\"width\":1980,\"height\":1584,\"caption\":\"Bivaq BALM Low Armchair\"},{\"@type\":\"BreadcrumbList\",\"@id\":\"https:\/\/www.bivaq.com\/es\/producto\/sillon-bajo\/#breadcrumb\",\"itemListElement\":[{\"@type\":\"ListItem\",\"position\":1,\"name\":\"Home\",\"item\":\"https:\/\/www.bivaq.com\/es\/\"},{\"@type\":\"ListItem\",\"position\":2,\"name\":\"Productos\",\"item\":\"https:\/\/www.bivaq.com\/es\/shop\/\"},{\"@type\":\"ListItem\",\"position\":3,\"name\":\"Balm sill\u00f3n bajo\"}]},{\"@type\":\"WebSite\",\"@id\":\"https:\/\/www.bivaq.com\/es\/#website\",\"url\":\"https:\/\/www.bivaq.com\/es\/\",\"name\":\"Bivaq\",\"description\":\"Muebles de dise\u00f1o y accesorios para uso exterior\",\"alternateName\":\"Bivaq\",\"potentialAction\":[{\"@type\":\"SearchAction\",\"target\":{\"@type\":\"EntryPoint\",\"urlTemplate\":\"https:\/\/www.bivaq.com\/es\/?s={search_term_string}\"},\"query-input\":{\"@type\":\"PropertyValueSpecification\",\"valueRequired\":true,\"valueName\":\"search_term_string\"}}],\"inLanguage\":\"es\"}]}<\/script>\n<!-- \/ Yoast SEO plugin. -->","yoast_head_json":{"title":"Balm sill\u00f3n bajo | BIVAQ","description":"Dise\u00f1ador: Estudi Manel Molina A\u00f1o: 2024 La colecci\u00f3n Balm ha sido dise\u00f1ada para ofrecer una experiencia envolvente y confortable. Un espacio donde","robots":{"index":"index","follow":"follow","max-snippet":"max-snippet:-1","max-image-preview":"max-image-preview:large","max-video-preview":"max-video-preview:-1"},"canonical":"https:\/\/www.bivaq.com\/es\/producto\/sillon-bajo\/","og_locale":"es_ES","og_type":"article","og_title":"Balm sill\u00f3n bajo | BIVAQ","og_description":"Dise\u00f1ador: Estudi Manel Molina A\u00f1o: 2024 La colecci\u00f3n Balm ha sido dise\u00f1ada para ofrecer una experiencia envolvente y confortable. Un espacio donde","og_url":"https:\/\/www.bivaq.com\/es\/producto\/sillon-bajo\/","og_site_name":"BIVAQ","article_modified_time":"2024-10-22T15:17:05+00:00","og_image":[{"width":1980,"height":1584,"url":"https:\/\/www.bivaq.com\/wp-content\/uploads\/2024\/04\/Bivaq-BALM-Low-Armchair_web.jpg","type":"image\/jpeg"}],"twitter_card":"summary_large_image","twitter_misc":{"Tiempo de lectura":"1 minuto"},"schema":{"@context":"https:\/\/schema.org","@graph":[{"@type":"WebPage","@id":"https:\/\/www.bivaq.com\/es\/producto\/sillon-bajo\/","url":"https:\/\/www.bivaq.com\/es\/producto\/sillon-bajo\/","name":"Balm sill\u00f3n bajo | BIVAQ","isPartOf":{"@id":"https:\/\/www.bivaq.com\/es\/#website"},"primaryImageOfPage":{"@id":"https:\/\/www.bivaq.com\/es\/producto\/sillon-bajo\/#primaryimage"},"image":{"@id":"https:\/\/www.bivaq.com\/es\/producto\/sillon-bajo\/#primaryimage"},"thumbnailUrl":"https:\/\/www.bivaq.com\/wp-content\/uploads\/2024\/04\/Bivaq-BALM-Low-Armchair_web.jpg","datePublished":"2024-04-22T16:02:14+00:00","dateModified":"2024-10-22T15:17:05+00:00","description":"Dise\u00f1ador: Estudi Manel Molina A\u00f1o: 2024 La colecci\u00f3n Balm ha sido dise\u00f1ada para ofrecer una experiencia envolvente y confortable. Un espacio donde","breadcrumb":{"@id":"https:\/\/www.bivaq.com\/es\/producto\/sillon-bajo\/#breadcrumb"},"inLanguage":"es","potentialAction":[{"@type":"ReadAction","target":["https:\/\/www.bivaq.com\/es\/producto\/sillon-bajo\/"]}]},{"@type":"ImageObject","inLanguage":"es","@id":"https:\/\/www.bivaq.com\/es\/producto\/sillon-bajo\/#primaryimage","url":"https:\/\/www.bivaq.com\/wp-content\/uploads\/2024\/04\/Bivaq-BALM-Low-Armchair_web.jpg","contentUrl":"https:\/\/www.bivaq.com\/wp-content\/uploads\/2024\/04\/Bivaq-BALM-Low-Armchair_web.jpg","width":1980,"height":1584,"caption":"Bivaq BALM Low Armchair"},{"@type":"BreadcrumbList","@id":"https:\/\/www.bivaq.com\/es\/producto\/sillon-bajo\/#breadcrumb","itemListElement":[{"@type":"ListItem","position":1,"name":"Home","item":"https:\/\/www.bivaq.com\/es\/"},{"@type":"ListItem","position":2,"name":"Productos","item":"https:\/\/www.bivaq.com\/es\/shop\/"},{"@type":"ListItem","position":3,"name":"Balm sill\u00f3n bajo"}]},{"@type":"WebSite","@id":"https:\/\/www.bivaq.com\/es\/#website","url":"https:\/\/www.bivaq.com\/es\/","name":"Bivaq","description":"Muebles de dise\u00f1o y accesorios para uso exterior","alternateName":"Bivaq","potentialAction":[{"@type":"SearchAction","target":{"@type":"EntryPoint","urlTemplate":"https:\/\/www.bivaq.com\/es\/?s={search_term_string}"},"query-input":{"@type":"PropertyValueSpecification","valueRequired":true,"valueName":"search_term_string"}}],"inLanguage":"es"}]}},"_links":{"self":[{"href":"https:\/\/www.bivaq.com\/es\/wp-json\/wp\/v2\/product\/8976","targetHints":{"allow":["GET"]}}],"collection":[{"href":"https:\/\/www.bivaq.com\/es\/wp-json\/wp\/v2\/product"}],"about":[{"href":"https:\/\/www.bivaq.com\/es\/wp-json\/wp\/v2\/types\/product"}],"replies":[{"embeddable":true,"href":"https:\/\/www.bivaq.com\/es\/wp-json\/wp\/v2\/comments?post=8976"}],"wp:featuredmedia":[{"embeddable":true,"href":"https:\/\/www.bivaq.com\/es\/wp-json\/wp\/v2\/media\/9026"}],"wp:attachment":[{"href":"https:\/\/www.bivaq.com\/es\/wp-json\/wp\/v2\/media?parent=8976"}],"wp:term":[{"taxonomy":"product_brand","embeddable":true,"href":"https:\/\/www.bivaq.com\/es\/wp-json\/wp\/v2\/product_brand?post=8976"},{"taxonomy":"product_cat","embeddable":true,"href":"https:\/\/www.bivaq.com\/es\/wp-json\/wp\/v2\/product_cat?post=8976"},{"taxonomy":"product_tag","embeddable":true,"href":"https:\/\/www.bivaq.com\/es\/wp-json\/wp\/v2\/product_tag?post=8976"}],"curies":[{"name":"wp","href":"https:\/\/api.w.org\/{rel}","templated":true}]}}