{"id":8964,"date":"2024-04-22T15:54:51","date_gmt":"2024-04-22T15:54:51","guid":{"rendered":"https:\/\/www.bivaq.com\/product\/teja-sillon-bajo-con-reposabrazos\/"},"modified":"2024-10-22T14:50:17","modified_gmt":"2024-10-22T14:50:17","slug":"teja-sillon-bajo-con-reposabrazos","status":"publish","type":"product","link":"https:\/\/www.bivaq.com\/es\/producto\/teja-sillon-bajo-con-reposabrazos\/","title":{"rendered":"Sal sill\u00f3n bajo"},"content":{"rendered":"<p><strong>Dise\u00f1ador<\/strong>: studio bvq<br \/>\n<strong>A\u00f1o<\/strong>: 2024<\/p>\n<p>La colecci\u00f3n Sal ha sido dise\u00f1ada para ofrecer una selecci\u00f3n de sillas y sillones con un aire ligero, moderno y, sobre todo, acogedor. Para conseguirlo, hemos incorporado una estructura de acero de m\u00ednimo grosor, que aporta sensaci\u00f3n de ligereza a la vez que garantiza su durabilidad. Como complemento a esta estructura, se ha elegido un tejido que recuerda a fibras naturales como el sisal para dar a la colecci\u00f3n un aspecto natural, c\u00e1lido y artesanal. Este tejido cobra protagonismo en la colecci\u00f3n, destacando su aspecto acogedor y su excelente capacidad para soportar diferentes condiciones clim\u00e1ticas.<\/p>\n<p>\u2022 Estructura de acero. Acabado con tratamiento de cataforesis y pintura en polvo de poli\u00e9ster.<br \/>\n\u2022 Disponible con o sin reposabrazos.<br \/>\n\u2022 Ver colores de pintura disponibles en PDF Acabados.<br \/>\n\u2022 Otros art\u00edculos disponibles: funda exterior impermeable.<\/p>\n","protected":false},"excerpt":{"rendered":"<p>Dise\u00f1ador: studio bvq A\u00f1o: 2024 La colecci\u00f3n Sal ha sido dise\u00f1ada para ofrecer una selecci\u00f3n de sillas y sillones con un aire ligero, moderno y, sobre todo, acogedor. Para conseguirlo, hemos incorporado una estructura de acero de m\u00ednimo grosor, que aporta sensaci\u00f3n de ligereza a la vez que garantiza su durabilidad. Como complemento a esta [&hellip;]<\/p>\n","protected":false},"featured_media":8962,"comment_status":"closed","ping_status":"closed","template":"","meta":[],"product_brand":[],"product_cat":[479,130],"product_tag":[],"class_list":{"0":"post-8964","1":"product","2":"type-product","3":"status-publish","4":"has-post-thumbnail","6":"product_cat-sal-es","7":"product_cat-sillonbajo-es","8":"finish-white-text-10-es","10":"first","11":"instock","12":"shipping-taxable","13":"product-type-simple"},"yoast_head":"<!-- This site is optimized with the Yoast SEO plugin v26.7 - https:\/\/yoast.com\/wordpress\/plugins\/seo\/ -->\n<title>Sal sill\u00f3n bajo | BIVAQ<\/title>\n<meta name=\"description\" content=\"Dise\u00f1ador: studio bvq A\u00f1o: 2024 La colecci\u00f3n Sal ha sido dise\u00f1ada para ofrecer una selecci\u00f3n de sillas y sillones con un aire ligero, moderno y, sobre\" \/>\n<meta name=\"robots\" content=\"index, follow, max-snippet:-1, max-image-preview:large, max-video-preview:-1\" \/>\n<link rel=\"canonical\" href=\"https:\/\/www.bivaq.com\/es\/producto\/teja-sillon-bajo-con-reposabrazos\/\" \/>\n<meta property=\"og:locale\" content=\"es_ES\" \/>\n<meta property=\"og:type\" content=\"article\" \/>\n<meta property=\"og:title\" content=\"Sal sill\u00f3n bajo | BIVAQ\" \/>\n<meta property=\"og:description\" content=\"Dise\u00f1ador: studio bvq A\u00f1o: 2024 La colecci\u00f3n Sal ha sido dise\u00f1ada para ofrecer una selecci\u00f3n de sillas y sillones con un aire ligero, moderno y, sobre\" \/>\n<meta property=\"og:url\" content=\"https:\/\/www.bivaq.com\/es\/producto\/teja-sillon-bajo-con-reposabrazos\/\" \/>\n<meta property=\"og:site_name\" content=\"BIVAQ\" \/>\n<meta property=\"article:modified_time\" content=\"2024-10-22T14:50:17+00:00\" \/>\n<meta property=\"og:image\" content=\"https:\/\/www.bivaq.com\/wp-content\/uploads\/2024\/04\/Bivaq-SAL-Low-Armchair-With-Armrests-BAJA-scaled.jpg\" \/>\n\t<meta property=\"og:image:width\" content=\"2560\" \/>\n\t<meta property=\"og:image:height\" content=\"2048\" \/>\n\t<meta property=\"og:image:type\" content=\"image\/jpeg\" \/>\n<meta name=\"twitter:card\" content=\"summary_large_image\" \/>\n<meta name=\"twitter:label1\" content=\"Tiempo de lectura\" \/>\n\t<meta name=\"twitter:data1\" content=\"1 minuto\" \/>\n<script type=\"application\/ld+json\" class=\"yoast-schema-graph\">{\"@context\":\"https:\/\/schema.org\",\"@graph\":[{\"@type\":\"WebPage\",\"@id\":\"https:\/\/www.bivaq.com\/es\/producto\/teja-sillon-bajo-con-reposabrazos\/\",\"url\":\"https:\/\/www.bivaq.com\/es\/producto\/teja-sillon-bajo-con-reposabrazos\/\",\"name\":\"Sal sill\u00f3n bajo | BIVAQ\",\"isPartOf\":{\"@id\":\"https:\/\/www.bivaq.com\/es\/#website\"},\"primaryImageOfPage\":{\"@id\":\"https:\/\/www.bivaq.com\/es\/producto\/teja-sillon-bajo-con-reposabrazos\/#primaryimage\"},\"image\":{\"@id\":\"https:\/\/www.bivaq.com\/es\/producto\/teja-sillon-bajo-con-reposabrazos\/#primaryimage\"},\"thumbnailUrl\":\"https:\/\/www.bivaq.com\/wp-content\/uploads\/2024\/04\/Bivaq-SAL-Low-Armchair-With-Armrests-BAJA-scaled.jpg\",\"datePublished\":\"2024-04-22T15:54:51+00:00\",\"dateModified\":\"2024-10-22T14:50:17+00:00\",\"description\":\"Dise\u00f1ador: studio bvq A\u00f1o: 2024 La colecci\u00f3n Sal ha sido dise\u00f1ada para ofrecer una selecci\u00f3n de sillas y sillones con un aire ligero, moderno y, sobre\",\"breadcrumb\":{\"@id\":\"https:\/\/www.bivaq.com\/es\/producto\/teja-sillon-bajo-con-reposabrazos\/#breadcrumb\"},\"inLanguage\":\"es\",\"potentialAction\":[{\"@type\":\"ReadAction\",\"target\":[\"https:\/\/www.bivaq.com\/es\/producto\/teja-sillon-bajo-con-reposabrazos\/\"]}]},{\"@type\":\"ImageObject\",\"inLanguage\":\"es\",\"@id\":\"https:\/\/www.bivaq.com\/es\/producto\/teja-sillon-bajo-con-reposabrazos\/#primaryimage\",\"url\":\"https:\/\/www.bivaq.com\/wp-content\/uploads\/2024\/04\/Bivaq-SAL-Low-Armchair-With-Armrests-BAJA-scaled.jpg\",\"contentUrl\":\"https:\/\/www.bivaq.com\/wp-content\/uploads\/2024\/04\/Bivaq-SAL-Low-Armchair-With-Armrests-BAJA-scaled.jpg\",\"width\":2560,\"height\":2048,\"caption\":\"Bivaq SAL teja sill\u00f3n bajo con reposabrazos\"},{\"@type\":\"BreadcrumbList\",\"@id\":\"https:\/\/www.bivaq.com\/es\/producto\/teja-sillon-bajo-con-reposabrazos\/#breadcrumb\",\"itemListElement\":[{\"@type\":\"ListItem\",\"position\":1,\"name\":\"Home\",\"item\":\"https:\/\/www.bivaq.com\/es\/\"},{\"@type\":\"ListItem\",\"position\":2,\"name\":\"Productos\",\"item\":\"https:\/\/www.bivaq.com\/es\/shop\/\"},{\"@type\":\"ListItem\",\"position\":3,\"name\":\"Sal sill\u00f3n bajo\"}]},{\"@type\":\"WebSite\",\"@id\":\"https:\/\/www.bivaq.com\/es\/#website\",\"url\":\"https:\/\/www.bivaq.com\/es\/\",\"name\":\"Bivaq\",\"description\":\"Muebles de dise\u00f1o y accesorios para uso exterior\",\"alternateName\":\"Bivaq\",\"potentialAction\":[{\"@type\":\"SearchAction\",\"target\":{\"@type\":\"EntryPoint\",\"urlTemplate\":\"https:\/\/www.bivaq.com\/es\/?s={search_term_string}\"},\"query-input\":{\"@type\":\"PropertyValueSpecification\",\"valueRequired\":true,\"valueName\":\"search_term_string\"}}],\"inLanguage\":\"es\"}]}<\/script>\n<!-- \/ Yoast SEO plugin. -->","yoast_head_json":{"title":"Sal sill\u00f3n bajo | BIVAQ","description":"Dise\u00f1ador: studio bvq A\u00f1o: 2024 La colecci\u00f3n Sal ha sido dise\u00f1ada para ofrecer una selecci\u00f3n de sillas y sillones con un aire ligero, moderno y, sobre","robots":{"index":"index","follow":"follow","max-snippet":"max-snippet:-1","max-image-preview":"max-image-preview:large","max-video-preview":"max-video-preview:-1"},"canonical":"https:\/\/www.bivaq.com\/es\/producto\/teja-sillon-bajo-con-reposabrazos\/","og_locale":"es_ES","og_type":"article","og_title":"Sal sill\u00f3n bajo | BIVAQ","og_description":"Dise\u00f1ador: studio bvq A\u00f1o: 2024 La colecci\u00f3n Sal ha sido dise\u00f1ada para ofrecer una selecci\u00f3n de sillas y sillones con un aire ligero, moderno y, sobre","og_url":"https:\/\/www.bivaq.com\/es\/producto\/teja-sillon-bajo-con-reposabrazos\/","og_site_name":"BIVAQ","article_modified_time":"2024-10-22T14:50:17+00:00","og_image":[{"width":2560,"height":2048,"url":"https:\/\/www.bivaq.com\/wp-content\/uploads\/2024\/04\/Bivaq-SAL-Low-Armchair-With-Armrests-BAJA-scaled.jpg","type":"image\/jpeg"}],"twitter_card":"summary_large_image","twitter_misc":{"Tiempo de lectura":"1 minuto"},"schema":{"@context":"https:\/\/schema.org","@graph":[{"@type":"WebPage","@id":"https:\/\/www.bivaq.com\/es\/producto\/teja-sillon-bajo-con-reposabrazos\/","url":"https:\/\/www.bivaq.com\/es\/producto\/teja-sillon-bajo-con-reposabrazos\/","name":"Sal sill\u00f3n bajo | BIVAQ","isPartOf":{"@id":"https:\/\/www.bivaq.com\/es\/#website"},"primaryImageOfPage":{"@id":"https:\/\/www.bivaq.com\/es\/producto\/teja-sillon-bajo-con-reposabrazos\/#primaryimage"},"image":{"@id":"https:\/\/www.bivaq.com\/es\/producto\/teja-sillon-bajo-con-reposabrazos\/#primaryimage"},"thumbnailUrl":"https:\/\/www.bivaq.com\/wp-content\/uploads\/2024\/04\/Bivaq-SAL-Low-Armchair-With-Armrests-BAJA-scaled.jpg","datePublished":"2024-04-22T15:54:51+00:00","dateModified":"2024-10-22T14:50:17+00:00","description":"Dise\u00f1ador: studio bvq A\u00f1o: 2024 La colecci\u00f3n Sal ha sido dise\u00f1ada para ofrecer una selecci\u00f3n de sillas y sillones con un aire ligero, moderno y, sobre","breadcrumb":{"@id":"https:\/\/www.bivaq.com\/es\/producto\/teja-sillon-bajo-con-reposabrazos\/#breadcrumb"},"inLanguage":"es","potentialAction":[{"@type":"ReadAction","target":["https:\/\/www.bivaq.com\/es\/producto\/teja-sillon-bajo-con-reposabrazos\/"]}]},{"@type":"ImageObject","inLanguage":"es","@id":"https:\/\/www.bivaq.com\/es\/producto\/teja-sillon-bajo-con-reposabrazos\/#primaryimage","url":"https:\/\/www.bivaq.com\/wp-content\/uploads\/2024\/04\/Bivaq-SAL-Low-Armchair-With-Armrests-BAJA-scaled.jpg","contentUrl":"https:\/\/www.bivaq.com\/wp-content\/uploads\/2024\/04\/Bivaq-SAL-Low-Armchair-With-Armrests-BAJA-scaled.jpg","width":2560,"height":2048,"caption":"Bivaq SAL teja sill\u00f3n bajo con reposabrazos"},{"@type":"BreadcrumbList","@id":"https:\/\/www.bivaq.com\/es\/producto\/teja-sillon-bajo-con-reposabrazos\/#breadcrumb","itemListElement":[{"@type":"ListItem","position":1,"name":"Home","item":"https:\/\/www.bivaq.com\/es\/"},{"@type":"ListItem","position":2,"name":"Productos","item":"https:\/\/www.bivaq.com\/es\/shop\/"},{"@type":"ListItem","position":3,"name":"Sal sill\u00f3n bajo"}]},{"@type":"WebSite","@id":"https:\/\/www.bivaq.com\/es\/#website","url":"https:\/\/www.bivaq.com\/es\/","name":"Bivaq","description":"Muebles de dise\u00f1o y accesorios para uso exterior","alternateName":"Bivaq","potentialAction":[{"@type":"SearchAction","target":{"@type":"EntryPoint","urlTemplate":"https:\/\/www.bivaq.com\/es\/?s={search_term_string}"},"query-input":{"@type":"PropertyValueSpecification","valueRequired":true,"valueName":"search_term_string"}}],"inLanguage":"es"}]}},"_links":{"self":[{"href":"https:\/\/www.bivaq.com\/es\/wp-json\/wp\/v2\/product\/8964","targetHints":{"allow":["GET"]}}],"collection":[{"href":"https:\/\/www.bivaq.com\/es\/wp-json\/wp\/v2\/product"}],"about":[{"href":"https:\/\/www.bivaq.com\/es\/wp-json\/wp\/v2\/types\/product"}],"replies":[{"embeddable":true,"href":"https:\/\/www.bivaq.com\/es\/wp-json\/wp\/v2\/comments?post=8964"}],"wp:featuredmedia":[{"embeddable":true,"href":"https:\/\/www.bivaq.com\/es\/wp-json\/wp\/v2\/media\/8962"}],"wp:attachment":[{"href":"https:\/\/www.bivaq.com\/es\/wp-json\/wp\/v2\/media?parent=8964"}],"wp:term":[{"taxonomy":"product_brand","embeddable":true,"href":"https:\/\/www.bivaq.com\/es\/wp-json\/wp\/v2\/product_brand?post=8964"},{"taxonomy":"product_cat","embeddable":true,"href":"https:\/\/www.bivaq.com\/es\/wp-json\/wp\/v2\/product_cat?post=8964"},{"taxonomy":"product_tag","embeddable":true,"href":"https:\/\/www.bivaq.com\/es\/wp-json\/wp\/v2\/product_tag?post=8964"}],"curies":[{"name":"wp","href":"https:\/\/api.w.org\/{rel}","templated":true}]}}