{"id":7819,"date":"2022-10-04T11:48:17","date_gmt":"2022-10-04T11:48:17","guid":{"rendered":"https:\/\/www.bivaq.com\/product\/vint-taburete\/"},"modified":"2023-01-12T16:18:45","modified_gmt":"2023-01-12T16:18:45","slug":"vint-taburete","status":"publish","type":"product","link":"https:\/\/www.bivaq.com\/es\/producto\/vint-taburete\/","title":{"rendered":"Vint taburete"},"content":{"rendered":"<p>Dise\u00f1ador: <strong>Andr\u00e9s Bluth<\/strong><\/p>\n<p>A\u00f1o: 2013<\/p>\n<p>Las referencias est\u00e9ticas de los a\u00f1os 50 y 60 son evidentes en la colecci\u00f3n Vint. Tubos c\u00f3nicos, mezcla de secciones redondas y rectangulares; un lenguaje formal que proviene de la madera llevada al mundo del aluminio.<\/p>\n<p>As\u00ed, obtenemos un mueble neo-retro, una reinterpretaci\u00f3n de lo que ya conoc\u00edamos. Vint es capaz de convivir tanto con la arquitectura m\u00e1s minimalista como con la m\u00e1s tradicional.<a style=\"display:none;\" class=\"collapse-text\" id=\"te1631201923\" href=\"javascript:expand('#te1631201923')\">+<\/a>\n<div class=\"te_div\" id=\"te1631201923\"><script language=\"JavaScript\" type=\"text\/javascript\">expander_hide('#te1631201923');<\/script><\/p>\n<p>&#8211; Estructura fabricada con aluminio extruido y acabada con pintura de poli\u00e9ster.<br \/>\n&#8211; Cojines desenfundables.<br \/>\n&#8211; Ver tejidos y colores de pintura disponibles en PDF Acabados<br \/>\n&#8211; Otros art\u00edculos disponibles: funda exterior impermeable.<\/p>\n<p><\/div><\/p>\n","protected":false},"excerpt":{"rendered":"<p>Dise\u00f1ador: Andr\u00e9s Bluth A\u00f1o: 2013 Las referencias est\u00e9ticas de los a\u00f1os 50 y 60 son evidentes en la colecci\u00f3n Vint. Tubos c\u00f3nicos, mezcla de secciones redondas y rectangulares; un lenguaje formal que proviene de la madera llevada al mundo del aluminio. As\u00ed, obtenemos un mueble neo-retro, una reinterpretaci\u00f3n de lo que ya conoc\u00edamos. Vint es [&hellip;]<\/p>\n","protected":false},"featured_media":9752,"comment_status":"closed","ping_status":"closed","template":"","meta":[],"product_brand":[],"product_cat":[101,112],"product_tag":[],"class_list":{"0":"post-7819","1":"product","2":"type-product","3":"status-publish","4":"has-post-thumbnail","6":"product_cat-vint-es","7":"product_cat-taburete-2","8":"finish-white-text-10-es","10":"first","11":"instock","12":"shipping-taxable","13":"product-type-simple"},"yoast_head":"<!-- This site is optimized with the Yoast SEO plugin v26.7 - https:\/\/yoast.com\/wordpress\/plugins\/seo\/ -->\n<title>Vint taburete | BIVAQ<\/title>\n<meta name=\"description\" content=\"Dise\u00f1ador: Andr\u00e9s Bluth A\u00f1o: 2013 Las referencias est\u00e9ticas de los a\u00f1os 50 y 60 son evidentes en la colecci\u00f3n Vint. Tubos c\u00f3nicos, mezcla de secciones\" \/>\n<meta name=\"robots\" content=\"index, follow, max-snippet:-1, max-image-preview:large, max-video-preview:-1\" \/>\n<link rel=\"canonical\" href=\"https:\/\/www.bivaq.com\/es\/producto\/vint-taburete\/\" \/>\n<meta property=\"og:locale\" content=\"es_ES\" \/>\n<meta property=\"og:type\" content=\"article\" \/>\n<meta property=\"og:title\" content=\"Vint taburete | BIVAQ\" \/>\n<meta property=\"og:description\" content=\"Dise\u00f1ador: Andr\u00e9s Bluth A\u00f1o: 2013 Las referencias est\u00e9ticas de los a\u00f1os 50 y 60 son evidentes en la colecci\u00f3n Vint. Tubos c\u00f3nicos, mezcla de secciones\" \/>\n<meta property=\"og:url\" content=\"https:\/\/www.bivaq.com\/es\/producto\/vint-taburete\/\" \/>\n<meta property=\"og:site_name\" content=\"BIVAQ\" \/>\n<meta property=\"article:modified_time\" content=\"2023-01-12T16:18:45+00:00\" \/>\n<meta property=\"og:image\" content=\"https:\/\/www.bivaq.com\/wp-content\/uploads\/2022\/10\/Vint-barstool2-1.jpg\" \/>\n\t<meta property=\"og:image:width\" content=\"1879\" \/>\n\t<meta property=\"og:image:height\" content=\"1879\" \/>\n\t<meta property=\"og:image:type\" content=\"image\/jpeg\" \/>\n<meta name=\"twitter:card\" content=\"summary_large_image\" \/>\n<meta name=\"twitter:label1\" content=\"Tiempo de lectura\" \/>\n\t<meta name=\"twitter:data1\" content=\"1 minuto\" \/>\n<script type=\"application\/ld+json\" class=\"yoast-schema-graph\">{\"@context\":\"https:\/\/schema.org\",\"@graph\":[{\"@type\":\"WebPage\",\"@id\":\"https:\/\/www.bivaq.com\/es\/producto\/vint-taburete\/\",\"url\":\"https:\/\/www.bivaq.com\/es\/producto\/vint-taburete\/\",\"name\":\"Vint taburete | BIVAQ\",\"isPartOf\":{\"@id\":\"https:\/\/www.bivaq.com\/es\/#website\"},\"primaryImageOfPage\":{\"@id\":\"https:\/\/www.bivaq.com\/es\/producto\/vint-taburete\/#primaryimage\"},\"image\":{\"@id\":\"https:\/\/www.bivaq.com\/es\/producto\/vint-taburete\/#primaryimage\"},\"thumbnailUrl\":\"https:\/\/www.bivaq.com\/wp-content\/uploads\/2022\/10\/Vint-barstool2-1.jpg\",\"datePublished\":\"2022-10-04T11:48:17+00:00\",\"dateModified\":\"2023-01-12T16:18:45+00:00\",\"description\":\"Dise\u00f1ador: Andr\u00e9s Bluth A\u00f1o: 2013 Las referencias est\u00e9ticas de los a\u00f1os 50 y 60 son evidentes en la colecci\u00f3n Vint. Tubos c\u00f3nicos, mezcla de secciones\",\"breadcrumb\":{\"@id\":\"https:\/\/www.bivaq.com\/es\/producto\/vint-taburete\/#breadcrumb\"},\"inLanguage\":\"es\",\"potentialAction\":[{\"@type\":\"ReadAction\",\"target\":[\"https:\/\/www.bivaq.com\/es\/producto\/vint-taburete\/\"]}]},{\"@type\":\"ImageObject\",\"inLanguage\":\"es\",\"@id\":\"https:\/\/www.bivaq.com\/es\/producto\/vint-taburete\/#primaryimage\",\"url\":\"https:\/\/www.bivaq.com\/wp-content\/uploads\/2022\/10\/Vint-barstool2-1.jpg\",\"contentUrl\":\"https:\/\/www.bivaq.com\/wp-content\/uploads\/2022\/10\/Vint-barstool2-1.jpg\",\"width\":1879,\"height\":1879},{\"@type\":\"BreadcrumbList\",\"@id\":\"https:\/\/www.bivaq.com\/es\/producto\/vint-taburete\/#breadcrumb\",\"itemListElement\":[{\"@type\":\"ListItem\",\"position\":1,\"name\":\"Home\",\"item\":\"https:\/\/www.bivaq.com\/es\/\"},{\"@type\":\"ListItem\",\"position\":2,\"name\":\"Productos\",\"item\":\"https:\/\/www.bivaq.com\/es\/shop\/\"},{\"@type\":\"ListItem\",\"position\":3,\"name\":\"Vint taburete\"}]},{\"@type\":\"WebSite\",\"@id\":\"https:\/\/www.bivaq.com\/es\/#website\",\"url\":\"https:\/\/www.bivaq.com\/es\/\",\"name\":\"Bivaq\",\"description\":\"Muebles de dise\u00f1o y accesorios para uso exterior\",\"alternateName\":\"Bivaq\",\"potentialAction\":[{\"@type\":\"SearchAction\",\"target\":{\"@type\":\"EntryPoint\",\"urlTemplate\":\"https:\/\/www.bivaq.com\/es\/?s={search_term_string}\"},\"query-input\":{\"@type\":\"PropertyValueSpecification\",\"valueRequired\":true,\"valueName\":\"search_term_string\"}}],\"inLanguage\":\"es\"}]}<\/script>\n<!-- \/ Yoast SEO plugin. -->","yoast_head_json":{"title":"Vint taburete | BIVAQ","description":"Dise\u00f1ador: Andr\u00e9s Bluth A\u00f1o: 2013 Las referencias est\u00e9ticas de los a\u00f1os 50 y 60 son evidentes en la colecci\u00f3n Vint. Tubos c\u00f3nicos, mezcla de secciones","robots":{"index":"index","follow":"follow","max-snippet":"max-snippet:-1","max-image-preview":"max-image-preview:large","max-video-preview":"max-video-preview:-1"},"canonical":"https:\/\/www.bivaq.com\/es\/producto\/vint-taburete\/","og_locale":"es_ES","og_type":"article","og_title":"Vint taburete | BIVAQ","og_description":"Dise\u00f1ador: Andr\u00e9s Bluth A\u00f1o: 2013 Las referencias est\u00e9ticas de los a\u00f1os 50 y 60 son evidentes en la colecci\u00f3n Vint. Tubos c\u00f3nicos, mezcla de secciones","og_url":"https:\/\/www.bivaq.com\/es\/producto\/vint-taburete\/","og_site_name":"BIVAQ","article_modified_time":"2023-01-12T16:18:45+00:00","og_image":[{"width":1879,"height":1879,"url":"https:\/\/www.bivaq.com\/wp-content\/uploads\/2022\/10\/Vint-barstool2-1.jpg","type":"image\/jpeg"}],"twitter_card":"summary_large_image","twitter_misc":{"Tiempo de lectura":"1 minuto"},"schema":{"@context":"https:\/\/schema.org","@graph":[{"@type":"WebPage","@id":"https:\/\/www.bivaq.com\/es\/producto\/vint-taburete\/","url":"https:\/\/www.bivaq.com\/es\/producto\/vint-taburete\/","name":"Vint taburete | BIVAQ","isPartOf":{"@id":"https:\/\/www.bivaq.com\/es\/#website"},"primaryImageOfPage":{"@id":"https:\/\/www.bivaq.com\/es\/producto\/vint-taburete\/#primaryimage"},"image":{"@id":"https:\/\/www.bivaq.com\/es\/producto\/vint-taburete\/#primaryimage"},"thumbnailUrl":"https:\/\/www.bivaq.com\/wp-content\/uploads\/2022\/10\/Vint-barstool2-1.jpg","datePublished":"2022-10-04T11:48:17+00:00","dateModified":"2023-01-12T16:18:45+00:00","description":"Dise\u00f1ador: Andr\u00e9s Bluth A\u00f1o: 2013 Las referencias est\u00e9ticas de los a\u00f1os 50 y 60 son evidentes en la colecci\u00f3n Vint. Tubos c\u00f3nicos, mezcla de secciones","breadcrumb":{"@id":"https:\/\/www.bivaq.com\/es\/producto\/vint-taburete\/#breadcrumb"},"inLanguage":"es","potentialAction":[{"@type":"ReadAction","target":["https:\/\/www.bivaq.com\/es\/producto\/vint-taburete\/"]}]},{"@type":"ImageObject","inLanguage":"es","@id":"https:\/\/www.bivaq.com\/es\/producto\/vint-taburete\/#primaryimage","url":"https:\/\/www.bivaq.com\/wp-content\/uploads\/2022\/10\/Vint-barstool2-1.jpg","contentUrl":"https:\/\/www.bivaq.com\/wp-content\/uploads\/2022\/10\/Vint-barstool2-1.jpg","width":1879,"height":1879},{"@type":"BreadcrumbList","@id":"https:\/\/www.bivaq.com\/es\/producto\/vint-taburete\/#breadcrumb","itemListElement":[{"@type":"ListItem","position":1,"name":"Home","item":"https:\/\/www.bivaq.com\/es\/"},{"@type":"ListItem","position":2,"name":"Productos","item":"https:\/\/www.bivaq.com\/es\/shop\/"},{"@type":"ListItem","position":3,"name":"Vint taburete"}]},{"@type":"WebSite","@id":"https:\/\/www.bivaq.com\/es\/#website","url":"https:\/\/www.bivaq.com\/es\/","name":"Bivaq","description":"Muebles de dise\u00f1o y accesorios para uso exterior","alternateName":"Bivaq","potentialAction":[{"@type":"SearchAction","target":{"@type":"EntryPoint","urlTemplate":"https:\/\/www.bivaq.com\/es\/?s={search_term_string}"},"query-input":{"@type":"PropertyValueSpecification","valueRequired":true,"valueName":"search_term_string"}}],"inLanguage":"es"}]}},"_links":{"self":[{"href":"https:\/\/www.bivaq.com\/es\/wp-json\/wp\/v2\/product\/7819","targetHints":{"allow":["GET"]}}],"collection":[{"href":"https:\/\/www.bivaq.com\/es\/wp-json\/wp\/v2\/product"}],"about":[{"href":"https:\/\/www.bivaq.com\/es\/wp-json\/wp\/v2\/types\/product"}],"replies":[{"embeddable":true,"href":"https:\/\/www.bivaq.com\/es\/wp-json\/wp\/v2\/comments?post=7819"}],"wp:featuredmedia":[{"embeddable":true,"href":"https:\/\/www.bivaq.com\/es\/wp-json\/wp\/v2\/media\/9752"}],"wp:attachment":[{"href":"https:\/\/www.bivaq.com\/es\/wp-json\/wp\/v2\/media?parent=7819"}],"wp:term":[{"taxonomy":"product_brand","embeddable":true,"href":"https:\/\/www.bivaq.com\/es\/wp-json\/wp\/v2\/product_brand?post=7819"},{"taxonomy":"product_cat","embeddable":true,"href":"https:\/\/www.bivaq.com\/es\/wp-json\/wp\/v2\/product_cat?post=7819"},{"taxonomy":"product_tag","embeddable":true,"href":"https:\/\/www.bivaq.com\/es\/wp-json\/wp\/v2\/product_tag?post=7819"}],"curies":[{"name":"wp","href":"https:\/\/api.w.org\/{rel}","templated":true}]}}