{"id":7812,"date":"2023-01-09T16:28:51","date_gmt":"2023-01-09T16:28:51","guid":{"rendered":"https:\/\/www.bivaq.com\/product\/teja-taburete-2\/"},"modified":"2023-01-12T12:38:44","modified_gmt":"2023-01-12T12:38:44","slug":"teja-taburete-2","status":"publish","type":"product","link":"https:\/\/www.bivaq.com\/es\/producto\/teja-taburete-2\/","title":{"rendered":"Teja taburete"},"content":{"rendered":"<p>Dise\u00f1ador: <strong><a href=\"http:\/\/lamamba.es\/\">La Mamba Studio<\/a><\/strong><\/p>\n<p>A\u00f1o: 2020<\/p>\n<p>Teja nace de la observaci\u00f3n de las diferentes texturas que podemos encontrar en el paisaje mediterr\u00e1neo. La madera, la cuerda y el metal suelen estar presentes en estos espacios, materiales que sirven de inspiraci\u00f3n en esta colecci\u00f3n as\u00ed como los planos superpuestos de sus cubiertas que caracterizan las terrazas de esta zona geogr\u00e1fica. <a style=\"display:none;\" class=\"collapse-text\" id=\"te866180295\" href=\"javascript:expand('#te866180295')\">+<\/a>\n<div class=\"te_div\" id=\"te866180295\"><script language=\"JavaScript\" type=\"text\/javascript\">expander_hide('#te866180295');<\/script><\/p>\n<p>&#8211; Estructura producida con aluminio extruido y acabada con pintura de poli\u00e9ster.<br \/>\n&#8211; La cuerda marina que recubre el producto est\u00e1 fabricada con hilo de poli\u00e9ster y cuerda de nylon en el interior, para garantizar una mayor durabilidad y resistencia a la intemperie.<br \/>\n&#8211; Cojines desmontables.<br \/>\n&#8211; Ver tejidos y colores de pintura disponibles en el PDF Acabados<br \/>\n&#8211; Otros art\u00edculos disponibles: funda exterior impermeable<\/p>\n<p><\/div><\/p>\n","protected":false},"excerpt":{"rendered":"<p>Dise\u00f1ador: La Mamba Studio A\u00f1o: 2020 Teja nace de la observaci\u00f3n de las diferentes texturas que podemos encontrar en el paisaje mediterr\u00e1neo. La madera, la cuerda y el metal suelen estar presentes en estos espacios, materiales que sirven de inspiraci\u00f3n en esta colecci\u00f3n as\u00ed como los planos superpuestos de sus cubiertas que caracterizan las terrazas [&hellip;]<\/p>\n","protected":false},"featured_media":7757,"comment_status":"closed","ping_status":"closed","template":"","meta":[],"product_brand":[],"product_cat":[123,112],"product_tag":[435],"class_list":{"0":"post-7812","1":"product","2":"type-product","3":"status-publish","4":"has-post-thumbnail","6":"product_cat-teja-es","7":"product_cat-taburete-2","8":"product_tag-nuevo","9":"finish-white-text-10-es","11":"first","12":"instock","13":"shipping-taxable","14":"product-type-simple"},"yoast_head":"<!-- This site is optimized with the Yoast SEO plugin v26.7 - https:\/\/yoast.com\/wordpress\/plugins\/seo\/ -->\n<title>Teja taburete | BIVAQ<\/title>\n<meta name=\"description\" content=\"Dise\u00f1ador: La Mamba Studio A\u00f1o: 2020 Teja nace de la observaci\u00f3n de las diferentes texturas que podemos encontrar en el paisaje mediterr\u00e1neo. La madera,\" \/>\n<meta name=\"robots\" content=\"index, follow, max-snippet:-1, max-image-preview:large, max-video-preview:-1\" \/>\n<link rel=\"canonical\" href=\"https:\/\/www.bivaq.com\/es\/producto\/teja-taburete-2\/\" \/>\n<meta property=\"og:locale\" content=\"es_ES\" \/>\n<meta property=\"og:type\" content=\"article\" \/>\n<meta property=\"og:title\" content=\"Teja taburete | BIVAQ\" \/>\n<meta property=\"og:description\" content=\"Dise\u00f1ador: La Mamba Studio A\u00f1o: 2020 Teja nace de la observaci\u00f3n de las diferentes texturas que podemos encontrar en el paisaje mediterr\u00e1neo. La madera,\" \/>\n<meta property=\"og:url\" content=\"https:\/\/www.bivaq.com\/es\/producto\/teja-taburete-2\/\" \/>\n<meta property=\"og:site_name\" content=\"BIVAQ\" \/>\n<meta property=\"article:modified_time\" content=\"2023-01-12T12:38:44+00:00\" \/>\n<meta property=\"og:image\" content=\"https:\/\/www.bivaq.com\/wp-content\/uploads\/2023\/01\/Sin-titulo-1.jpg\" \/>\n\t<meta property=\"og:image:width\" content=\"1800\" \/>\n\t<meta property=\"og:image:height\" content=\"1200\" \/>\n\t<meta property=\"og:image:type\" content=\"image\/jpeg\" \/>\n<meta name=\"twitter:card\" content=\"summary_large_image\" \/>\n<meta name=\"twitter:label1\" content=\"Tiempo de lectura\" \/>\n\t<meta name=\"twitter:data1\" content=\"1 minuto\" \/>\n<script type=\"application\/ld+json\" class=\"yoast-schema-graph\">{\"@context\":\"https:\/\/schema.org\",\"@graph\":[{\"@type\":\"WebPage\",\"@id\":\"https:\/\/www.bivaq.com\/es\/producto\/teja-taburete-2\/\",\"url\":\"https:\/\/www.bivaq.com\/es\/producto\/teja-taburete-2\/\",\"name\":\"Teja taburete | BIVAQ\",\"isPartOf\":{\"@id\":\"https:\/\/www.bivaq.com\/es\/#website\"},\"primaryImageOfPage\":{\"@id\":\"https:\/\/www.bivaq.com\/es\/producto\/teja-taburete-2\/#primaryimage\"},\"image\":{\"@id\":\"https:\/\/www.bivaq.com\/es\/producto\/teja-taburete-2\/#primaryimage\"},\"thumbnailUrl\":\"https:\/\/www.bivaq.com\/wp-content\/uploads\/2023\/01\/Sin-titulo-1.jpg\",\"datePublished\":\"2023-01-09T16:28:51+00:00\",\"dateModified\":\"2023-01-12T12:38:44+00:00\",\"description\":\"Dise\u00f1ador: La Mamba Studio A\u00f1o: 2020 Teja nace de la observaci\u00f3n de las diferentes texturas que podemos encontrar en el paisaje mediterr\u00e1neo. La madera,\",\"breadcrumb\":{\"@id\":\"https:\/\/www.bivaq.com\/es\/producto\/teja-taburete-2\/#breadcrumb\"},\"inLanguage\":\"es\",\"potentialAction\":[{\"@type\":\"ReadAction\",\"target\":[\"https:\/\/www.bivaq.com\/es\/producto\/teja-taburete-2\/\"]}]},{\"@type\":\"ImageObject\",\"inLanguage\":\"es\",\"@id\":\"https:\/\/www.bivaq.com\/es\/producto\/teja-taburete-2\/#primaryimage\",\"url\":\"https:\/\/www.bivaq.com\/wp-content\/uploads\/2023\/01\/Sin-titulo-1.jpg\",\"contentUrl\":\"https:\/\/www.bivaq.com\/wp-content\/uploads\/2023\/01\/Sin-titulo-1.jpg\",\"width\":1800,\"height\":1200},{\"@type\":\"BreadcrumbList\",\"@id\":\"https:\/\/www.bivaq.com\/es\/producto\/teja-taburete-2\/#breadcrumb\",\"itemListElement\":[{\"@type\":\"ListItem\",\"position\":1,\"name\":\"Home\",\"item\":\"https:\/\/www.bivaq.com\/es\/\"},{\"@type\":\"ListItem\",\"position\":2,\"name\":\"Productos\",\"item\":\"https:\/\/www.bivaq.com\/es\/shop\/\"},{\"@type\":\"ListItem\",\"position\":3,\"name\":\"Teja taburete\"}]},{\"@type\":\"WebSite\",\"@id\":\"https:\/\/www.bivaq.com\/es\/#website\",\"url\":\"https:\/\/www.bivaq.com\/es\/\",\"name\":\"Bivaq\",\"description\":\"Muebles de dise\u00f1o y accesorios para uso exterior\",\"alternateName\":\"Bivaq\",\"potentialAction\":[{\"@type\":\"SearchAction\",\"target\":{\"@type\":\"EntryPoint\",\"urlTemplate\":\"https:\/\/www.bivaq.com\/es\/?s={search_term_string}\"},\"query-input\":{\"@type\":\"PropertyValueSpecification\",\"valueRequired\":true,\"valueName\":\"search_term_string\"}}],\"inLanguage\":\"es\"}]}<\/script>\n<!-- \/ Yoast SEO plugin. -->","yoast_head_json":{"title":"Teja taburete | BIVAQ","description":"Dise\u00f1ador: La Mamba Studio A\u00f1o: 2020 Teja nace de la observaci\u00f3n de las diferentes texturas que podemos encontrar en el paisaje mediterr\u00e1neo. La madera,","robots":{"index":"index","follow":"follow","max-snippet":"max-snippet:-1","max-image-preview":"max-image-preview:large","max-video-preview":"max-video-preview:-1"},"canonical":"https:\/\/www.bivaq.com\/es\/producto\/teja-taburete-2\/","og_locale":"es_ES","og_type":"article","og_title":"Teja taburete | BIVAQ","og_description":"Dise\u00f1ador: La Mamba Studio A\u00f1o: 2020 Teja nace de la observaci\u00f3n de las diferentes texturas que podemos encontrar en el paisaje mediterr\u00e1neo. La madera,","og_url":"https:\/\/www.bivaq.com\/es\/producto\/teja-taburete-2\/","og_site_name":"BIVAQ","article_modified_time":"2023-01-12T12:38:44+00:00","og_image":[{"width":1800,"height":1200,"url":"https:\/\/www.bivaq.com\/wp-content\/uploads\/2023\/01\/Sin-titulo-1.jpg","type":"image\/jpeg"}],"twitter_card":"summary_large_image","twitter_misc":{"Tiempo de lectura":"1 minuto"},"schema":{"@context":"https:\/\/schema.org","@graph":[{"@type":"WebPage","@id":"https:\/\/www.bivaq.com\/es\/producto\/teja-taburete-2\/","url":"https:\/\/www.bivaq.com\/es\/producto\/teja-taburete-2\/","name":"Teja taburete | BIVAQ","isPartOf":{"@id":"https:\/\/www.bivaq.com\/es\/#website"},"primaryImageOfPage":{"@id":"https:\/\/www.bivaq.com\/es\/producto\/teja-taburete-2\/#primaryimage"},"image":{"@id":"https:\/\/www.bivaq.com\/es\/producto\/teja-taburete-2\/#primaryimage"},"thumbnailUrl":"https:\/\/www.bivaq.com\/wp-content\/uploads\/2023\/01\/Sin-titulo-1.jpg","datePublished":"2023-01-09T16:28:51+00:00","dateModified":"2023-01-12T12:38:44+00:00","description":"Dise\u00f1ador: La Mamba Studio A\u00f1o: 2020 Teja nace de la observaci\u00f3n de las diferentes texturas que podemos encontrar en el paisaje mediterr\u00e1neo. La madera,","breadcrumb":{"@id":"https:\/\/www.bivaq.com\/es\/producto\/teja-taburete-2\/#breadcrumb"},"inLanguage":"es","potentialAction":[{"@type":"ReadAction","target":["https:\/\/www.bivaq.com\/es\/producto\/teja-taburete-2\/"]}]},{"@type":"ImageObject","inLanguage":"es","@id":"https:\/\/www.bivaq.com\/es\/producto\/teja-taburete-2\/#primaryimage","url":"https:\/\/www.bivaq.com\/wp-content\/uploads\/2023\/01\/Sin-titulo-1.jpg","contentUrl":"https:\/\/www.bivaq.com\/wp-content\/uploads\/2023\/01\/Sin-titulo-1.jpg","width":1800,"height":1200},{"@type":"BreadcrumbList","@id":"https:\/\/www.bivaq.com\/es\/producto\/teja-taburete-2\/#breadcrumb","itemListElement":[{"@type":"ListItem","position":1,"name":"Home","item":"https:\/\/www.bivaq.com\/es\/"},{"@type":"ListItem","position":2,"name":"Productos","item":"https:\/\/www.bivaq.com\/es\/shop\/"},{"@type":"ListItem","position":3,"name":"Teja taburete"}]},{"@type":"WebSite","@id":"https:\/\/www.bivaq.com\/es\/#website","url":"https:\/\/www.bivaq.com\/es\/","name":"Bivaq","description":"Muebles de dise\u00f1o y accesorios para uso exterior","alternateName":"Bivaq","potentialAction":[{"@type":"SearchAction","target":{"@type":"EntryPoint","urlTemplate":"https:\/\/www.bivaq.com\/es\/?s={search_term_string}"},"query-input":{"@type":"PropertyValueSpecification","valueRequired":true,"valueName":"search_term_string"}}],"inLanguage":"es"}]}},"_links":{"self":[{"href":"https:\/\/www.bivaq.com\/es\/wp-json\/wp\/v2\/product\/7812","targetHints":{"allow":["GET"]}}],"collection":[{"href":"https:\/\/www.bivaq.com\/es\/wp-json\/wp\/v2\/product"}],"about":[{"href":"https:\/\/www.bivaq.com\/es\/wp-json\/wp\/v2\/types\/product"}],"replies":[{"embeddable":true,"href":"https:\/\/www.bivaq.com\/es\/wp-json\/wp\/v2\/comments?post=7812"}],"wp:featuredmedia":[{"embeddable":true,"href":"https:\/\/www.bivaq.com\/es\/wp-json\/wp\/v2\/media\/7757"}],"wp:attachment":[{"href":"https:\/\/www.bivaq.com\/es\/wp-json\/wp\/v2\/media?parent=7812"}],"wp:term":[{"taxonomy":"product_brand","embeddable":true,"href":"https:\/\/www.bivaq.com\/es\/wp-json\/wp\/v2\/product_brand?post=7812"},{"taxonomy":"product_cat","embeddable":true,"href":"https:\/\/www.bivaq.com\/es\/wp-json\/wp\/v2\/product_cat?post=7812"},{"taxonomy":"product_tag","embeddable":true,"href":"https:\/\/www.bivaq.com\/es\/wp-json\/wp\/v2\/product_tag?post=7812"}],"curies":[{"name":"wp","href":"https:\/\/api.w.org\/{rel}","templated":true}]}}