{"id":7811,"date":"2023-01-10T13:18:21","date_gmt":"2023-01-10T13:18:21","guid":{"rendered":"https:\/\/www.bivaq.com\/product\/garda-mesa-comedor\/"},"modified":"2023-06-08T10:25:30","modified_gmt":"2023-06-08T10:25:30","slug":"garda-mesa-comedor","status":"publish","type":"product","link":"https:\/\/www.bivaq.com\/es\/producto\/garda-mesa-comedor\/","title":{"rendered":"Garda mesa comedor"},"content":{"rendered":"<p>Dise\u00f1ador: <a href=\"https:\/\/joangaspar.com\/\">Joan Gaspar<\/a><\/p>\n<p>A\u00f1o: 2022<\/p>\n<p>La colecci\u00f3n Garda se inspira en los grandes iconos de la arquitectura constructivista y racionalista. Prescinde de todo elemento decorativo innecesario y se centra en la comodidad, la ligereza y el tacto. Sus l\u00edneas funcionales y aparentemente sencillas crean una colecci\u00f3n pensada sobre todo para ser vivida. Sobre todo, una colecci\u00f3n adaptable a diferentes conceptos de espacio, de inspiraci\u00f3n contempor\u00e1nea, pero de formas c\u00e1lidas y amables. <a style=\"display:none;\" class=\"collapse-text\" id=\"te754965624\" href=\"javascript:expand('#te754965624')\">+<\/a>\n<div class=\"te_div\" id=\"te754965624\"><script language=\"JavaScript\" type=\"text\/javascript\">expander_hide('#te754965624');<\/script><\/p>\n<section id=\"section01\" class=\"section current-vp\">\n<div class=\"summary entry-summary\">\n<div id=\"te687392243\" class=\"te_div\">\n<p>\u2013 Estructura fabricada con tubo redondo de aluminio extrusionado y acabado con pintura poli\u00e9ster.<br \/>\n\u2013 Ver tableros y colores de pintura disponibles en PDF Acabados. <\/div><\/p>\n<\/div>\n<p>&nbsp;<\/p>\n<\/div>\n<\/section>\n","protected":false},"excerpt":{"rendered":"<p>Dise\u00f1ador: Joan Gaspar A\u00f1o: 2022 La colecci\u00f3n Garda se inspira en los grandes iconos de la arquitectura constructivista y racionalista. Prescinde de todo elemento decorativo innecesario y se centra en la comodidad, la ligereza y el tacto. Sus l\u00edneas funcionales y aparentemente sencillas crean una colecci\u00f3n pensada sobre todo para ser vivida. Sobre todo, una [&hellip;]<\/p>\n","protected":false},"featured_media":7777,"comment_status":"closed","ping_status":"closed","template":"","meta":[],"product_brand":[],"product_cat":[234,114],"product_tag":[435],"class_list":{"0":"post-7811","1":"product","2":"type-product","3":"status-publish","4":"has-post-thumbnail","6":"product_cat-garda-es","7":"product_cat-mesa-2","8":"product_tag-nuevo","9":"finish-white-text-10-es","11":"first","12":"instock","13":"shipping-taxable","14":"product-type-simple"},"yoast_head":"<!-- This site is optimized with the Yoast SEO plugin v26.7 - https:\/\/yoast.com\/wordpress\/plugins\/seo\/ -->\n<title>Garda mesa comedor | BIVAQ<\/title>\n<meta name=\"description\" content=\"Dise\u00f1ador: Joan Gaspar A\u00f1o: 2022 La colecci\u00f3n Garda se inspira en los grandes iconos de la arquitectura constructivista y racionalista. Prescinde de todo\" \/>\n<meta name=\"robots\" content=\"index, follow, max-snippet:-1, max-image-preview:large, max-video-preview:-1\" \/>\n<link rel=\"canonical\" href=\"https:\/\/www.bivaq.com\/es\/producto\/garda-mesa-comedor\/\" \/>\n<meta property=\"og:locale\" content=\"es_ES\" \/>\n<meta property=\"og:type\" content=\"article\" \/>\n<meta property=\"og:title\" content=\"Garda mesa comedor | BIVAQ\" \/>\n<meta property=\"og:description\" content=\"Dise\u00f1ador: Joan Gaspar A\u00f1o: 2022 La colecci\u00f3n Garda se inspira en los grandes iconos de la arquitectura constructivista y racionalista. Prescinde de todo\" \/>\n<meta property=\"og:url\" content=\"https:\/\/www.bivaq.com\/es\/producto\/garda-mesa-comedor\/\" \/>\n<meta property=\"og:site_name\" content=\"BIVAQ\" \/>\n<meta property=\"article:modified_time\" content=\"2023-06-08T10:25:30+00:00\" \/>\n<meta property=\"og:image\" content=\"https:\/\/www.bivaq.com\/wp-content\/uploads\/2023\/01\/Garda-dining-table-aluminum-top-300dpi-scaled.jpg\" \/>\n\t<meta property=\"og:image:width\" content=\"2560\" \/>\n\t<meta property=\"og:image:height\" content=\"2560\" \/>\n\t<meta property=\"og:image:type\" content=\"image\/jpeg\" \/>\n<meta name=\"twitter:card\" content=\"summary_large_image\" \/>\n<meta name=\"twitter:label1\" content=\"Tiempo de lectura\" \/>\n\t<meta name=\"twitter:data1\" content=\"1 minuto\" \/>\n<script type=\"application\/ld+json\" class=\"yoast-schema-graph\">{\"@context\":\"https:\/\/schema.org\",\"@graph\":[{\"@type\":\"WebPage\",\"@id\":\"https:\/\/www.bivaq.com\/es\/producto\/garda-mesa-comedor\/\",\"url\":\"https:\/\/www.bivaq.com\/es\/producto\/garda-mesa-comedor\/\",\"name\":\"Garda mesa comedor | BIVAQ\",\"isPartOf\":{\"@id\":\"https:\/\/www.bivaq.com\/es\/#website\"},\"primaryImageOfPage\":{\"@id\":\"https:\/\/www.bivaq.com\/es\/producto\/garda-mesa-comedor\/#primaryimage\"},\"image\":{\"@id\":\"https:\/\/www.bivaq.com\/es\/producto\/garda-mesa-comedor\/#primaryimage\"},\"thumbnailUrl\":\"https:\/\/www.bivaq.com\/wp-content\/uploads\/2023\/01\/Garda-dining-table-aluminum-top-300dpi-scaled.jpg\",\"datePublished\":\"2023-01-10T13:18:21+00:00\",\"dateModified\":\"2023-06-08T10:25:30+00:00\",\"description\":\"Dise\u00f1ador: Joan Gaspar A\u00f1o: 2022 La colecci\u00f3n Garda se inspira en los grandes iconos de la arquitectura constructivista y racionalista. Prescinde de todo\",\"breadcrumb\":{\"@id\":\"https:\/\/www.bivaq.com\/es\/producto\/garda-mesa-comedor\/#breadcrumb\"},\"inLanguage\":\"es\",\"potentialAction\":[{\"@type\":\"ReadAction\",\"target\":[\"https:\/\/www.bivaq.com\/es\/producto\/garda-mesa-comedor\/\"]}]},{\"@type\":\"ImageObject\",\"inLanguage\":\"es\",\"@id\":\"https:\/\/www.bivaq.com\/es\/producto\/garda-mesa-comedor\/#primaryimage\",\"url\":\"https:\/\/www.bivaq.com\/wp-content\/uploads\/2023\/01\/Garda-dining-table-aluminum-top-300dpi-scaled.jpg\",\"contentUrl\":\"https:\/\/www.bivaq.com\/wp-content\/uploads\/2023\/01\/Garda-dining-table-aluminum-top-300dpi-scaled.jpg\",\"width\":2560,\"height\":2560},{\"@type\":\"BreadcrumbList\",\"@id\":\"https:\/\/www.bivaq.com\/es\/producto\/garda-mesa-comedor\/#breadcrumb\",\"itemListElement\":[{\"@type\":\"ListItem\",\"position\":1,\"name\":\"Home\",\"item\":\"https:\/\/www.bivaq.com\/es\/\"},{\"@type\":\"ListItem\",\"position\":2,\"name\":\"Productos\",\"item\":\"https:\/\/www.bivaq.com\/es\/shop\/\"},{\"@type\":\"ListItem\",\"position\":3,\"name\":\"Garda mesa comedor\"}]},{\"@type\":\"WebSite\",\"@id\":\"https:\/\/www.bivaq.com\/es\/#website\",\"url\":\"https:\/\/www.bivaq.com\/es\/\",\"name\":\"Bivaq\",\"description\":\"Muebles de dise\u00f1o y accesorios para uso exterior\",\"alternateName\":\"Bivaq\",\"potentialAction\":[{\"@type\":\"SearchAction\",\"target\":{\"@type\":\"EntryPoint\",\"urlTemplate\":\"https:\/\/www.bivaq.com\/es\/?s={search_term_string}\"},\"query-input\":{\"@type\":\"PropertyValueSpecification\",\"valueRequired\":true,\"valueName\":\"search_term_string\"}}],\"inLanguage\":\"es\"}]}<\/script>\n<!-- \/ Yoast SEO plugin. -->","yoast_head_json":{"title":"Garda mesa comedor | BIVAQ","description":"Dise\u00f1ador: Joan Gaspar A\u00f1o: 2022 La colecci\u00f3n Garda se inspira en los grandes iconos de la arquitectura constructivista y racionalista. Prescinde de todo","robots":{"index":"index","follow":"follow","max-snippet":"max-snippet:-1","max-image-preview":"max-image-preview:large","max-video-preview":"max-video-preview:-1"},"canonical":"https:\/\/www.bivaq.com\/es\/producto\/garda-mesa-comedor\/","og_locale":"es_ES","og_type":"article","og_title":"Garda mesa comedor | BIVAQ","og_description":"Dise\u00f1ador: Joan Gaspar A\u00f1o: 2022 La colecci\u00f3n Garda se inspira en los grandes iconos de la arquitectura constructivista y racionalista. Prescinde de todo","og_url":"https:\/\/www.bivaq.com\/es\/producto\/garda-mesa-comedor\/","og_site_name":"BIVAQ","article_modified_time":"2023-06-08T10:25:30+00:00","og_image":[{"width":2560,"height":2560,"url":"https:\/\/www.bivaq.com\/wp-content\/uploads\/2023\/01\/Garda-dining-table-aluminum-top-300dpi-scaled.jpg","type":"image\/jpeg"}],"twitter_card":"summary_large_image","twitter_misc":{"Tiempo de lectura":"1 minuto"},"schema":{"@context":"https:\/\/schema.org","@graph":[{"@type":"WebPage","@id":"https:\/\/www.bivaq.com\/es\/producto\/garda-mesa-comedor\/","url":"https:\/\/www.bivaq.com\/es\/producto\/garda-mesa-comedor\/","name":"Garda mesa comedor | BIVAQ","isPartOf":{"@id":"https:\/\/www.bivaq.com\/es\/#website"},"primaryImageOfPage":{"@id":"https:\/\/www.bivaq.com\/es\/producto\/garda-mesa-comedor\/#primaryimage"},"image":{"@id":"https:\/\/www.bivaq.com\/es\/producto\/garda-mesa-comedor\/#primaryimage"},"thumbnailUrl":"https:\/\/www.bivaq.com\/wp-content\/uploads\/2023\/01\/Garda-dining-table-aluminum-top-300dpi-scaled.jpg","datePublished":"2023-01-10T13:18:21+00:00","dateModified":"2023-06-08T10:25:30+00:00","description":"Dise\u00f1ador: Joan Gaspar A\u00f1o: 2022 La colecci\u00f3n Garda se inspira en los grandes iconos de la arquitectura constructivista y racionalista. Prescinde de todo","breadcrumb":{"@id":"https:\/\/www.bivaq.com\/es\/producto\/garda-mesa-comedor\/#breadcrumb"},"inLanguage":"es","potentialAction":[{"@type":"ReadAction","target":["https:\/\/www.bivaq.com\/es\/producto\/garda-mesa-comedor\/"]}]},{"@type":"ImageObject","inLanguage":"es","@id":"https:\/\/www.bivaq.com\/es\/producto\/garda-mesa-comedor\/#primaryimage","url":"https:\/\/www.bivaq.com\/wp-content\/uploads\/2023\/01\/Garda-dining-table-aluminum-top-300dpi-scaled.jpg","contentUrl":"https:\/\/www.bivaq.com\/wp-content\/uploads\/2023\/01\/Garda-dining-table-aluminum-top-300dpi-scaled.jpg","width":2560,"height":2560},{"@type":"BreadcrumbList","@id":"https:\/\/www.bivaq.com\/es\/producto\/garda-mesa-comedor\/#breadcrumb","itemListElement":[{"@type":"ListItem","position":1,"name":"Home","item":"https:\/\/www.bivaq.com\/es\/"},{"@type":"ListItem","position":2,"name":"Productos","item":"https:\/\/www.bivaq.com\/es\/shop\/"},{"@type":"ListItem","position":3,"name":"Garda mesa comedor"}]},{"@type":"WebSite","@id":"https:\/\/www.bivaq.com\/es\/#website","url":"https:\/\/www.bivaq.com\/es\/","name":"Bivaq","description":"Muebles de dise\u00f1o y accesorios para uso exterior","alternateName":"Bivaq","potentialAction":[{"@type":"SearchAction","target":{"@type":"EntryPoint","urlTemplate":"https:\/\/www.bivaq.com\/es\/?s={search_term_string}"},"query-input":{"@type":"PropertyValueSpecification","valueRequired":true,"valueName":"search_term_string"}}],"inLanguage":"es"}]}},"_links":{"self":[{"href":"https:\/\/www.bivaq.com\/es\/wp-json\/wp\/v2\/product\/7811","targetHints":{"allow":["GET"]}}],"collection":[{"href":"https:\/\/www.bivaq.com\/es\/wp-json\/wp\/v2\/product"}],"about":[{"href":"https:\/\/www.bivaq.com\/es\/wp-json\/wp\/v2\/types\/product"}],"replies":[{"embeddable":true,"href":"https:\/\/www.bivaq.com\/es\/wp-json\/wp\/v2\/comments?post=7811"}],"wp:featuredmedia":[{"embeddable":true,"href":"https:\/\/www.bivaq.com\/es\/wp-json\/wp\/v2\/media\/7777"}],"wp:attachment":[{"href":"https:\/\/www.bivaq.com\/es\/wp-json\/wp\/v2\/media?parent=7811"}],"wp:term":[{"taxonomy":"product_brand","embeddable":true,"href":"https:\/\/www.bivaq.com\/es\/wp-json\/wp\/v2\/product_brand?post=7811"},{"taxonomy":"product_cat","embeddable":true,"href":"https:\/\/www.bivaq.com\/es\/wp-json\/wp\/v2\/product_cat?post=7811"},{"taxonomy":"product_tag","embeddable":true,"href":"https:\/\/www.bivaq.com\/es\/wp-json\/wp\/v2\/product_tag?post=7811"}],"curies":[{"name":"wp","href":"https:\/\/api.w.org\/{rel}","templated":true}]}}