{"id":6110,"date":"2022-03-09T17:48:07","date_gmt":"2022-03-09T17:48:07","guid":{"rendered":"https:\/\/www.bivaq.com\/?post_type=product&#038;p=6110"},"modified":"2025-01-13T13:24:06","modified_gmt":"2025-01-13T13:24:06","slug":"garda-reposapies","status":"publish","type":"product","link":"https:\/\/www.bivaq.com\/es\/producto\/garda-reposapies\/","title":{"rendered":"Garda reposapi\u00e9s"},"content":{"rendered":"<p><strong>Dise\u00f1ador: <a href=\"https:\/\/joangaspar.com\/\">Joan Gaspar<\/a><\/strong><\/p>\n<p><strong>A\u00f1o: 2022<\/strong><\/p>\n<p>La colecci\u00f3n Garda se inspira en los grandes iconos de la arquitectura constructivista y racionalista. Prescinde de todos los elementos decorativos innecesarios y se centra en la comodidad, la ligereza y el tacto. Sus l\u00edneas funcionales y aparentemente simples crean una colecci\u00f3n pensada ante todo para ser vivida. Una colecci\u00f3n ante todo adaptable a distintos conceptos de espacio, de inspiraci\u00f3n contempor\u00e1nea, pero con formas c\u00e1lidas\u00a0 y amables <a style=\"display:none;\" class=\"collapse-text\" id=\"te1836241475\" href=\"javascript:expand('#te1836241475')\">+<\/a>\n<div class=\"te_div\" id=\"te1836241475\"><script language=\"JavaScript\" type=\"text\/javascript\">expander_hide('#te1836241475');<\/script><\/p>\n<ul>\n<li>Estructura producida con tubo redondo de aluminio extruido y acabado con pintura de poli\u00e9ster.<\/li>\n<li>Almohadones desenfundables.<\/li>\n<li>Consulte tejidos y colores pintura disponibles en PDF Acabados<\/li>\n<li>Otros art\u00edculos disponibles: funda exterior impermeable<\/li>\n<\/ul>\n<p><\/div><\/p>\n","protected":false},"excerpt":{"rendered":"<p>Dise\u00f1ador: Joan Gaspar A\u00f1o: 2022 La colecci\u00f3n Garda se inspira en los grandes iconos de la arquitectura constructivista y racionalista. Prescinde de todos los elementos decorativos innecesarios y se centra en la comodidad, la ligereza y el tacto. Sus l\u00edneas funcionales y aparentemente simples crean una colecci\u00f3n pensada ante todo para ser vivida. Una colecci\u00f3n [&hellip;]<\/p>\n","protected":false},"featured_media":6204,"comment_status":"closed","ping_status":"closed","template":"","meta":[],"product_brand":[],"product_cat":[234,118],"product_tag":[],"class_list":{"0":"post-6110","1":"product","2":"type-product","3":"status-publish","4":"has-post-thumbnail","6":"product_cat-garda-es","7":"product_cat-reposapies-pouf","9":"first","10":"instock","11":"shipping-taxable","12":"product-type-simple"},"yoast_head":"<!-- This site is optimized with the Yoast SEO plugin v26.7 - https:\/\/yoast.com\/wordpress\/plugins\/seo\/ -->\n<title>Garda reposapi\u00e9s | BIVAQ<\/title>\n<meta name=\"description\" content=\"Dise\u00f1ador: Joan Gaspar A\u00f1o: 2022 La colecci\u00f3n Garda se inspira en los grandes iconos de la arquitectura constructivista y racionalista. Prescinde de todos\" \/>\n<meta name=\"robots\" content=\"index, follow, max-snippet:-1, max-image-preview:large, max-video-preview:-1\" \/>\n<link rel=\"canonical\" href=\"https:\/\/www.bivaq.com\/es\/producto\/garda-reposapies\/\" \/>\n<meta property=\"og:locale\" content=\"es_ES\" \/>\n<meta property=\"og:type\" content=\"article\" \/>\n<meta property=\"og:title\" content=\"Garda reposapi\u00e9s | BIVAQ\" \/>\n<meta property=\"og:description\" content=\"Dise\u00f1ador: Joan Gaspar A\u00f1o: 2022 La colecci\u00f3n Garda se inspira en los grandes iconos de la arquitectura constructivista y racionalista. Prescinde de todos\" \/>\n<meta property=\"og:url\" content=\"https:\/\/www.bivaq.com\/es\/producto\/garda-reposapies\/\" \/>\n<meta property=\"og:site_name\" content=\"BIVAQ\" \/>\n<meta property=\"article:modified_time\" content=\"2025-01-13T13:24:06+00:00\" \/>\n<meta property=\"og:image\" content=\"https:\/\/www.bivaq.com\/wp-content\/uploads\/2022\/03\/garda-reposapies.jpg\" \/>\n\t<meta property=\"og:image:width\" content=\"1000\" \/>\n\t<meta property=\"og:image:height\" content=\"1000\" \/>\n\t<meta property=\"og:image:type\" content=\"image\/jpeg\" \/>\n<meta name=\"twitter:card\" content=\"summary_large_image\" \/>\n<meta name=\"twitter:label1\" content=\"Tiempo de lectura\" \/>\n\t<meta name=\"twitter:data1\" content=\"1 minuto\" \/>\n<script type=\"application\/ld+json\" class=\"yoast-schema-graph\">{\"@context\":\"https:\/\/schema.org\",\"@graph\":[{\"@type\":\"WebPage\",\"@id\":\"https:\/\/www.bivaq.com\/es\/producto\/garda-reposapies\/\",\"url\":\"https:\/\/www.bivaq.com\/es\/producto\/garda-reposapies\/\",\"name\":\"Garda reposapi\u00e9s | BIVAQ\",\"isPartOf\":{\"@id\":\"https:\/\/www.bivaq.com\/es\/#website\"},\"primaryImageOfPage\":{\"@id\":\"https:\/\/www.bivaq.com\/es\/producto\/garda-reposapies\/#primaryimage\"},\"image\":{\"@id\":\"https:\/\/www.bivaq.com\/es\/producto\/garda-reposapies\/#primaryimage\"},\"thumbnailUrl\":\"https:\/\/www.bivaq.com\/wp-content\/uploads\/2022\/03\/garda-reposapies.jpg\",\"datePublished\":\"2022-03-09T17:48:07+00:00\",\"dateModified\":\"2025-01-13T13:24:06+00:00\",\"description\":\"Dise\u00f1ador: Joan Gaspar A\u00f1o: 2022 La colecci\u00f3n Garda se inspira en los grandes iconos de la arquitectura constructivista y racionalista. Prescinde de todos\",\"breadcrumb\":{\"@id\":\"https:\/\/www.bivaq.com\/es\/producto\/garda-reposapies\/#breadcrumb\"},\"inLanguage\":\"es\",\"potentialAction\":[{\"@type\":\"ReadAction\",\"target\":[\"https:\/\/www.bivaq.com\/es\/producto\/garda-reposapies\/\"]}]},{\"@type\":\"ImageObject\",\"inLanguage\":\"es\",\"@id\":\"https:\/\/www.bivaq.com\/es\/producto\/garda-reposapies\/#primaryimage\",\"url\":\"https:\/\/www.bivaq.com\/wp-content\/uploads\/2022\/03\/garda-reposapies.jpg\",\"contentUrl\":\"https:\/\/www.bivaq.com\/wp-content\/uploads\/2022\/03\/garda-reposapies.jpg\",\"width\":1000,\"height\":1000},{\"@type\":\"BreadcrumbList\",\"@id\":\"https:\/\/www.bivaq.com\/es\/producto\/garda-reposapies\/#breadcrumb\",\"itemListElement\":[{\"@type\":\"ListItem\",\"position\":1,\"name\":\"Home\",\"item\":\"https:\/\/www.bivaq.com\/es\/\"},{\"@type\":\"ListItem\",\"position\":2,\"name\":\"Productos\",\"item\":\"https:\/\/www.bivaq.com\/es\/shop\/\"},{\"@type\":\"ListItem\",\"position\":3,\"name\":\"Garda reposapi\u00e9s\"}]},{\"@type\":\"WebSite\",\"@id\":\"https:\/\/www.bivaq.com\/es\/#website\",\"url\":\"https:\/\/www.bivaq.com\/es\/\",\"name\":\"Bivaq\",\"description\":\"Muebles de dise\u00f1o y accesorios para uso exterior\",\"alternateName\":\"Bivaq\",\"potentialAction\":[{\"@type\":\"SearchAction\",\"target\":{\"@type\":\"EntryPoint\",\"urlTemplate\":\"https:\/\/www.bivaq.com\/es\/?s={search_term_string}\"},\"query-input\":{\"@type\":\"PropertyValueSpecification\",\"valueRequired\":true,\"valueName\":\"search_term_string\"}}],\"inLanguage\":\"es\"}]}<\/script>\n<!-- \/ Yoast SEO plugin. -->","yoast_head_json":{"title":"Garda reposapi\u00e9s | BIVAQ","description":"Dise\u00f1ador: Joan Gaspar A\u00f1o: 2022 La colecci\u00f3n Garda se inspira en los grandes iconos de la arquitectura constructivista y racionalista. Prescinde de todos","robots":{"index":"index","follow":"follow","max-snippet":"max-snippet:-1","max-image-preview":"max-image-preview:large","max-video-preview":"max-video-preview:-1"},"canonical":"https:\/\/www.bivaq.com\/es\/producto\/garda-reposapies\/","og_locale":"es_ES","og_type":"article","og_title":"Garda reposapi\u00e9s | BIVAQ","og_description":"Dise\u00f1ador: Joan Gaspar A\u00f1o: 2022 La colecci\u00f3n Garda se inspira en los grandes iconos de la arquitectura constructivista y racionalista. Prescinde de todos","og_url":"https:\/\/www.bivaq.com\/es\/producto\/garda-reposapies\/","og_site_name":"BIVAQ","article_modified_time":"2025-01-13T13:24:06+00:00","og_image":[{"width":1000,"height":1000,"url":"https:\/\/www.bivaq.com\/wp-content\/uploads\/2022\/03\/garda-reposapies.jpg","type":"image\/jpeg"}],"twitter_card":"summary_large_image","twitter_misc":{"Tiempo de lectura":"1 minuto"},"schema":{"@context":"https:\/\/schema.org","@graph":[{"@type":"WebPage","@id":"https:\/\/www.bivaq.com\/es\/producto\/garda-reposapies\/","url":"https:\/\/www.bivaq.com\/es\/producto\/garda-reposapies\/","name":"Garda reposapi\u00e9s | BIVAQ","isPartOf":{"@id":"https:\/\/www.bivaq.com\/es\/#website"},"primaryImageOfPage":{"@id":"https:\/\/www.bivaq.com\/es\/producto\/garda-reposapies\/#primaryimage"},"image":{"@id":"https:\/\/www.bivaq.com\/es\/producto\/garda-reposapies\/#primaryimage"},"thumbnailUrl":"https:\/\/www.bivaq.com\/wp-content\/uploads\/2022\/03\/garda-reposapies.jpg","datePublished":"2022-03-09T17:48:07+00:00","dateModified":"2025-01-13T13:24:06+00:00","description":"Dise\u00f1ador: Joan Gaspar A\u00f1o: 2022 La colecci\u00f3n Garda se inspira en los grandes iconos de la arquitectura constructivista y racionalista. Prescinde de todos","breadcrumb":{"@id":"https:\/\/www.bivaq.com\/es\/producto\/garda-reposapies\/#breadcrumb"},"inLanguage":"es","potentialAction":[{"@type":"ReadAction","target":["https:\/\/www.bivaq.com\/es\/producto\/garda-reposapies\/"]}]},{"@type":"ImageObject","inLanguage":"es","@id":"https:\/\/www.bivaq.com\/es\/producto\/garda-reposapies\/#primaryimage","url":"https:\/\/www.bivaq.com\/wp-content\/uploads\/2022\/03\/garda-reposapies.jpg","contentUrl":"https:\/\/www.bivaq.com\/wp-content\/uploads\/2022\/03\/garda-reposapies.jpg","width":1000,"height":1000},{"@type":"BreadcrumbList","@id":"https:\/\/www.bivaq.com\/es\/producto\/garda-reposapies\/#breadcrumb","itemListElement":[{"@type":"ListItem","position":1,"name":"Home","item":"https:\/\/www.bivaq.com\/es\/"},{"@type":"ListItem","position":2,"name":"Productos","item":"https:\/\/www.bivaq.com\/es\/shop\/"},{"@type":"ListItem","position":3,"name":"Garda reposapi\u00e9s"}]},{"@type":"WebSite","@id":"https:\/\/www.bivaq.com\/es\/#website","url":"https:\/\/www.bivaq.com\/es\/","name":"Bivaq","description":"Muebles de dise\u00f1o y accesorios para uso exterior","alternateName":"Bivaq","potentialAction":[{"@type":"SearchAction","target":{"@type":"EntryPoint","urlTemplate":"https:\/\/www.bivaq.com\/es\/?s={search_term_string}"},"query-input":{"@type":"PropertyValueSpecification","valueRequired":true,"valueName":"search_term_string"}}],"inLanguage":"es"}]}},"_links":{"self":[{"href":"https:\/\/www.bivaq.com\/es\/wp-json\/wp\/v2\/product\/6110","targetHints":{"allow":["GET"]}}],"collection":[{"href":"https:\/\/www.bivaq.com\/es\/wp-json\/wp\/v2\/product"}],"about":[{"href":"https:\/\/www.bivaq.com\/es\/wp-json\/wp\/v2\/types\/product"}],"replies":[{"embeddable":true,"href":"https:\/\/www.bivaq.com\/es\/wp-json\/wp\/v2\/comments?post=6110"}],"wp:featuredmedia":[{"embeddable":true,"href":"https:\/\/www.bivaq.com\/es\/wp-json\/wp\/v2\/media\/6204"}],"wp:attachment":[{"href":"https:\/\/www.bivaq.com\/es\/wp-json\/wp\/v2\/media?parent=6110"}],"wp:term":[{"taxonomy":"product_brand","embeddable":true,"href":"https:\/\/www.bivaq.com\/es\/wp-json\/wp\/v2\/product_brand?post=6110"},{"taxonomy":"product_cat","embeddable":true,"href":"https:\/\/www.bivaq.com\/es\/wp-json\/wp\/v2\/product_cat?post=6110"},{"taxonomy":"product_tag","embeddable":true,"href":"https:\/\/www.bivaq.com\/es\/wp-json\/wp\/v2\/product_tag?post=6110"}],"curies":[{"name":"wp","href":"https:\/\/api.w.org\/{rel}","templated":true}]}}