{"id":6088,"date":"2022-03-08T18:44:40","date_gmt":"2022-03-08T18:44:40","guid":{"rendered":"https:\/\/www.bivaq.com\/?post_type=product&#038;p=6088"},"modified":"2025-01-13T13:30:46","modified_gmt":"2025-01-13T13:30:46","slug":"garda-mesa-baja-o65x65","status":"publish","type":"product","link":"https:\/\/www.bivaq.com\/es\/producto\/garda-mesa-baja-o65x65\/","title":{"rendered":"Garda mesa baja 65&#215;65"},"content":{"rendered":"<p><strong>Dise\u00f1ador: <a href=\"https:\/\/joangaspar.com\/\">Joan Gaspar<\/a><\/strong><\/p>\n<p><strong>A\u00f1o: 2022<\/strong><\/p>\n<p>La colecci\u00f3n Garda se inspira en los grandes iconos de la arquitectura constructivista y racionalista. Prescinde de todos los elementos decorativos innecesarios y se centra en la comodidad, la ligereza y el tacto. Sus l\u00edneas funcionales y aparentemente simples crean una colecci\u00f3n pensada ante todo para ser vivida. Una colecci\u00f3n ante todo adaptable a distintos conceptos de espacio, de inspiraci\u00f3n contempor\u00e1nea, pero con formas c\u00e1lidas\u00a0 y amables. <a style=\"display:none;\" class=\"collapse-text\" id=\"te1909907293\" href=\"javascript:expand('#te1909907293')\">+<\/a>\n<div class=\"te_div\" id=\"te1909907293\"><script language=\"JavaScript\" type=\"text\/javascript\">expander_hide('#te1909907293');<\/script><\/p>\n<ul>\n<li>Estructura producida con aluminio extruido y acabado con pintura de poli\u00e9ster<\/li>\n<li>Consulte sobres de mesa y colores pintura disponibles en PDF Acabados<\/li>\n<li>Otros art\u00edculos disponibles: funda exterior impermeable<\/li>\n<\/ul>\n<p><\/div><\/p>\n","protected":false},"excerpt":{"rendered":"<p>Dise\u00f1ador: Joan Gaspar A\u00f1o: 2022 La colecci\u00f3n Garda se inspira en los grandes iconos de la arquitectura constructivista y racionalista. Prescinde de todos los elementos decorativos innecesarios y se centra en la comodidad, la ligereza y el tacto. Sus l\u00edneas funcionales y aparentemente simples crean una colecci\u00f3n pensada ante todo para ser vivida. Una colecci\u00f3n [&hellip;]<\/p>\n","protected":false},"featured_media":6213,"comment_status":"closed","ping_status":"closed","template":"","meta":[],"product_brand":[],"product_cat":[234,115],"product_tag":[],"class_list":{"0":"post-6088","1":"product","2":"type-product","3":"status-publish","4":"has-post-thumbnail","6":"product_cat-garda-es","7":"product_cat-mesa-baja","9":"first","10":"instock","11":"shipping-taxable","12":"product-type-simple"},"yoast_head":"<!-- This site is optimized with the Yoast SEO plugin v26.7 - https:\/\/yoast.com\/wordpress\/plugins\/seo\/ -->\n<title>Garda mesa baja 65x65 | BIVAQ<\/title>\n<meta name=\"description\" content=\"Dise\u00f1ador: Joan Gaspar A\u00f1o: 2022 La colecci\u00f3n Garda se inspira en los grandes iconos de la arquitectura constructivista y racionalista. Prescinde de todos\" \/>\n<meta name=\"robots\" content=\"index, follow, max-snippet:-1, max-image-preview:large, max-video-preview:-1\" \/>\n<link rel=\"canonical\" href=\"https:\/\/www.bivaq.com\/es\/producto\/garda-mesa-baja-o65x65\/\" \/>\n<meta property=\"og:locale\" content=\"es_ES\" \/>\n<meta property=\"og:type\" content=\"article\" \/>\n<meta property=\"og:title\" content=\"Garda mesa baja 65x65 | BIVAQ\" \/>\n<meta property=\"og:description\" content=\"Dise\u00f1ador: Joan Gaspar A\u00f1o: 2022 La colecci\u00f3n Garda se inspira en los grandes iconos de la arquitectura constructivista y racionalista. Prescinde de todos\" \/>\n<meta property=\"og:url\" content=\"https:\/\/www.bivaq.com\/es\/producto\/garda-mesa-baja-o65x65\/\" \/>\n<meta property=\"og:site_name\" content=\"BIVAQ\" \/>\n<meta property=\"article:modified_time\" content=\"2025-01-13T13:30:46+00:00\" \/>\n<meta property=\"og:image\" content=\"https:\/\/www.bivaq.com\/wp-content\/uploads\/2022\/03\/garda-mesa-copia.jpg\" \/>\n\t<meta property=\"og:image:width\" content=\"1000\" \/>\n\t<meta property=\"og:image:height\" content=\"1000\" \/>\n\t<meta property=\"og:image:type\" content=\"image\/jpeg\" \/>\n<meta name=\"twitter:card\" content=\"summary_large_image\" \/>\n<meta name=\"twitter:label1\" content=\"Tiempo de lectura\" \/>\n\t<meta name=\"twitter:data1\" content=\"1 minuto\" \/>\n<script type=\"application\/ld+json\" class=\"yoast-schema-graph\">{\"@context\":\"https:\/\/schema.org\",\"@graph\":[{\"@type\":\"WebPage\",\"@id\":\"https:\/\/www.bivaq.com\/es\/producto\/garda-mesa-baja-o65x65\/\",\"url\":\"https:\/\/www.bivaq.com\/es\/producto\/garda-mesa-baja-o65x65\/\",\"name\":\"Garda mesa baja 65x65 | BIVAQ\",\"isPartOf\":{\"@id\":\"https:\/\/www.bivaq.com\/es\/#website\"},\"primaryImageOfPage\":{\"@id\":\"https:\/\/www.bivaq.com\/es\/producto\/garda-mesa-baja-o65x65\/#primaryimage\"},\"image\":{\"@id\":\"https:\/\/www.bivaq.com\/es\/producto\/garda-mesa-baja-o65x65\/#primaryimage\"},\"thumbnailUrl\":\"https:\/\/www.bivaq.com\/wp-content\/uploads\/2022\/03\/garda-mesa-copia.jpg\",\"datePublished\":\"2022-03-08T18:44:40+00:00\",\"dateModified\":\"2025-01-13T13:30:46+00:00\",\"description\":\"Dise\u00f1ador: Joan Gaspar A\u00f1o: 2022 La colecci\u00f3n Garda se inspira en los grandes iconos de la arquitectura constructivista y racionalista. Prescinde de todos\",\"breadcrumb\":{\"@id\":\"https:\/\/www.bivaq.com\/es\/producto\/garda-mesa-baja-o65x65\/#breadcrumb\"},\"inLanguage\":\"es\",\"potentialAction\":[{\"@type\":\"ReadAction\",\"target\":[\"https:\/\/www.bivaq.com\/es\/producto\/garda-mesa-baja-o65x65\/\"]}]},{\"@type\":\"ImageObject\",\"inLanguage\":\"es\",\"@id\":\"https:\/\/www.bivaq.com\/es\/producto\/garda-mesa-baja-o65x65\/#primaryimage\",\"url\":\"https:\/\/www.bivaq.com\/wp-content\/uploads\/2022\/03\/garda-mesa-copia.jpg\",\"contentUrl\":\"https:\/\/www.bivaq.com\/wp-content\/uploads\/2022\/03\/garda-mesa-copia.jpg\",\"width\":1000,\"height\":1000},{\"@type\":\"BreadcrumbList\",\"@id\":\"https:\/\/www.bivaq.com\/es\/producto\/garda-mesa-baja-o65x65\/#breadcrumb\",\"itemListElement\":[{\"@type\":\"ListItem\",\"position\":1,\"name\":\"Home\",\"item\":\"https:\/\/www.bivaq.com\/es\/\"},{\"@type\":\"ListItem\",\"position\":2,\"name\":\"Productos\",\"item\":\"https:\/\/www.bivaq.com\/es\/shop\/\"},{\"@type\":\"ListItem\",\"position\":3,\"name\":\"Garda mesa baja 65&#215;65\"}]},{\"@type\":\"WebSite\",\"@id\":\"https:\/\/www.bivaq.com\/es\/#website\",\"url\":\"https:\/\/www.bivaq.com\/es\/\",\"name\":\"Bivaq\",\"description\":\"Muebles de dise\u00f1o y accesorios para uso exterior\",\"alternateName\":\"Bivaq\",\"potentialAction\":[{\"@type\":\"SearchAction\",\"target\":{\"@type\":\"EntryPoint\",\"urlTemplate\":\"https:\/\/www.bivaq.com\/es\/?s={search_term_string}\"},\"query-input\":{\"@type\":\"PropertyValueSpecification\",\"valueRequired\":true,\"valueName\":\"search_term_string\"}}],\"inLanguage\":\"es\"}]}<\/script>\n<!-- \/ Yoast SEO plugin. -->","yoast_head_json":{"title":"Garda mesa baja 65x65 | BIVAQ","description":"Dise\u00f1ador: Joan Gaspar A\u00f1o: 2022 La colecci\u00f3n Garda se inspira en los grandes iconos de la arquitectura constructivista y racionalista. Prescinde de todos","robots":{"index":"index","follow":"follow","max-snippet":"max-snippet:-1","max-image-preview":"max-image-preview:large","max-video-preview":"max-video-preview:-1"},"canonical":"https:\/\/www.bivaq.com\/es\/producto\/garda-mesa-baja-o65x65\/","og_locale":"es_ES","og_type":"article","og_title":"Garda mesa baja 65x65 | BIVAQ","og_description":"Dise\u00f1ador: Joan Gaspar A\u00f1o: 2022 La colecci\u00f3n Garda se inspira en los grandes iconos de la arquitectura constructivista y racionalista. Prescinde de todos","og_url":"https:\/\/www.bivaq.com\/es\/producto\/garda-mesa-baja-o65x65\/","og_site_name":"BIVAQ","article_modified_time":"2025-01-13T13:30:46+00:00","og_image":[{"width":1000,"height":1000,"url":"https:\/\/www.bivaq.com\/wp-content\/uploads\/2022\/03\/garda-mesa-copia.jpg","type":"image\/jpeg"}],"twitter_card":"summary_large_image","twitter_misc":{"Tiempo de lectura":"1 minuto"},"schema":{"@context":"https:\/\/schema.org","@graph":[{"@type":"WebPage","@id":"https:\/\/www.bivaq.com\/es\/producto\/garda-mesa-baja-o65x65\/","url":"https:\/\/www.bivaq.com\/es\/producto\/garda-mesa-baja-o65x65\/","name":"Garda mesa baja 65x65 | BIVAQ","isPartOf":{"@id":"https:\/\/www.bivaq.com\/es\/#website"},"primaryImageOfPage":{"@id":"https:\/\/www.bivaq.com\/es\/producto\/garda-mesa-baja-o65x65\/#primaryimage"},"image":{"@id":"https:\/\/www.bivaq.com\/es\/producto\/garda-mesa-baja-o65x65\/#primaryimage"},"thumbnailUrl":"https:\/\/www.bivaq.com\/wp-content\/uploads\/2022\/03\/garda-mesa-copia.jpg","datePublished":"2022-03-08T18:44:40+00:00","dateModified":"2025-01-13T13:30:46+00:00","description":"Dise\u00f1ador: Joan Gaspar A\u00f1o: 2022 La colecci\u00f3n Garda se inspira en los grandes iconos de la arquitectura constructivista y racionalista. Prescinde de todos","breadcrumb":{"@id":"https:\/\/www.bivaq.com\/es\/producto\/garda-mesa-baja-o65x65\/#breadcrumb"},"inLanguage":"es","potentialAction":[{"@type":"ReadAction","target":["https:\/\/www.bivaq.com\/es\/producto\/garda-mesa-baja-o65x65\/"]}]},{"@type":"ImageObject","inLanguage":"es","@id":"https:\/\/www.bivaq.com\/es\/producto\/garda-mesa-baja-o65x65\/#primaryimage","url":"https:\/\/www.bivaq.com\/wp-content\/uploads\/2022\/03\/garda-mesa-copia.jpg","contentUrl":"https:\/\/www.bivaq.com\/wp-content\/uploads\/2022\/03\/garda-mesa-copia.jpg","width":1000,"height":1000},{"@type":"BreadcrumbList","@id":"https:\/\/www.bivaq.com\/es\/producto\/garda-mesa-baja-o65x65\/#breadcrumb","itemListElement":[{"@type":"ListItem","position":1,"name":"Home","item":"https:\/\/www.bivaq.com\/es\/"},{"@type":"ListItem","position":2,"name":"Productos","item":"https:\/\/www.bivaq.com\/es\/shop\/"},{"@type":"ListItem","position":3,"name":"Garda mesa baja 65&#215;65"}]},{"@type":"WebSite","@id":"https:\/\/www.bivaq.com\/es\/#website","url":"https:\/\/www.bivaq.com\/es\/","name":"Bivaq","description":"Muebles de dise\u00f1o y accesorios para uso exterior","alternateName":"Bivaq","potentialAction":[{"@type":"SearchAction","target":{"@type":"EntryPoint","urlTemplate":"https:\/\/www.bivaq.com\/es\/?s={search_term_string}"},"query-input":{"@type":"PropertyValueSpecification","valueRequired":true,"valueName":"search_term_string"}}],"inLanguage":"es"}]}},"_links":{"self":[{"href":"https:\/\/www.bivaq.com\/es\/wp-json\/wp\/v2\/product\/6088","targetHints":{"allow":["GET"]}}],"collection":[{"href":"https:\/\/www.bivaq.com\/es\/wp-json\/wp\/v2\/product"}],"about":[{"href":"https:\/\/www.bivaq.com\/es\/wp-json\/wp\/v2\/types\/product"}],"replies":[{"embeddable":true,"href":"https:\/\/www.bivaq.com\/es\/wp-json\/wp\/v2\/comments?post=6088"}],"wp:featuredmedia":[{"embeddable":true,"href":"https:\/\/www.bivaq.com\/es\/wp-json\/wp\/v2\/media\/6213"}],"wp:attachment":[{"href":"https:\/\/www.bivaq.com\/es\/wp-json\/wp\/v2\/media?parent=6088"}],"wp:term":[{"taxonomy":"product_brand","embeddable":true,"href":"https:\/\/www.bivaq.com\/es\/wp-json\/wp\/v2\/product_brand?post=6088"},{"taxonomy":"product_cat","embeddable":true,"href":"https:\/\/www.bivaq.com\/es\/wp-json\/wp\/v2\/product_cat?post=6088"},{"taxonomy":"product_tag","embeddable":true,"href":"https:\/\/www.bivaq.com\/es\/wp-json\/wp\/v2\/product_tag?post=6088"}],"curies":[{"name":"wp","href":"https:\/\/api.w.org\/{rel}","templated":true}]}}