{"id":5472,"date":"2021-05-21T14:40:57","date_gmt":"2021-05-26T09:51:16","guid":{"rendered":"https:\/\/www.bivaq.com\/?post_type=product&#038;p=5472"},"modified":"2021-05-26T09:59:26","modified_gmt":"2021-05-26T09:59:26","slug":"dats-taburete-45","status":"publish","type":"product","link":"https:\/\/www.bivaq.com\/es\/producto\/dats-taburete-45\/","title":{"rendered":"Dats banco 45"},"content":{"rendered":"<p><strong>Dats banco 45<\/strong><\/p>\n<p><strong>Dise\u00f1ador: Andr\u00e9s Bluth<\/strong><\/p>\n<p><strong>A\u00f1o: 2008<\/strong><\/p>\n<p>El programa de mesas Dats est\u00e1 disponible en tres diferentes alturas (74, 45 y 35 cm.) y m\u00faltiples medidas (desde 240&#215;100 a 90x90cm). La posibilidad de combinar todas estas medidas con \u00a0m\u00e1s de 15 colores diferentes para las estructuras y los diferentes tipos de sobres (cristal transparente, cristal pintado, Dekton, HPL Compact, madera de iroko) le permiten poder escoger entre m\u00e1s de 500 modelos \u00a0posibles que le ayudara a adaptar su mesa a cualquier entorno o espacio.\u00a0 <a style=\"display:none;\" class=\"collapse-text\" id=\"te1222411977\" href=\"javascript:expand('#te1222411977')\">+<\/a>\n<div class=\"te_div\" id=\"te1222411977\"><script language=\"JavaScript\" type=\"text\/javascript\">expander_hide('#te1222411977');<\/script><\/p>\n<ul>\n<li>Estructura producida con aluminio extruido y acabado con pintura de poli\u00e9ster.<\/li>\n<li>3 alturas. (74, 45 y 35 cm.) y medidas desde 240x100cm a 90x90cm<\/li>\n<li>Consulte sobres de mesa y colores pintura disponible en PDF Acabados.<\/li>\n<li>Otros art\u00edculos disponibles: funda exterior impermeable.<\/li>\n<\/ul>\n<p><\/div><\/p>\n","protected":false},"excerpt":{"rendered":"<p>Dats banco 45 Dise\u00f1ador: Andr\u00e9s Bluth A\u00f1o: 2008 El programa de mesas Dats est\u00e1 disponible en tres diferentes alturas (74, 45 y 35 cm.) y m\u00faltiples medidas (desde 240&#215;100 a 90x90cm). La posibilidad de combinar todas estas medidas con \u00a0m\u00e1s de 15 colores diferentes para las estructuras y los diferentes tipos de sobres (cristal transparente, [&hellip;]<\/p>\n","protected":false},"featured_media":9815,"comment_status":"closed","ping_status":"closed","template":"","meta":[],"product_brand":[],"product_cat":[128,106,129,116],"product_tag":[],"class_list":{"0":"post-5472","1":"product","2":"type-product","3":"status-publish","4":"has-post-thumbnail","6":"product_cat-colecciones","7":"product_cat-dats-es","8":"product_cat-tipo_de_producto","9":"product_cat-banco-2","10":"finish-white-text-10-es","12":"first","13":"instock","14":"shipping-taxable","15":"product-type-simple"},"yoast_head":"<!-- This site is optimized with the Yoast SEO plugin v26.7 - https:\/\/yoast.com\/wordpress\/plugins\/seo\/ -->\n<title>Dats banco 45 | BIVAQ<\/title>\n<meta name=\"description\" content=\"Dats banco 45 Dise\u00f1ador: Andr\u00e9s Bluth A\u00f1o: 2008 El programa de mesas Dats est\u00e1 disponible en tres diferentes alturas (74, 45 y 35 cm.) y m\u00faltiples medidas\" \/>\n<meta name=\"robots\" content=\"index, follow, max-snippet:-1, max-image-preview:large, max-video-preview:-1\" \/>\n<link rel=\"canonical\" href=\"https:\/\/www.bivaq.com\/es\/producto\/dats-taburete-45\/\" \/>\n<meta property=\"og:locale\" content=\"es_ES\" \/>\n<meta property=\"og:type\" content=\"article\" \/>\n<meta property=\"og:title\" content=\"Dats banco 45 | BIVAQ\" \/>\n<meta property=\"og:description\" content=\"Dats banco 45 Dise\u00f1ador: Andr\u00e9s Bluth A\u00f1o: 2008 El programa de mesas Dats est\u00e1 disponible en tres diferentes alturas (74, 45 y 35 cm.) y m\u00faltiples medidas\" \/>\n<meta property=\"og:url\" content=\"https:\/\/www.bivaq.com\/es\/producto\/dats-taburete-45\/\" \/>\n<meta property=\"og:site_name\" content=\"BIVAQ\" \/>\n<meta property=\"article:modified_time\" content=\"2021-05-26T09:59:26+00:00\" \/>\n<meta property=\"og:image\" content=\"http:\/\/www.bivaq.com\/wp-content\/uploads\/2021\/05\/dats-bench-scaled.jpg\" \/>\n\t<meta property=\"og:image:width\" content=\"2560\" \/>\n\t<meta property=\"og:image:height\" content=\"2560\" \/>\n\t<meta property=\"og:image:type\" content=\"image\/jpeg\" \/>\n<meta name=\"twitter:card\" content=\"summary_large_image\" \/>\n<meta name=\"twitter:label1\" content=\"Tiempo de lectura\" \/>\n\t<meta name=\"twitter:data1\" content=\"1 minuto\" \/>\n<script type=\"application\/ld+json\" class=\"yoast-schema-graph\">{\"@context\":\"https:\/\/schema.org\",\"@graph\":[{\"@type\":\"WebPage\",\"@id\":\"https:\/\/www.bivaq.com\/es\/producto\/dats-taburete-45\/\",\"url\":\"https:\/\/www.bivaq.com\/es\/producto\/dats-taburete-45\/\",\"name\":\"Dats banco 45 | BIVAQ\",\"isPartOf\":{\"@id\":\"https:\/\/www.bivaq.com\/es\/#website\"},\"primaryImageOfPage\":{\"@id\":\"https:\/\/www.bivaq.com\/es\/producto\/dats-taburete-45\/#primaryimage\"},\"image\":{\"@id\":\"https:\/\/www.bivaq.com\/es\/producto\/dats-taburete-45\/#primaryimage\"},\"thumbnailUrl\":\"https:\/\/www.bivaq.com\/wp-content\/uploads\/2021\/05\/dats-bench-scaled.jpg\",\"datePublished\":\"2021-05-26T09:51:16+00:00\",\"dateModified\":\"2021-05-26T09:59:26+00:00\",\"description\":\"Dats banco 45 Dise\u00f1ador: Andr\u00e9s Bluth A\u00f1o: 2008 El programa de mesas Dats est\u00e1 disponible en tres diferentes alturas (74, 45 y 35 cm.) y m\u00faltiples medidas\",\"breadcrumb\":{\"@id\":\"https:\/\/www.bivaq.com\/es\/producto\/dats-taburete-45\/#breadcrumb\"},\"inLanguage\":\"es\",\"potentialAction\":[{\"@type\":\"ReadAction\",\"target\":[\"https:\/\/www.bivaq.com\/es\/producto\/dats-taburete-45\/\"]}]},{\"@type\":\"ImageObject\",\"inLanguage\":\"es\",\"@id\":\"https:\/\/www.bivaq.com\/es\/producto\/dats-taburete-45\/#primaryimage\",\"url\":\"https:\/\/www.bivaq.com\/wp-content\/uploads\/2021\/05\/dats-bench-scaled.jpg\",\"contentUrl\":\"https:\/\/www.bivaq.com\/wp-content\/uploads\/2021\/05\/dats-bench-scaled.jpg\",\"width\":2560,\"height\":2560,\"caption\":\"185\"},{\"@type\":\"BreadcrumbList\",\"@id\":\"https:\/\/www.bivaq.com\/es\/producto\/dats-taburete-45\/#breadcrumb\",\"itemListElement\":[{\"@type\":\"ListItem\",\"position\":1,\"name\":\"Home\",\"item\":\"https:\/\/www.bivaq.com\/es\/\"},{\"@type\":\"ListItem\",\"position\":2,\"name\":\"Productos\",\"item\":\"https:\/\/www.bivaq.com\/es\/shop\/\"},{\"@type\":\"ListItem\",\"position\":3,\"name\":\"Dats banco 45\"}]},{\"@type\":\"WebSite\",\"@id\":\"https:\/\/www.bivaq.com\/es\/#website\",\"url\":\"https:\/\/www.bivaq.com\/es\/\",\"name\":\"Bivaq\",\"description\":\"Muebles de dise\u00f1o y accesorios para uso exterior\",\"alternateName\":\"Bivaq\",\"potentialAction\":[{\"@type\":\"SearchAction\",\"target\":{\"@type\":\"EntryPoint\",\"urlTemplate\":\"https:\/\/www.bivaq.com\/es\/?s={search_term_string}\"},\"query-input\":{\"@type\":\"PropertyValueSpecification\",\"valueRequired\":true,\"valueName\":\"search_term_string\"}}],\"inLanguage\":\"es\"}]}<\/script>\n<!-- \/ Yoast SEO plugin. -->","yoast_head_json":{"title":"Dats banco 45 | BIVAQ","description":"Dats banco 45 Dise\u00f1ador: Andr\u00e9s Bluth A\u00f1o: 2008 El programa de mesas Dats est\u00e1 disponible en tres diferentes alturas (74, 45 y 35 cm.) y m\u00faltiples medidas","robots":{"index":"index","follow":"follow","max-snippet":"max-snippet:-1","max-image-preview":"max-image-preview:large","max-video-preview":"max-video-preview:-1"},"canonical":"https:\/\/www.bivaq.com\/es\/producto\/dats-taburete-45\/","og_locale":"es_ES","og_type":"article","og_title":"Dats banco 45 | BIVAQ","og_description":"Dats banco 45 Dise\u00f1ador: Andr\u00e9s Bluth A\u00f1o: 2008 El programa de mesas Dats est\u00e1 disponible en tres diferentes alturas (74, 45 y 35 cm.) y m\u00faltiples medidas","og_url":"https:\/\/www.bivaq.com\/es\/producto\/dats-taburete-45\/","og_site_name":"BIVAQ","article_modified_time":"2021-05-26T09:59:26+00:00","og_image":[{"width":2560,"height":2560,"url":"http:\/\/www.bivaq.com\/wp-content\/uploads\/2021\/05\/dats-bench-scaled.jpg","type":"image\/jpeg"}],"twitter_card":"summary_large_image","twitter_misc":{"Tiempo de lectura":"1 minuto"},"schema":{"@context":"https:\/\/schema.org","@graph":[{"@type":"WebPage","@id":"https:\/\/www.bivaq.com\/es\/producto\/dats-taburete-45\/","url":"https:\/\/www.bivaq.com\/es\/producto\/dats-taburete-45\/","name":"Dats banco 45 | BIVAQ","isPartOf":{"@id":"https:\/\/www.bivaq.com\/es\/#website"},"primaryImageOfPage":{"@id":"https:\/\/www.bivaq.com\/es\/producto\/dats-taburete-45\/#primaryimage"},"image":{"@id":"https:\/\/www.bivaq.com\/es\/producto\/dats-taburete-45\/#primaryimage"},"thumbnailUrl":"https:\/\/www.bivaq.com\/wp-content\/uploads\/2021\/05\/dats-bench-scaled.jpg","datePublished":"2021-05-26T09:51:16+00:00","dateModified":"2021-05-26T09:59:26+00:00","description":"Dats banco 45 Dise\u00f1ador: Andr\u00e9s Bluth A\u00f1o: 2008 El programa de mesas Dats est\u00e1 disponible en tres diferentes alturas (74, 45 y 35 cm.) y m\u00faltiples medidas","breadcrumb":{"@id":"https:\/\/www.bivaq.com\/es\/producto\/dats-taburete-45\/#breadcrumb"},"inLanguage":"es","potentialAction":[{"@type":"ReadAction","target":["https:\/\/www.bivaq.com\/es\/producto\/dats-taburete-45\/"]}]},{"@type":"ImageObject","inLanguage":"es","@id":"https:\/\/www.bivaq.com\/es\/producto\/dats-taburete-45\/#primaryimage","url":"https:\/\/www.bivaq.com\/wp-content\/uploads\/2021\/05\/dats-bench-scaled.jpg","contentUrl":"https:\/\/www.bivaq.com\/wp-content\/uploads\/2021\/05\/dats-bench-scaled.jpg","width":2560,"height":2560,"caption":"185"},{"@type":"BreadcrumbList","@id":"https:\/\/www.bivaq.com\/es\/producto\/dats-taburete-45\/#breadcrumb","itemListElement":[{"@type":"ListItem","position":1,"name":"Home","item":"https:\/\/www.bivaq.com\/es\/"},{"@type":"ListItem","position":2,"name":"Productos","item":"https:\/\/www.bivaq.com\/es\/shop\/"},{"@type":"ListItem","position":3,"name":"Dats banco 45"}]},{"@type":"WebSite","@id":"https:\/\/www.bivaq.com\/es\/#website","url":"https:\/\/www.bivaq.com\/es\/","name":"Bivaq","description":"Muebles de dise\u00f1o y accesorios para uso exterior","alternateName":"Bivaq","potentialAction":[{"@type":"SearchAction","target":{"@type":"EntryPoint","urlTemplate":"https:\/\/www.bivaq.com\/es\/?s={search_term_string}"},"query-input":{"@type":"PropertyValueSpecification","valueRequired":true,"valueName":"search_term_string"}}],"inLanguage":"es"}]}},"_links":{"self":[{"href":"https:\/\/www.bivaq.com\/es\/wp-json\/wp\/v2\/product\/5472","targetHints":{"allow":["GET"]}}],"collection":[{"href":"https:\/\/www.bivaq.com\/es\/wp-json\/wp\/v2\/product"}],"about":[{"href":"https:\/\/www.bivaq.com\/es\/wp-json\/wp\/v2\/types\/product"}],"replies":[{"embeddable":true,"href":"https:\/\/www.bivaq.com\/es\/wp-json\/wp\/v2\/comments?post=5472"}],"wp:featuredmedia":[{"embeddable":true,"href":"https:\/\/www.bivaq.com\/es\/wp-json\/wp\/v2\/media\/9815"}],"wp:attachment":[{"href":"https:\/\/www.bivaq.com\/es\/wp-json\/wp\/v2\/media?parent=5472"}],"wp:term":[{"taxonomy":"product_brand","embeddable":true,"href":"https:\/\/www.bivaq.com\/es\/wp-json\/wp\/v2\/product_brand?post=5472"},{"taxonomy":"product_cat","embeddable":true,"href":"https:\/\/www.bivaq.com\/es\/wp-json\/wp\/v2\/product_cat?post=5472"},{"taxonomy":"product_tag","embeddable":true,"href":"https:\/\/www.bivaq.com\/es\/wp-json\/wp\/v2\/product_tag?post=5472"}],"curies":[{"name":"wp","href":"https:\/\/api.w.org\/{rel}","templated":true}]}}