{"id":5468,"date":"2021-05-21T14:40:56","date_gmt":"2021-05-27T21:53:26","guid":{"rendered":"https:\/\/www.bivaq.com\/?post_type=product&#038;p=5468"},"modified":"2021-05-27T21:53:26","modified_gmt":"2021-05-27T21:53:26","slug":"club-mesa-baja-45x45","status":"publish","type":"product","link":"https:\/\/www.bivaq.com\/es\/producto\/club-mesa-baja-45x45\/","title":{"rendered":"Club mesa baja 45&#215;45"},"content":{"rendered":"<p><strong>Club mesa baja 45&#215;45<\/strong><\/p>\n<p><strong>Dise\u00f1ador: Andr\u00e9s Bluth<\/strong><\/p>\n<p><strong>A\u00f1o: 2018<\/strong><\/p>\n<p>Gracias a la ligereza de sus materiales y a su dise\u00f1o de l\u00edneas rectas la Colecci\u00f3n Club puede encajar en cualquier ambiente o espacio arquitect\u00f3nico. Los asientos y respaldos est\u00e1n fabricados en tejido vinytex que confieren al producto ligereza, comodidad y frescura. La colecci\u00f3n est\u00e1 compuesta por tumbona, hamaca, silla, taburetes y mesa baja.\u00a0 <a style=\"display:none;\" class=\"collapse-text\" id=\"te59889805\" href=\"javascript:expand('#te59889805')\">+<\/a>\n<div class=\"te_div\" id=\"te59889805\"><script language=\"JavaScript\" type=\"text\/javascript\">expander_hide('#te59889805');<\/script><\/p>\n<ul>\n<li>Estructura producida con aluminio extruido y acabado con pintura de poli\u00e9ster.<\/li>\n<li>Sobre de mesa fabricado en HPL compact o aluminio.<\/li>\n<li>Consulte sobres de mesa y colores pintura disponible en PDF Acabados.<\/li>\n<li>Otros art\u00edculos disponibles: funda exterior impermeable.<\/li>\n<\/ul>\n<p><\/div><\/p>\n","protected":false},"excerpt":{"rendered":"<p>Club mesa baja 45&#215;45 Dise\u00f1ador: Andr\u00e9s Bluth A\u00f1o: 2018 Gracias a la ligereza de sus materiales y a su dise\u00f1o de l\u00edneas rectas la Colecci\u00f3n Club puede encajar en cualquier ambiente o espacio arquitect\u00f3nico. Los asientos y respaldos est\u00e1n fabricados en tejido vinytex que confieren al producto ligereza, comodidad y frescura. La colecci\u00f3n est\u00e1 compuesta [&hellip;]<\/p>\n","protected":false},"featured_media":9829,"comment_status":"closed","ping_status":"closed","template":"","meta":[],"product_brand":[],"product_cat":[128,107,129,115],"product_tag":[],"class_list":{"0":"post-5468","1":"product","2":"type-product","3":"status-publish","4":"has-post-thumbnail","6":"product_cat-colecciones","7":"product_cat-club-es","8":"product_cat-tipo_de_producto","9":"product_cat-mesa-baja","10":"finish-white-text-10-es","12":"first","13":"instock","14":"shipping-taxable","15":"product-type-simple"},"yoast_head":"<!-- This site is optimized with the Yoast SEO plugin v26.7 - https:\/\/yoast.com\/wordpress\/plugins\/seo\/ -->\n<title>Club mesa baja 45x45 | BIVAQ<\/title>\n<meta name=\"description\" content=\"Club mesa baja 45x45 Dise\u00f1ador: Andr\u00e9s Bluth A\u00f1o: 2018 Gracias a la ligereza de sus materiales y a su dise\u00f1o de l\u00edneas rectas la Colecci\u00f3n Club puede\" \/>\n<meta name=\"robots\" content=\"index, follow, max-snippet:-1, max-image-preview:large, max-video-preview:-1\" \/>\n<link rel=\"canonical\" href=\"https:\/\/www.bivaq.com\/es\/producto\/club-mesa-baja-45x45\/\" \/>\n<meta property=\"og:locale\" content=\"es_ES\" \/>\n<meta property=\"og:type\" content=\"article\" \/>\n<meta property=\"og:title\" content=\"Club mesa baja 45x45 | BIVAQ\" \/>\n<meta property=\"og:description\" content=\"Club mesa baja 45x45 Dise\u00f1ador: Andr\u00e9s Bluth A\u00f1o: 2018 Gracias a la ligereza de sus materiales y a su dise\u00f1o de l\u00edneas rectas la Colecci\u00f3n Club puede\" \/>\n<meta property=\"og:url\" content=\"https:\/\/www.bivaq.com\/es\/producto\/club-mesa-baja-45x45\/\" \/>\n<meta property=\"og:site_name\" content=\"BIVAQ\" \/>\n<meta property=\"og:image\" content=\"https:\/\/www.bivaq.com\/wp-content\/uploads\/2021\/05\/mesita-club-scaled.jpg\" \/>\n\t<meta property=\"og:image:width\" content=\"2560\" \/>\n\t<meta property=\"og:image:height\" content=\"2560\" \/>\n\t<meta property=\"og:image:type\" content=\"image\/jpeg\" \/>\n<meta name=\"twitter:card\" content=\"summary_large_image\" \/>\n<meta name=\"twitter:label1\" content=\"Tiempo de lectura\" \/>\n\t<meta name=\"twitter:data1\" content=\"1 minuto\" \/>\n<script type=\"application\/ld+json\" class=\"yoast-schema-graph\">{\"@context\":\"https:\/\/schema.org\",\"@graph\":[{\"@type\":\"WebPage\",\"@id\":\"https:\/\/www.bivaq.com\/es\/producto\/club-mesa-baja-45x45\/\",\"url\":\"https:\/\/www.bivaq.com\/es\/producto\/club-mesa-baja-45x45\/\",\"name\":\"Club mesa baja 45x45 | BIVAQ\",\"isPartOf\":{\"@id\":\"https:\/\/www.bivaq.com\/es\/#website\"},\"primaryImageOfPage\":{\"@id\":\"https:\/\/www.bivaq.com\/es\/producto\/club-mesa-baja-45x45\/#primaryimage\"},\"image\":{\"@id\":\"https:\/\/www.bivaq.com\/es\/producto\/club-mesa-baja-45x45\/#primaryimage\"},\"thumbnailUrl\":\"https:\/\/www.bivaq.com\/wp-content\/uploads\/2021\/05\/mesita-club-scaled.jpg\",\"datePublished\":\"2021-05-27T21:53:26+00:00\",\"description\":\"Club mesa baja 45x45 Dise\u00f1ador: Andr\u00e9s Bluth A\u00f1o: 2018 Gracias a la ligereza de sus materiales y a su dise\u00f1o de l\u00edneas rectas la Colecci\u00f3n Club puede\",\"breadcrumb\":{\"@id\":\"https:\/\/www.bivaq.com\/es\/producto\/club-mesa-baja-45x45\/#breadcrumb\"},\"inLanguage\":\"es\",\"potentialAction\":[{\"@type\":\"ReadAction\",\"target\":[\"https:\/\/www.bivaq.com\/es\/producto\/club-mesa-baja-45x45\/\"]}]},{\"@type\":\"ImageObject\",\"inLanguage\":\"es\",\"@id\":\"https:\/\/www.bivaq.com\/es\/producto\/club-mesa-baja-45x45\/#primaryimage\",\"url\":\"https:\/\/www.bivaq.com\/wp-content\/uploads\/2021\/05\/mesita-club-scaled.jpg\",\"contentUrl\":\"https:\/\/www.bivaq.com\/wp-content\/uploads\/2021\/05\/mesita-club-scaled.jpg\",\"width\":2560,\"height\":2560},{\"@type\":\"BreadcrumbList\",\"@id\":\"https:\/\/www.bivaq.com\/es\/producto\/club-mesa-baja-45x45\/#breadcrumb\",\"itemListElement\":[{\"@type\":\"ListItem\",\"position\":1,\"name\":\"Home\",\"item\":\"https:\/\/www.bivaq.com\/es\/\"},{\"@type\":\"ListItem\",\"position\":2,\"name\":\"Productos\",\"item\":\"https:\/\/www.bivaq.com\/es\/shop\/\"},{\"@type\":\"ListItem\",\"position\":3,\"name\":\"Club mesa baja 45&#215;45\"}]},{\"@type\":\"WebSite\",\"@id\":\"https:\/\/www.bivaq.com\/es\/#website\",\"url\":\"https:\/\/www.bivaq.com\/es\/\",\"name\":\"Bivaq\",\"description\":\"Muebles de dise\u00f1o y accesorios para uso exterior\",\"alternateName\":\"Bivaq\",\"potentialAction\":[{\"@type\":\"SearchAction\",\"target\":{\"@type\":\"EntryPoint\",\"urlTemplate\":\"https:\/\/www.bivaq.com\/es\/?s={search_term_string}\"},\"query-input\":{\"@type\":\"PropertyValueSpecification\",\"valueRequired\":true,\"valueName\":\"search_term_string\"}}],\"inLanguage\":\"es\"}]}<\/script>\n<!-- \/ Yoast SEO plugin. -->","yoast_head_json":{"title":"Club mesa baja 45x45 | BIVAQ","description":"Club mesa baja 45x45 Dise\u00f1ador: Andr\u00e9s Bluth A\u00f1o: 2018 Gracias a la ligereza de sus materiales y a su dise\u00f1o de l\u00edneas rectas la Colecci\u00f3n Club puede","robots":{"index":"index","follow":"follow","max-snippet":"max-snippet:-1","max-image-preview":"max-image-preview:large","max-video-preview":"max-video-preview:-1"},"canonical":"https:\/\/www.bivaq.com\/es\/producto\/club-mesa-baja-45x45\/","og_locale":"es_ES","og_type":"article","og_title":"Club mesa baja 45x45 | BIVAQ","og_description":"Club mesa baja 45x45 Dise\u00f1ador: Andr\u00e9s Bluth A\u00f1o: 2018 Gracias a la ligereza de sus materiales y a su dise\u00f1o de l\u00edneas rectas la Colecci\u00f3n Club puede","og_url":"https:\/\/www.bivaq.com\/es\/producto\/club-mesa-baja-45x45\/","og_site_name":"BIVAQ","og_image":[{"width":2560,"height":2560,"url":"https:\/\/www.bivaq.com\/wp-content\/uploads\/2021\/05\/mesita-club-scaled.jpg","type":"image\/jpeg"}],"twitter_card":"summary_large_image","twitter_misc":{"Tiempo de lectura":"1 minuto"},"schema":{"@context":"https:\/\/schema.org","@graph":[{"@type":"WebPage","@id":"https:\/\/www.bivaq.com\/es\/producto\/club-mesa-baja-45x45\/","url":"https:\/\/www.bivaq.com\/es\/producto\/club-mesa-baja-45x45\/","name":"Club mesa baja 45x45 | BIVAQ","isPartOf":{"@id":"https:\/\/www.bivaq.com\/es\/#website"},"primaryImageOfPage":{"@id":"https:\/\/www.bivaq.com\/es\/producto\/club-mesa-baja-45x45\/#primaryimage"},"image":{"@id":"https:\/\/www.bivaq.com\/es\/producto\/club-mesa-baja-45x45\/#primaryimage"},"thumbnailUrl":"https:\/\/www.bivaq.com\/wp-content\/uploads\/2021\/05\/mesita-club-scaled.jpg","datePublished":"2021-05-27T21:53:26+00:00","description":"Club mesa baja 45x45 Dise\u00f1ador: Andr\u00e9s Bluth A\u00f1o: 2018 Gracias a la ligereza de sus materiales y a su dise\u00f1o de l\u00edneas rectas la Colecci\u00f3n Club puede","breadcrumb":{"@id":"https:\/\/www.bivaq.com\/es\/producto\/club-mesa-baja-45x45\/#breadcrumb"},"inLanguage":"es","potentialAction":[{"@type":"ReadAction","target":["https:\/\/www.bivaq.com\/es\/producto\/club-mesa-baja-45x45\/"]}]},{"@type":"ImageObject","inLanguage":"es","@id":"https:\/\/www.bivaq.com\/es\/producto\/club-mesa-baja-45x45\/#primaryimage","url":"https:\/\/www.bivaq.com\/wp-content\/uploads\/2021\/05\/mesita-club-scaled.jpg","contentUrl":"https:\/\/www.bivaq.com\/wp-content\/uploads\/2021\/05\/mesita-club-scaled.jpg","width":2560,"height":2560},{"@type":"BreadcrumbList","@id":"https:\/\/www.bivaq.com\/es\/producto\/club-mesa-baja-45x45\/#breadcrumb","itemListElement":[{"@type":"ListItem","position":1,"name":"Home","item":"https:\/\/www.bivaq.com\/es\/"},{"@type":"ListItem","position":2,"name":"Productos","item":"https:\/\/www.bivaq.com\/es\/shop\/"},{"@type":"ListItem","position":3,"name":"Club mesa baja 45&#215;45"}]},{"@type":"WebSite","@id":"https:\/\/www.bivaq.com\/es\/#website","url":"https:\/\/www.bivaq.com\/es\/","name":"Bivaq","description":"Muebles de dise\u00f1o y accesorios para uso exterior","alternateName":"Bivaq","potentialAction":[{"@type":"SearchAction","target":{"@type":"EntryPoint","urlTemplate":"https:\/\/www.bivaq.com\/es\/?s={search_term_string}"},"query-input":{"@type":"PropertyValueSpecification","valueRequired":true,"valueName":"search_term_string"}}],"inLanguage":"es"}]}},"_links":{"self":[{"href":"https:\/\/www.bivaq.com\/es\/wp-json\/wp\/v2\/product\/5468","targetHints":{"allow":["GET"]}}],"collection":[{"href":"https:\/\/www.bivaq.com\/es\/wp-json\/wp\/v2\/product"}],"about":[{"href":"https:\/\/www.bivaq.com\/es\/wp-json\/wp\/v2\/types\/product"}],"replies":[{"embeddable":true,"href":"https:\/\/www.bivaq.com\/es\/wp-json\/wp\/v2\/comments?post=5468"}],"wp:featuredmedia":[{"embeddable":true,"href":"https:\/\/www.bivaq.com\/es\/wp-json\/wp\/v2\/media\/9829"}],"wp:attachment":[{"href":"https:\/\/www.bivaq.com\/es\/wp-json\/wp\/v2\/media?parent=5468"}],"wp:term":[{"taxonomy":"product_brand","embeddable":true,"href":"https:\/\/www.bivaq.com\/es\/wp-json\/wp\/v2\/product_brand?post=5468"},{"taxonomy":"product_cat","embeddable":true,"href":"https:\/\/www.bivaq.com\/es\/wp-json\/wp\/v2\/product_cat?post=5468"},{"taxonomy":"product_tag","embeddable":true,"href":"https:\/\/www.bivaq.com\/es\/wp-json\/wp\/v2\/product_tag?post=5468"}],"curies":[{"name":"wp","href":"https:\/\/api.w.org\/{rel}","templated":true}]}}