{"id":5466,"date":"2021-05-21T09:09:42","date_gmt":"2021-05-26T08:44:47","guid":{"rendered":"https:\/\/www.bivaq.com\/?post_type=product&#038;p=5466"},"modified":"2024-10-22T15:30:21","modified_gmt":"2024-10-22T15:30:21","slug":"club-tumbona","status":"publish","type":"product","link":"https:\/\/www.bivaq.com\/es\/producto\/club-tumbona\/","title":{"rendered":"Club tumbona"},"content":{"rendered":"<p><strong>Club tumbona<\/strong><\/p>\n<p><strong>Dise\u00f1ador: Andr\u00e9s Bluth<\/strong><\/p>\n<p><strong>A\u00f1o: 2022<\/strong><\/p>\n<p>Gracias a la ligereza de sus materiales y a su dise\u00f1o de l\u00edneas rectas la Colecci\u00f3n Club puede encajar en cualquier ambiente o espacio arquitect\u00f3nico. Los asientos y respaldos est\u00e1n fabricados en tejido vinytex que confieren al producto ligereza, comodidad y frescura. La colecci\u00f3n est\u00e1 compuesta por tumbona, hamaca, silla, taburetes y mesa baja.\u00a0 <a style=\"display:none;\" class=\"collapse-text\" id=\"te384010854\" href=\"javascript:expand('#te384010854')\">+<\/a>\n<div class=\"te_div\" id=\"te384010854\"><script language=\"JavaScript\" type=\"text\/javascript\">expander_hide('#te384010854');<\/script><\/p>\n<ul>\n<li>Estructura producida con aluminio extruido y acabado con pintura de poli\u00e9ster.<\/li>\n<li>Asientos y respaldos fabricados con tejido vinytex<\/li>\n<li><span class=\"fontstyle0\">Disponible en 3 versiones: sin colchoneta, con colchoneta standard (3,5 grosor) o con colchoneta plus (8,5 cm grosor). <\/span><\/li>\n<li><span class=\"fontstyle0\">Disponible con o sin ruedas.<\/span><\/li>\n<li>Apilable, ligera y muy confortable<\/li>\n<li>Consulte tejidos y colores pintura disponible en PDF Acabados.<\/li>\n<li>Otros art\u00edculos disponibles: funda exterior impermeable.<\/li>\n<\/ul>\n<p><\/div><\/p>\n","protected":false},"excerpt":{"rendered":"<p>Club tumbona Dise\u00f1ador: Andr\u00e9s Bluth A\u00f1o: 2022 Gracias a la ligereza de sus materiales y a su dise\u00f1o de l\u00edneas rectas la Colecci\u00f3n Club puede encajar en cualquier ambiente o espacio arquitect\u00f3nico. Los asientos y respaldos est\u00e1n fabricados en tejido vinytex que confieren al producto ligereza, comodidad y frescura. La colecci\u00f3n est\u00e1 compuesta por tumbona, [&hellip;]<\/p>\n","protected":false},"featured_media":9827,"comment_status":"closed","ping_status":"closed","template":"","meta":[],"product_brand":[],"product_cat":[128,107,129,119],"product_tag":[],"class_list":{"0":"post-5466","1":"product","2":"type-product","3":"status-publish","4":"has-post-thumbnail","6":"product_cat-colecciones","7":"product_cat-club-es","8":"product_cat-tipo_de_producto","9":"product_cat-tumbona-2","10":"finish-white-01-es","11":"finish-white-01","13":"first","14":"instock","15":"shipping-taxable","16":"product-type-simple"},"yoast_head":"<!-- This site is optimized with the Yoast SEO plugin v26.7 - https:\/\/yoast.com\/wordpress\/plugins\/seo\/ -->\n<title>Club tumbona | BIVAQ<\/title>\n<meta name=\"description\" content=\"Club tumbona Dise\u00f1ador: Andr\u00e9s Bluth A\u00f1o: 2022 Gracias a la ligereza de sus materiales y a su dise\u00f1o de l\u00edneas rectas la Colecci\u00f3n Club puede encajar en\" \/>\n<meta name=\"robots\" content=\"index, follow, max-snippet:-1, max-image-preview:large, max-video-preview:-1\" \/>\n<link rel=\"canonical\" href=\"https:\/\/www.bivaq.com\/es\/producto\/club-tumbona\/\" \/>\n<meta property=\"og:locale\" content=\"es_ES\" \/>\n<meta property=\"og:type\" content=\"article\" \/>\n<meta property=\"og:title\" content=\"Club tumbona | BIVAQ\" \/>\n<meta property=\"og:description\" content=\"Club tumbona Dise\u00f1ador: Andr\u00e9s Bluth A\u00f1o: 2022 Gracias a la ligereza de sus materiales y a su dise\u00f1o de l\u00edneas rectas la Colecci\u00f3n Club puede encajar en\" \/>\n<meta property=\"og:url\" content=\"https:\/\/www.bivaq.com\/es\/producto\/club-tumbona\/\" \/>\n<meta property=\"og:site_name\" content=\"BIVAQ\" \/>\n<meta property=\"article:modified_time\" content=\"2024-10-22T15:30:21+00:00\" \/>\n<meta property=\"og:image\" content=\"https:\/\/www.bivaq.com\/wp-content\/uploads\/2021\/05\/1-Club-tumbona-indiv.-con-ruedas-DEF-RGB-722-scaled.jpg\" \/>\n\t<meta property=\"og:image:width\" content=\"2560\" \/>\n\t<meta property=\"og:image:height\" content=\"2560\" \/>\n\t<meta property=\"og:image:type\" content=\"image\/jpeg\" \/>\n<meta name=\"twitter:card\" content=\"summary_large_image\" \/>\n<meta name=\"twitter:label1\" content=\"Tiempo de lectura\" \/>\n\t<meta name=\"twitter:data1\" content=\"1 minuto\" \/>\n<script type=\"application\/ld+json\" class=\"yoast-schema-graph\">{\"@context\":\"https:\/\/schema.org\",\"@graph\":[{\"@type\":\"WebPage\",\"@id\":\"https:\/\/www.bivaq.com\/es\/producto\/club-tumbona\/\",\"url\":\"https:\/\/www.bivaq.com\/es\/producto\/club-tumbona\/\",\"name\":\"Club tumbona | BIVAQ\",\"isPartOf\":{\"@id\":\"https:\/\/www.bivaq.com\/es\/#website\"},\"primaryImageOfPage\":{\"@id\":\"https:\/\/www.bivaq.com\/es\/producto\/club-tumbona\/#primaryimage\"},\"image\":{\"@id\":\"https:\/\/www.bivaq.com\/es\/producto\/club-tumbona\/#primaryimage\"},\"thumbnailUrl\":\"https:\/\/www.bivaq.com\/wp-content\/uploads\/2021\/05\/1-Club-tumbona-indiv.-con-ruedas-DEF-RGB-722-scaled.jpg\",\"datePublished\":\"2021-05-26T08:44:47+00:00\",\"dateModified\":\"2024-10-22T15:30:21+00:00\",\"description\":\"Club tumbona Dise\u00f1ador: Andr\u00e9s Bluth A\u00f1o: 2022 Gracias a la ligereza de sus materiales y a su dise\u00f1o de l\u00edneas rectas la Colecci\u00f3n Club puede encajar en\",\"breadcrumb\":{\"@id\":\"https:\/\/www.bivaq.com\/es\/producto\/club-tumbona\/#breadcrumb\"},\"inLanguage\":\"es\",\"potentialAction\":[{\"@type\":\"ReadAction\",\"target\":[\"https:\/\/www.bivaq.com\/es\/producto\/club-tumbona\/\"]}]},{\"@type\":\"ImageObject\",\"inLanguage\":\"es\",\"@id\":\"https:\/\/www.bivaq.com\/es\/producto\/club-tumbona\/#primaryimage\",\"url\":\"https:\/\/www.bivaq.com\/wp-content\/uploads\/2021\/05\/1-Club-tumbona-indiv.-con-ruedas-DEF-RGB-722-scaled.jpg\",\"contentUrl\":\"https:\/\/www.bivaq.com\/wp-content\/uploads\/2021\/05\/1-Club-tumbona-indiv.-con-ruedas-DEF-RGB-722-scaled.jpg\",\"width\":2560,\"height\":2560},{\"@type\":\"BreadcrumbList\",\"@id\":\"https:\/\/www.bivaq.com\/es\/producto\/club-tumbona\/#breadcrumb\",\"itemListElement\":[{\"@type\":\"ListItem\",\"position\":1,\"name\":\"Home\",\"item\":\"https:\/\/www.bivaq.com\/es\/\"},{\"@type\":\"ListItem\",\"position\":2,\"name\":\"Productos\",\"item\":\"https:\/\/www.bivaq.com\/es\/shop\/\"},{\"@type\":\"ListItem\",\"position\":3,\"name\":\"Club tumbona\"}]},{\"@type\":\"WebSite\",\"@id\":\"https:\/\/www.bivaq.com\/es\/#website\",\"url\":\"https:\/\/www.bivaq.com\/es\/\",\"name\":\"Bivaq\",\"description\":\"Muebles de dise\u00f1o y accesorios para uso exterior\",\"alternateName\":\"Bivaq\",\"potentialAction\":[{\"@type\":\"SearchAction\",\"target\":{\"@type\":\"EntryPoint\",\"urlTemplate\":\"https:\/\/www.bivaq.com\/es\/?s={search_term_string}\"},\"query-input\":{\"@type\":\"PropertyValueSpecification\",\"valueRequired\":true,\"valueName\":\"search_term_string\"}}],\"inLanguage\":\"es\"}]}<\/script>\n<!-- \/ Yoast SEO plugin. -->","yoast_head_json":{"title":"Club tumbona | BIVAQ","description":"Club tumbona Dise\u00f1ador: Andr\u00e9s Bluth A\u00f1o: 2022 Gracias a la ligereza de sus materiales y a su dise\u00f1o de l\u00edneas rectas la Colecci\u00f3n Club puede encajar en","robots":{"index":"index","follow":"follow","max-snippet":"max-snippet:-1","max-image-preview":"max-image-preview:large","max-video-preview":"max-video-preview:-1"},"canonical":"https:\/\/www.bivaq.com\/es\/producto\/club-tumbona\/","og_locale":"es_ES","og_type":"article","og_title":"Club tumbona | BIVAQ","og_description":"Club tumbona Dise\u00f1ador: Andr\u00e9s Bluth A\u00f1o: 2022 Gracias a la ligereza de sus materiales y a su dise\u00f1o de l\u00edneas rectas la Colecci\u00f3n Club puede encajar en","og_url":"https:\/\/www.bivaq.com\/es\/producto\/club-tumbona\/","og_site_name":"BIVAQ","article_modified_time":"2024-10-22T15:30:21+00:00","og_image":[{"width":2560,"height":2560,"url":"https:\/\/www.bivaq.com\/wp-content\/uploads\/2021\/05\/1-Club-tumbona-indiv.-con-ruedas-DEF-RGB-722-scaled.jpg","type":"image\/jpeg"}],"twitter_card":"summary_large_image","twitter_misc":{"Tiempo de lectura":"1 minuto"},"schema":{"@context":"https:\/\/schema.org","@graph":[{"@type":"WebPage","@id":"https:\/\/www.bivaq.com\/es\/producto\/club-tumbona\/","url":"https:\/\/www.bivaq.com\/es\/producto\/club-tumbona\/","name":"Club tumbona | BIVAQ","isPartOf":{"@id":"https:\/\/www.bivaq.com\/es\/#website"},"primaryImageOfPage":{"@id":"https:\/\/www.bivaq.com\/es\/producto\/club-tumbona\/#primaryimage"},"image":{"@id":"https:\/\/www.bivaq.com\/es\/producto\/club-tumbona\/#primaryimage"},"thumbnailUrl":"https:\/\/www.bivaq.com\/wp-content\/uploads\/2021\/05\/1-Club-tumbona-indiv.-con-ruedas-DEF-RGB-722-scaled.jpg","datePublished":"2021-05-26T08:44:47+00:00","dateModified":"2024-10-22T15:30:21+00:00","description":"Club tumbona Dise\u00f1ador: Andr\u00e9s Bluth A\u00f1o: 2022 Gracias a la ligereza de sus materiales y a su dise\u00f1o de l\u00edneas rectas la Colecci\u00f3n Club puede encajar en","breadcrumb":{"@id":"https:\/\/www.bivaq.com\/es\/producto\/club-tumbona\/#breadcrumb"},"inLanguage":"es","potentialAction":[{"@type":"ReadAction","target":["https:\/\/www.bivaq.com\/es\/producto\/club-tumbona\/"]}]},{"@type":"ImageObject","inLanguage":"es","@id":"https:\/\/www.bivaq.com\/es\/producto\/club-tumbona\/#primaryimage","url":"https:\/\/www.bivaq.com\/wp-content\/uploads\/2021\/05\/1-Club-tumbona-indiv.-con-ruedas-DEF-RGB-722-scaled.jpg","contentUrl":"https:\/\/www.bivaq.com\/wp-content\/uploads\/2021\/05\/1-Club-tumbona-indiv.-con-ruedas-DEF-RGB-722-scaled.jpg","width":2560,"height":2560},{"@type":"BreadcrumbList","@id":"https:\/\/www.bivaq.com\/es\/producto\/club-tumbona\/#breadcrumb","itemListElement":[{"@type":"ListItem","position":1,"name":"Home","item":"https:\/\/www.bivaq.com\/es\/"},{"@type":"ListItem","position":2,"name":"Productos","item":"https:\/\/www.bivaq.com\/es\/shop\/"},{"@type":"ListItem","position":3,"name":"Club tumbona"}]},{"@type":"WebSite","@id":"https:\/\/www.bivaq.com\/es\/#website","url":"https:\/\/www.bivaq.com\/es\/","name":"Bivaq","description":"Muebles de dise\u00f1o y accesorios para uso exterior","alternateName":"Bivaq","potentialAction":[{"@type":"SearchAction","target":{"@type":"EntryPoint","urlTemplate":"https:\/\/www.bivaq.com\/es\/?s={search_term_string}"},"query-input":{"@type":"PropertyValueSpecification","valueRequired":true,"valueName":"search_term_string"}}],"inLanguage":"es"}]}},"_links":{"self":[{"href":"https:\/\/www.bivaq.com\/es\/wp-json\/wp\/v2\/product\/5466","targetHints":{"allow":["GET"]}}],"collection":[{"href":"https:\/\/www.bivaq.com\/es\/wp-json\/wp\/v2\/product"}],"about":[{"href":"https:\/\/www.bivaq.com\/es\/wp-json\/wp\/v2\/types\/product"}],"replies":[{"embeddable":true,"href":"https:\/\/www.bivaq.com\/es\/wp-json\/wp\/v2\/comments?post=5466"}],"wp:featuredmedia":[{"embeddable":true,"href":"https:\/\/www.bivaq.com\/es\/wp-json\/wp\/v2\/media\/9827"}],"wp:attachment":[{"href":"https:\/\/www.bivaq.com\/es\/wp-json\/wp\/v2\/media?parent=5466"}],"wp:term":[{"taxonomy":"product_brand","embeddable":true,"href":"https:\/\/www.bivaq.com\/es\/wp-json\/wp\/v2\/product_brand?post=5466"},{"taxonomy":"product_cat","embeddable":true,"href":"https:\/\/www.bivaq.com\/es\/wp-json\/wp\/v2\/product_cat?post=5466"},{"taxonomy":"product_tag","embeddable":true,"href":"https:\/\/www.bivaq.com\/es\/wp-json\/wp\/v2\/product_tag?post=5466"}],"curies":[{"name":"wp","href":"https:\/\/api.w.org\/{rel}","templated":true}]}}