{"id":5454,"date":"2021-05-05T17:57:47","date_gmt":"2021-05-26T08:45:36","guid":{"rendered":"https:\/\/www.bivaq.com\/?post_type=product&#038;p=5454"},"modified":"2021-05-26T08:45:36","modified_gmt":"2021-05-26T08:45:36","slug":"nude-modulo-esquinero","status":"publish","type":"product","link":"https:\/\/www.bivaq.com\/es\/producto\/nude-modulo-esquinero\/","title":{"rendered":"Nude m\u00f3dulo esquinero"},"content":{"rendered":"<p><strong>Nude m\u00f3dulo esquinero<\/strong><\/p>\n<p><strong>Dise\u00f1ador: Andr\u00e9s Bluth<\/strong><\/p>\n<p><strong>A\u00f1o: 2013<\/strong><\/p>\n<p>Nude es un sistema modular de sof\u00e1s para exterior de amplias dimensiones que incorpora confortables almohadones unidos a una estructura resistente y sobria que hacen de esta Colecci\u00f3n uno de los m\u00e1ximos exponentes del mueble Contract. Ligera pero a la vez robusta y resistente, requiere un m\u00ednimo mantenimiento que la hace ideal para utilizar en espacios con uso intensivo.\u00a0<a style=\"display:none;\" class=\"collapse-text\" id=\"te213239316\" href=\"javascript:expand('#te213239316')\">+<\/a>\n<div class=\"te_div\" id=\"te213239316\"><script language=\"JavaScript\" type=\"text\/javascript\">expander_hide('#te213239316');<\/script><\/p>\n<ul>\n<li>Estructura producida con aluminio extruido y acabado con pintura de poli\u00e9ster.<\/li>\n<li>Almohadones desenfundables<\/li>\n<li>Consulte tejidos y colores pintura disponible en PDF Acabados.<\/li>\n<li>Otros art\u00edculos disponibles: funda exterior impermeable.<\/li>\n<\/ul>\n<p><\/div><\/p>\n","protected":false},"excerpt":{"rendered":"<p>Nude m\u00f3dulo esquinero Dise\u00f1ador: Andr\u00e9s Bluth A\u00f1o: 2013 Nude es un sistema modular de sof\u00e1s para exterior de amplias dimensiones que incorpora confortables almohadones unidos a una estructura resistente y sobria que hacen de esta Colecci\u00f3n uno de los m\u00e1ximos exponentes del mueble Contract. Ligera pero a la vez robusta y resistente, requiere un m\u00ednimo [&hellip;]<\/p>\n","protected":false},"featured_media":5105,"comment_status":"closed","ping_status":"closed","template":"","meta":[],"product_brand":[],"product_cat":[128,105,129,117],"product_tag":[],"class_list":{"0":"post-5454","1":"product","2":"type-product","3":"status-publish","4":"has-post-thumbnail","6":"product_cat-colecciones","7":"product_cat-nude-es","8":"product_cat-tipo_de_producto","9":"product_cat-sofa-2","10":"finish-white-01-es","11":"finish-white-01","13":"first","14":"instock","15":"shipping-taxable","16":"product-type-simple"},"yoast_head":"<!-- This site is optimized with the Yoast SEO plugin v26.7 - https:\/\/yoast.com\/wordpress\/plugins\/seo\/ -->\n<title>Nude m\u00f3dulo esquinero | BIVAQ<\/title>\n<meta name=\"description\" content=\"Nude m\u00f3dulo esquinero Dise\u00f1ador: Andr\u00e9s Bluth A\u00f1o: 2013 Nude es un sistema modular de sof\u00e1s para exterior de amplias dimensiones que incorpora\" \/>\n<meta name=\"robots\" content=\"index, follow, max-snippet:-1, max-image-preview:large, max-video-preview:-1\" \/>\n<link rel=\"canonical\" href=\"https:\/\/www.bivaq.com\/es\/producto\/nude-modulo-esquinero\/\" \/>\n<meta property=\"og:locale\" content=\"es_ES\" \/>\n<meta property=\"og:type\" content=\"article\" \/>\n<meta property=\"og:title\" content=\"Nude m\u00f3dulo esquinero | BIVAQ\" \/>\n<meta property=\"og:description\" content=\"Nude m\u00f3dulo esquinero Dise\u00f1ador: Andr\u00e9s Bluth A\u00f1o: 2013 Nude es un sistema modular de sof\u00e1s para exterior de amplias dimensiones que incorpora\" \/>\n<meta property=\"og:url\" content=\"https:\/\/www.bivaq.com\/es\/producto\/nude-modulo-esquinero\/\" \/>\n<meta property=\"og:site_name\" content=\"BIVAQ\" \/>\n<meta property=\"og:image\" content=\"https:\/\/www.bivaq.com\/wp-content\/uploads\/2021\/03\/Nude-esq..jpg\" \/>\n\t<meta property=\"og:image:width\" content=\"1800\" \/>\n\t<meta property=\"og:image:height\" content=\"1200\" \/>\n\t<meta property=\"og:image:type\" content=\"image\/jpeg\" \/>\n<meta name=\"twitter:card\" content=\"summary_large_image\" \/>\n<meta name=\"twitter:label1\" content=\"Tiempo de lectura\" \/>\n\t<meta name=\"twitter:data1\" content=\"1 minuto\" \/>\n<script type=\"application\/ld+json\" class=\"yoast-schema-graph\">{\"@context\":\"https:\/\/schema.org\",\"@graph\":[{\"@type\":\"WebPage\",\"@id\":\"https:\/\/www.bivaq.com\/es\/producto\/nude-modulo-esquinero\/\",\"url\":\"https:\/\/www.bivaq.com\/es\/producto\/nude-modulo-esquinero\/\",\"name\":\"Nude m\u00f3dulo esquinero | BIVAQ\",\"isPartOf\":{\"@id\":\"https:\/\/www.bivaq.com\/es\/#website\"},\"primaryImageOfPage\":{\"@id\":\"https:\/\/www.bivaq.com\/es\/producto\/nude-modulo-esquinero\/#primaryimage\"},\"image\":{\"@id\":\"https:\/\/www.bivaq.com\/es\/producto\/nude-modulo-esquinero\/#primaryimage\"},\"thumbnailUrl\":\"https:\/\/www.bivaq.com\/wp-content\/uploads\/2021\/03\/Nude-esq..jpg\",\"datePublished\":\"2021-05-26T08:45:36+00:00\",\"description\":\"Nude m\u00f3dulo esquinero Dise\u00f1ador: Andr\u00e9s Bluth A\u00f1o: 2013 Nude es un sistema modular de sof\u00e1s para exterior de amplias dimensiones que incorpora\",\"breadcrumb\":{\"@id\":\"https:\/\/www.bivaq.com\/es\/producto\/nude-modulo-esquinero\/#breadcrumb\"},\"inLanguage\":\"es\",\"potentialAction\":[{\"@type\":\"ReadAction\",\"target\":[\"https:\/\/www.bivaq.com\/es\/producto\/nude-modulo-esquinero\/\"]}]},{\"@type\":\"ImageObject\",\"inLanguage\":\"es\",\"@id\":\"https:\/\/www.bivaq.com\/es\/producto\/nude-modulo-esquinero\/#primaryimage\",\"url\":\"https:\/\/www.bivaq.com\/wp-content\/uploads\/2021\/03\/Nude-esq..jpg\",\"contentUrl\":\"https:\/\/www.bivaq.com\/wp-content\/uploads\/2021\/03\/Nude-esq..jpg\",\"width\":1800,\"height\":1200},{\"@type\":\"BreadcrumbList\",\"@id\":\"https:\/\/www.bivaq.com\/es\/producto\/nude-modulo-esquinero\/#breadcrumb\",\"itemListElement\":[{\"@type\":\"ListItem\",\"position\":1,\"name\":\"Home\",\"item\":\"https:\/\/www.bivaq.com\/es\/\"},{\"@type\":\"ListItem\",\"position\":2,\"name\":\"Productos\",\"item\":\"https:\/\/www.bivaq.com\/es\/shop\/\"},{\"@type\":\"ListItem\",\"position\":3,\"name\":\"Nude m\u00f3dulo esquinero\"}]},{\"@type\":\"WebSite\",\"@id\":\"https:\/\/www.bivaq.com\/es\/#website\",\"url\":\"https:\/\/www.bivaq.com\/es\/\",\"name\":\"Bivaq\",\"description\":\"Muebles de dise\u00f1o y accesorios para uso exterior\",\"alternateName\":\"Bivaq\",\"potentialAction\":[{\"@type\":\"SearchAction\",\"target\":{\"@type\":\"EntryPoint\",\"urlTemplate\":\"https:\/\/www.bivaq.com\/es\/?s={search_term_string}\"},\"query-input\":{\"@type\":\"PropertyValueSpecification\",\"valueRequired\":true,\"valueName\":\"search_term_string\"}}],\"inLanguage\":\"es\"}]}<\/script>\n<!-- \/ Yoast SEO plugin. -->","yoast_head_json":{"title":"Nude m\u00f3dulo esquinero | BIVAQ","description":"Nude m\u00f3dulo esquinero Dise\u00f1ador: Andr\u00e9s Bluth A\u00f1o: 2013 Nude es un sistema modular de sof\u00e1s para exterior de amplias dimensiones que incorpora","robots":{"index":"index","follow":"follow","max-snippet":"max-snippet:-1","max-image-preview":"max-image-preview:large","max-video-preview":"max-video-preview:-1"},"canonical":"https:\/\/www.bivaq.com\/es\/producto\/nude-modulo-esquinero\/","og_locale":"es_ES","og_type":"article","og_title":"Nude m\u00f3dulo esquinero | BIVAQ","og_description":"Nude m\u00f3dulo esquinero Dise\u00f1ador: Andr\u00e9s Bluth A\u00f1o: 2013 Nude es un sistema modular de sof\u00e1s para exterior de amplias dimensiones que incorpora","og_url":"https:\/\/www.bivaq.com\/es\/producto\/nude-modulo-esquinero\/","og_site_name":"BIVAQ","og_image":[{"width":1800,"height":1200,"url":"https:\/\/www.bivaq.com\/wp-content\/uploads\/2021\/03\/Nude-esq..jpg","type":"image\/jpeg"}],"twitter_card":"summary_large_image","twitter_misc":{"Tiempo de lectura":"1 minuto"},"schema":{"@context":"https:\/\/schema.org","@graph":[{"@type":"WebPage","@id":"https:\/\/www.bivaq.com\/es\/producto\/nude-modulo-esquinero\/","url":"https:\/\/www.bivaq.com\/es\/producto\/nude-modulo-esquinero\/","name":"Nude m\u00f3dulo esquinero | BIVAQ","isPartOf":{"@id":"https:\/\/www.bivaq.com\/es\/#website"},"primaryImageOfPage":{"@id":"https:\/\/www.bivaq.com\/es\/producto\/nude-modulo-esquinero\/#primaryimage"},"image":{"@id":"https:\/\/www.bivaq.com\/es\/producto\/nude-modulo-esquinero\/#primaryimage"},"thumbnailUrl":"https:\/\/www.bivaq.com\/wp-content\/uploads\/2021\/03\/Nude-esq..jpg","datePublished":"2021-05-26T08:45:36+00:00","description":"Nude m\u00f3dulo esquinero Dise\u00f1ador: Andr\u00e9s Bluth A\u00f1o: 2013 Nude es un sistema modular de sof\u00e1s para exterior de amplias dimensiones que incorpora","breadcrumb":{"@id":"https:\/\/www.bivaq.com\/es\/producto\/nude-modulo-esquinero\/#breadcrumb"},"inLanguage":"es","potentialAction":[{"@type":"ReadAction","target":["https:\/\/www.bivaq.com\/es\/producto\/nude-modulo-esquinero\/"]}]},{"@type":"ImageObject","inLanguage":"es","@id":"https:\/\/www.bivaq.com\/es\/producto\/nude-modulo-esquinero\/#primaryimage","url":"https:\/\/www.bivaq.com\/wp-content\/uploads\/2021\/03\/Nude-esq..jpg","contentUrl":"https:\/\/www.bivaq.com\/wp-content\/uploads\/2021\/03\/Nude-esq..jpg","width":1800,"height":1200},{"@type":"BreadcrumbList","@id":"https:\/\/www.bivaq.com\/es\/producto\/nude-modulo-esquinero\/#breadcrumb","itemListElement":[{"@type":"ListItem","position":1,"name":"Home","item":"https:\/\/www.bivaq.com\/es\/"},{"@type":"ListItem","position":2,"name":"Productos","item":"https:\/\/www.bivaq.com\/es\/shop\/"},{"@type":"ListItem","position":3,"name":"Nude m\u00f3dulo esquinero"}]},{"@type":"WebSite","@id":"https:\/\/www.bivaq.com\/es\/#website","url":"https:\/\/www.bivaq.com\/es\/","name":"Bivaq","description":"Muebles de dise\u00f1o y accesorios para uso exterior","alternateName":"Bivaq","potentialAction":[{"@type":"SearchAction","target":{"@type":"EntryPoint","urlTemplate":"https:\/\/www.bivaq.com\/es\/?s={search_term_string}"},"query-input":{"@type":"PropertyValueSpecification","valueRequired":true,"valueName":"search_term_string"}}],"inLanguage":"es"}]}},"_links":{"self":[{"href":"https:\/\/www.bivaq.com\/es\/wp-json\/wp\/v2\/product\/5454","targetHints":{"allow":["GET"]}}],"collection":[{"href":"https:\/\/www.bivaq.com\/es\/wp-json\/wp\/v2\/product"}],"about":[{"href":"https:\/\/www.bivaq.com\/es\/wp-json\/wp\/v2\/types\/product"}],"replies":[{"embeddable":true,"href":"https:\/\/www.bivaq.com\/es\/wp-json\/wp\/v2\/comments?post=5454"}],"wp:featuredmedia":[{"embeddable":true,"href":"https:\/\/www.bivaq.com\/es\/wp-json\/wp\/v2\/media\/5105"}],"wp:attachment":[{"href":"https:\/\/www.bivaq.com\/es\/wp-json\/wp\/v2\/media?parent=5454"}],"wp:term":[{"taxonomy":"product_brand","embeddable":true,"href":"https:\/\/www.bivaq.com\/es\/wp-json\/wp\/v2\/product_brand?post=5454"},{"taxonomy":"product_cat","embeddable":true,"href":"https:\/\/www.bivaq.com\/es\/wp-json\/wp\/v2\/product_cat?post=5454"},{"taxonomy":"product_tag","embeddable":true,"href":"https:\/\/www.bivaq.com\/es\/wp-json\/wp\/v2\/product_tag?post=5454"}],"curies":[{"name":"wp","href":"https:\/\/api.w.org\/{rel}","templated":true}]}}