{"id":5451,"date":"2021-05-21T14:44:30","date_gmt":"2021-05-26T08:39:49","guid":{"rendered":"https:\/\/www.bivaq.com\/?post_type=product&#038;p=5451"},"modified":"2021-05-26T08:39:49","modified_gmt":"2021-05-26T08:39:49","slug":"teja-mesa-baja-o90x40","status":"publish","type":"product","link":"https:\/\/www.bivaq.com\/es\/producto\/teja-mesa-baja-o90x40\/","title":{"rendered":"Teja mesa baja \u00f890&#215;40"},"content":{"rendered":"<p><strong>Teja mesa baja \u00f890&#215;40<\/strong><\/p>\n<p><strong>Dise\u00f1ador: <a href=\"http:\/\/lamamba.es\/\">La Mamba Studio<\/a><\/strong><\/p>\n<p><strong>A\u00f1o: 2020<\/strong><\/p>\n<p>Teja nace de observar diferentes texturas que podemos encontrar en el paisaje mediterr\u00e1neo. Madera, cuerda y metal suelen estar presente en estos espacios, materiales que nos sirven de inspiraci\u00f3n para esta colecci\u00f3n as\u00ed como la superposici\u00f3n de planos de sus tejados que tanto caracterizan las terrazas de esta zona geogr\u00e1fica <a style=\"display:none;\" class=\"collapse-text\" id=\"te1377053001\" href=\"javascript:expand('#te1377053001')\">+<\/a>\n<div class=\"te_div\" id=\"te1377053001\"><script language=\"JavaScript\" type=\"text\/javascript\">expander_hide('#te1377053001');<\/script><\/p>\n<ul>\n<li>Estructura producida con aluminio extruido y acabado con pintura de poli\u00e9ster.<\/li>\n<li>Consulte sobres de mesa y colores pintura disponible en PDF Acabados.<\/li>\n<li>Otros art\u00edculos disponibles: funda exterior impermeable.<\/li>\n<\/ul>\n<p><\/div><\/p>\n","protected":false},"excerpt":{"rendered":"<p>Teja mesa baja \u00f890&#215;40 Dise\u00f1ador: La Mamba Studio A\u00f1o: 2020 Teja nace de observar diferentes texturas que podemos encontrar en el paisaje mediterr\u00e1neo. Madera, cuerda y metal suelen estar presente en estos espacios, materiales que nos sirven de inspiraci\u00f3n para esta colecci\u00f3n as\u00ed como la superposici\u00f3n de planos de sus tejados que tanto caracterizan las [&hellip;]<\/p>\n","protected":false},"featured_media":5256,"comment_status":"closed","ping_status":"closed","template":"","meta":[],"product_brand":[],"product_cat":[128,123,129,115],"product_tag":[],"class_list":{"0":"post-5451","1":"product","2":"type-product","3":"status-publish","4":"has-post-thumbnail","6":"product_cat-colecciones","7":"product_cat-teja-es","8":"product_cat-tipo_de_producto","9":"product_cat-mesa-baja","10":"finish-white-text-10-es","12":"first","13":"instock","14":"shipping-taxable","15":"product-type-simple"},"yoast_head":"<!-- This site is optimized with the Yoast SEO plugin v26.7 - https:\/\/yoast.com\/wordpress\/plugins\/seo\/ -->\n<title>Teja mesa baja \u00f890x40 | BIVAQ<\/title>\n<meta name=\"description\" content=\"Teja mesa baja \u00f890x40 Dise\u00f1ador: La Mamba Studio A\u00f1o: 2020 Teja nace de observar diferentes texturas que podemos encontrar en el paisaje mediterr\u00e1neo.\" \/>\n<meta name=\"robots\" content=\"index, follow, max-snippet:-1, max-image-preview:large, max-video-preview:-1\" \/>\n<link rel=\"canonical\" href=\"https:\/\/www.bivaq.com\/es\/producto\/teja-mesa-baja-o90x40\/\" \/>\n<meta property=\"og:locale\" content=\"es_ES\" \/>\n<meta property=\"og:type\" content=\"article\" \/>\n<meta property=\"og:title\" content=\"Teja mesa baja \u00f890x40 | BIVAQ\" \/>\n<meta property=\"og:description\" content=\"Teja mesa baja \u00f890x40 Dise\u00f1ador: La Mamba Studio A\u00f1o: 2020 Teja nace de observar diferentes texturas que podemos encontrar en el paisaje mediterr\u00e1neo.\" \/>\n<meta property=\"og:url\" content=\"https:\/\/www.bivaq.com\/es\/producto\/teja-mesa-baja-o90x40\/\" \/>\n<meta property=\"og:site_name\" content=\"BIVAQ\" \/>\n<meta property=\"og:image\" content=\"http:\/\/www.bivaq.com\/wp-content\/uploads\/2021\/03\/Teja-IN-low-table-O90-copia.jpg\" \/>\n\t<meta property=\"og:image:width\" content=\"1800\" \/>\n\t<meta property=\"og:image:height\" content=\"1200\" \/>\n\t<meta property=\"og:image:type\" content=\"image\/jpeg\" \/>\n<meta name=\"twitter:card\" content=\"summary_large_image\" \/>\n<script type=\"application\/ld+json\" class=\"yoast-schema-graph\">{\"@context\":\"https:\/\/schema.org\",\"@graph\":[{\"@type\":\"WebPage\",\"@id\":\"https:\/\/www.bivaq.com\/es\/producto\/teja-mesa-baja-o90x40\/\",\"url\":\"https:\/\/www.bivaq.com\/es\/producto\/teja-mesa-baja-o90x40\/\",\"name\":\"Teja mesa baja \u00f890x40 | BIVAQ\",\"isPartOf\":{\"@id\":\"https:\/\/www.bivaq.com\/es\/#website\"},\"primaryImageOfPage\":{\"@id\":\"https:\/\/www.bivaq.com\/es\/producto\/teja-mesa-baja-o90x40\/#primaryimage\"},\"image\":{\"@id\":\"https:\/\/www.bivaq.com\/es\/producto\/teja-mesa-baja-o90x40\/#primaryimage\"},\"thumbnailUrl\":\"https:\/\/www.bivaq.com\/wp-content\/uploads\/2021\/03\/Teja-IN-low-table-O90-copia.jpg\",\"datePublished\":\"2021-05-26T08:39:49+00:00\",\"description\":\"Teja mesa baja \u00f890x40 Dise\u00f1ador: La Mamba Studio A\u00f1o: 2020 Teja nace de observar diferentes texturas que podemos encontrar en el paisaje mediterr\u00e1neo.\",\"breadcrumb\":{\"@id\":\"https:\/\/www.bivaq.com\/es\/producto\/teja-mesa-baja-o90x40\/#breadcrumb\"},\"inLanguage\":\"es\",\"potentialAction\":[{\"@type\":\"ReadAction\",\"target\":[\"https:\/\/www.bivaq.com\/es\/producto\/teja-mesa-baja-o90x40\/\"]}]},{\"@type\":\"ImageObject\",\"inLanguage\":\"es\",\"@id\":\"https:\/\/www.bivaq.com\/es\/producto\/teja-mesa-baja-o90x40\/#primaryimage\",\"url\":\"https:\/\/www.bivaq.com\/wp-content\/uploads\/2021\/03\/Teja-IN-low-table-O90-copia.jpg\",\"contentUrl\":\"https:\/\/www.bivaq.com\/wp-content\/uploads\/2021\/03\/Teja-IN-low-table-O90-copia.jpg\",\"width\":1800,\"height\":1200},{\"@type\":\"BreadcrumbList\",\"@id\":\"https:\/\/www.bivaq.com\/es\/producto\/teja-mesa-baja-o90x40\/#breadcrumb\",\"itemListElement\":[{\"@type\":\"ListItem\",\"position\":1,\"name\":\"Home\",\"item\":\"https:\/\/www.bivaq.com\/es\/\"},{\"@type\":\"ListItem\",\"position\":2,\"name\":\"Productos\",\"item\":\"https:\/\/www.bivaq.com\/es\/shop\/\"},{\"@type\":\"ListItem\",\"position\":3,\"name\":\"Teja mesa baja \u00f890&#215;40\"}]},{\"@type\":\"WebSite\",\"@id\":\"https:\/\/www.bivaq.com\/es\/#website\",\"url\":\"https:\/\/www.bivaq.com\/es\/\",\"name\":\"Bivaq\",\"description\":\"Muebles de dise\u00f1o y accesorios para uso exterior\",\"alternateName\":\"Bivaq\",\"potentialAction\":[{\"@type\":\"SearchAction\",\"target\":{\"@type\":\"EntryPoint\",\"urlTemplate\":\"https:\/\/www.bivaq.com\/es\/?s={search_term_string}\"},\"query-input\":{\"@type\":\"PropertyValueSpecification\",\"valueRequired\":true,\"valueName\":\"search_term_string\"}}],\"inLanguage\":\"es\"}]}<\/script>\n<!-- \/ Yoast SEO plugin. -->","yoast_head_json":{"title":"Teja mesa baja \u00f890x40 | BIVAQ","description":"Teja mesa baja \u00f890x40 Dise\u00f1ador: La Mamba Studio A\u00f1o: 2020 Teja nace de observar diferentes texturas que podemos encontrar en el paisaje mediterr\u00e1neo.","robots":{"index":"index","follow":"follow","max-snippet":"max-snippet:-1","max-image-preview":"max-image-preview:large","max-video-preview":"max-video-preview:-1"},"canonical":"https:\/\/www.bivaq.com\/es\/producto\/teja-mesa-baja-o90x40\/","og_locale":"es_ES","og_type":"article","og_title":"Teja mesa baja \u00f890x40 | BIVAQ","og_description":"Teja mesa baja \u00f890x40 Dise\u00f1ador: La Mamba Studio A\u00f1o: 2020 Teja nace de observar diferentes texturas que podemos encontrar en el paisaje mediterr\u00e1neo.","og_url":"https:\/\/www.bivaq.com\/es\/producto\/teja-mesa-baja-o90x40\/","og_site_name":"BIVAQ","og_image":[{"width":1800,"height":1200,"url":"http:\/\/www.bivaq.com\/wp-content\/uploads\/2021\/03\/Teja-IN-low-table-O90-copia.jpg","type":"image\/jpeg"}],"twitter_card":"summary_large_image","schema":{"@context":"https:\/\/schema.org","@graph":[{"@type":"WebPage","@id":"https:\/\/www.bivaq.com\/es\/producto\/teja-mesa-baja-o90x40\/","url":"https:\/\/www.bivaq.com\/es\/producto\/teja-mesa-baja-o90x40\/","name":"Teja mesa baja \u00f890x40 | BIVAQ","isPartOf":{"@id":"https:\/\/www.bivaq.com\/es\/#website"},"primaryImageOfPage":{"@id":"https:\/\/www.bivaq.com\/es\/producto\/teja-mesa-baja-o90x40\/#primaryimage"},"image":{"@id":"https:\/\/www.bivaq.com\/es\/producto\/teja-mesa-baja-o90x40\/#primaryimage"},"thumbnailUrl":"https:\/\/www.bivaq.com\/wp-content\/uploads\/2021\/03\/Teja-IN-low-table-O90-copia.jpg","datePublished":"2021-05-26T08:39:49+00:00","description":"Teja mesa baja \u00f890x40 Dise\u00f1ador: La Mamba Studio A\u00f1o: 2020 Teja nace de observar diferentes texturas que podemos encontrar en el paisaje mediterr\u00e1neo.","breadcrumb":{"@id":"https:\/\/www.bivaq.com\/es\/producto\/teja-mesa-baja-o90x40\/#breadcrumb"},"inLanguage":"es","potentialAction":[{"@type":"ReadAction","target":["https:\/\/www.bivaq.com\/es\/producto\/teja-mesa-baja-o90x40\/"]}]},{"@type":"ImageObject","inLanguage":"es","@id":"https:\/\/www.bivaq.com\/es\/producto\/teja-mesa-baja-o90x40\/#primaryimage","url":"https:\/\/www.bivaq.com\/wp-content\/uploads\/2021\/03\/Teja-IN-low-table-O90-copia.jpg","contentUrl":"https:\/\/www.bivaq.com\/wp-content\/uploads\/2021\/03\/Teja-IN-low-table-O90-copia.jpg","width":1800,"height":1200},{"@type":"BreadcrumbList","@id":"https:\/\/www.bivaq.com\/es\/producto\/teja-mesa-baja-o90x40\/#breadcrumb","itemListElement":[{"@type":"ListItem","position":1,"name":"Home","item":"https:\/\/www.bivaq.com\/es\/"},{"@type":"ListItem","position":2,"name":"Productos","item":"https:\/\/www.bivaq.com\/es\/shop\/"},{"@type":"ListItem","position":3,"name":"Teja mesa baja \u00f890&#215;40"}]},{"@type":"WebSite","@id":"https:\/\/www.bivaq.com\/es\/#website","url":"https:\/\/www.bivaq.com\/es\/","name":"Bivaq","description":"Muebles de dise\u00f1o y accesorios para uso exterior","alternateName":"Bivaq","potentialAction":[{"@type":"SearchAction","target":{"@type":"EntryPoint","urlTemplate":"https:\/\/www.bivaq.com\/es\/?s={search_term_string}"},"query-input":{"@type":"PropertyValueSpecification","valueRequired":true,"valueName":"search_term_string"}}],"inLanguage":"es"}]}},"_links":{"self":[{"href":"https:\/\/www.bivaq.com\/es\/wp-json\/wp\/v2\/product\/5451","targetHints":{"allow":["GET"]}}],"collection":[{"href":"https:\/\/www.bivaq.com\/es\/wp-json\/wp\/v2\/product"}],"about":[{"href":"https:\/\/www.bivaq.com\/es\/wp-json\/wp\/v2\/types\/product"}],"replies":[{"embeddable":true,"href":"https:\/\/www.bivaq.com\/es\/wp-json\/wp\/v2\/comments?post=5451"}],"wp:featuredmedia":[{"embeddable":true,"href":"https:\/\/www.bivaq.com\/es\/wp-json\/wp\/v2\/media\/5256"}],"wp:attachment":[{"href":"https:\/\/www.bivaq.com\/es\/wp-json\/wp\/v2\/media?parent=5451"}],"wp:term":[{"taxonomy":"product_brand","embeddable":true,"href":"https:\/\/www.bivaq.com\/es\/wp-json\/wp\/v2\/product_brand?post=5451"},{"taxonomy":"product_cat","embeddable":true,"href":"https:\/\/www.bivaq.com\/es\/wp-json\/wp\/v2\/product_cat?post=5451"},{"taxonomy":"product_tag","embeddable":true,"href":"https:\/\/www.bivaq.com\/es\/wp-json\/wp\/v2\/product_tag?post=5451"}],"curies":[{"name":"wp","href":"https:\/\/api.w.org\/{rel}","templated":true}]}}