{"id":5429,"date":"2021-05-21T09:09:43","date_gmt":"2021-05-26T08:47:13","guid":{"rendered":"https:\/\/www.bivaq.com\/?post_type=product&#038;p=5429"},"modified":"2022-04-26T14:04:57","modified_gmt":"2022-04-26T14:04:57","slug":"nak-sofa-xl-s1","status":"publish","type":"product","link":"https:\/\/www.bivaq.com\/es\/producto\/nak-sofa-xl-s1\/","title":{"rendered":"Nak sof\u00e1 XL S1"},"content":{"rendered":"<p><strong>Nak sofa XL S1<\/strong><\/p>\n<p><strong>Dise\u00f1ador : Andr\u00e9s Bluth<\/strong><\/p>\n<p><strong>A\u00f1o: 2010<\/strong><\/p>\n<p>Nak es un programa vers\u00e1til de sof\u00e1s y tumbonas de lineas limpias que puede cambiar su funci\u00f3n e imagen simplemente colocando o retirando los respaldos o brazos que llevan incorporados incorporados sus almohadones. De esta forma, se obtiene un sof\u00e1 con\/sin respaldos y brazos, una amplia chaise longue donde relajarse, un pouf&#8230; <a style=\"display:none;\" class=\"collapse-text\" id=\"te1599123789\" href=\"javascript:expand('#te1599123789')\">+<\/a>\n<div class=\"te_div\" id=\"te1599123789\"><script language=\"JavaScript\" type=\"text\/javascript\">expander_hide('#te1599123789');<\/script><\/p>\n<ul>\n<li>Estructura producida con aluminio extruido y acabado con pintura de poliester.<\/li>\n<li>Permite realizar m\u00faltiples combinaciones como L, U&#8230;, con\/sin respaldos, con\/sin brazos.<\/li>\n<li>Almohadones desmontables y desenfundables.<\/li>\n<li>Consulte tejidos y colores pintura disponibles en PDF Acabados.<\/li>\n<li>Otros art\u00edculos disponibles: funda exterior impermeable.<\/li>\n<\/ul>\n<p><\/div><\/p>\n","protected":false},"excerpt":{"rendered":"<p>Nak sofa XL S1 Dise\u00f1ador : Andr\u00e9s Bluth A\u00f1o: 2010 Nak es un programa vers\u00e1til de sof\u00e1s y tumbonas de lineas limpias que puede cambiar su funci\u00f3n e imagen simplemente colocando o retirando los respaldos o brazos que llevan incorporados incorporados sus almohadones. De esta forma, se obtiene un sof\u00e1 con\/sin respaldos y brazos, una [&hellip;]<\/p>\n","protected":false},"featured_media":4368,"comment_status":"closed","ping_status":"closed","template":"","meta":[],"product_brand":[],"product_cat":[128,104,129,117],"product_tag":[],"class_list":{"0":"post-5429","1":"product","2":"type-product","3":"status-publish","4":"has-post-thumbnail","6":"product_cat-colecciones","7":"product_cat-nak-es","8":"product_cat-tipo_de_producto","9":"product_cat-sofa-2","10":"finish-white-01-es","11":"finish-white-01","13":"first","14":"instock","15":"shipping-taxable","16":"product-type-simple"},"yoast_head":"<!-- This site is optimized with the Yoast SEO plugin v26.7 - https:\/\/yoast.com\/wordpress\/plugins\/seo\/ -->\n<title>Nak sof\u00e1 XL S1 | BIVAQ<\/title>\n<meta name=\"description\" content=\"Nak sofa XL S1 Dise\u00f1ador : Andr\u00e9s Bluth A\u00f1o: 2010 Nak es un programa vers\u00e1til de sof\u00e1s y tumbonas de lineas limpias que puede cambiar su funci\u00f3n e imagen\" \/>\n<meta name=\"robots\" content=\"index, follow, max-snippet:-1, max-image-preview:large, max-video-preview:-1\" \/>\n<link rel=\"canonical\" href=\"https:\/\/www.bivaq.com\/es\/producto\/nak-sofa-xl-s1\/\" \/>\n<meta property=\"og:locale\" content=\"es_ES\" \/>\n<meta property=\"og:type\" content=\"article\" \/>\n<meta property=\"og:title\" content=\"Nak sof\u00e1 XL S1 | BIVAQ\" \/>\n<meta property=\"og:description\" content=\"Nak sofa XL S1 Dise\u00f1ador : Andr\u00e9s Bluth A\u00f1o: 2010 Nak es un programa vers\u00e1til de sof\u00e1s y tumbonas de lineas limpias que puede cambiar su funci\u00f3n e imagen\" \/>\n<meta property=\"og:url\" content=\"https:\/\/www.bivaq.com\/es\/producto\/nak-sofa-xl-s1\/\" \/>\n<meta property=\"og:site_name\" content=\"BIVAQ\" \/>\n<meta property=\"article:modified_time\" content=\"2022-04-26T14:04:57+00:00\" \/>\n<meta property=\"og:image\" content=\"https:\/\/www.bivaq.com\/wp-content\/uploads\/2016\/06\/nak_xls1sofa.jpg\" \/>\n\t<meta property=\"og:image:width\" content=\"1800\" \/>\n\t<meta property=\"og:image:height\" content=\"1200\" \/>\n\t<meta property=\"og:image:type\" content=\"image\/jpeg\" \/>\n<meta name=\"twitter:card\" content=\"summary_large_image\" \/>\n<meta name=\"twitter:label1\" content=\"Tiempo de lectura\" \/>\n\t<meta name=\"twitter:data1\" content=\"1 minuto\" \/>\n<script type=\"application\/ld+json\" class=\"yoast-schema-graph\">{\"@context\":\"https:\/\/schema.org\",\"@graph\":[{\"@type\":\"WebPage\",\"@id\":\"https:\/\/www.bivaq.com\/es\/producto\/nak-sofa-xl-s1\/\",\"url\":\"https:\/\/www.bivaq.com\/es\/producto\/nak-sofa-xl-s1\/\",\"name\":\"Nak sof\u00e1 XL S1 | BIVAQ\",\"isPartOf\":{\"@id\":\"https:\/\/www.bivaq.com\/es\/#website\"},\"primaryImageOfPage\":{\"@id\":\"https:\/\/www.bivaq.com\/es\/producto\/nak-sofa-xl-s1\/#primaryimage\"},\"image\":{\"@id\":\"https:\/\/www.bivaq.com\/es\/producto\/nak-sofa-xl-s1\/#primaryimage\"},\"thumbnailUrl\":\"https:\/\/www.bivaq.com\/wp-content\/uploads\/2016\/06\/nak_xls1sofa.jpg\",\"datePublished\":\"2021-05-26T08:47:13+00:00\",\"dateModified\":\"2022-04-26T14:04:57+00:00\",\"description\":\"Nak sofa XL S1 Dise\u00f1ador : Andr\u00e9s Bluth A\u00f1o: 2010 Nak es un programa vers\u00e1til de sof\u00e1s y tumbonas de lineas limpias que puede cambiar su funci\u00f3n e imagen\",\"breadcrumb\":{\"@id\":\"https:\/\/www.bivaq.com\/es\/producto\/nak-sofa-xl-s1\/#breadcrumb\"},\"inLanguage\":\"es\",\"potentialAction\":[{\"@type\":\"ReadAction\",\"target\":[\"https:\/\/www.bivaq.com\/es\/producto\/nak-sofa-xl-s1\/\"]}]},{\"@type\":\"ImageObject\",\"inLanguage\":\"es\",\"@id\":\"https:\/\/www.bivaq.com\/es\/producto\/nak-sofa-xl-s1\/#primaryimage\",\"url\":\"https:\/\/www.bivaq.com\/wp-content\/uploads\/2016\/06\/nak_xls1sofa.jpg\",\"contentUrl\":\"https:\/\/www.bivaq.com\/wp-content\/uploads\/2016\/06\/nak_xls1sofa.jpg\",\"width\":1800,\"height\":1200},{\"@type\":\"BreadcrumbList\",\"@id\":\"https:\/\/www.bivaq.com\/es\/producto\/nak-sofa-xl-s1\/#breadcrumb\",\"itemListElement\":[{\"@type\":\"ListItem\",\"position\":1,\"name\":\"Home\",\"item\":\"https:\/\/www.bivaq.com\/es\/\"},{\"@type\":\"ListItem\",\"position\":2,\"name\":\"Productos\",\"item\":\"https:\/\/www.bivaq.com\/es\/shop\/\"},{\"@type\":\"ListItem\",\"position\":3,\"name\":\"Nak sof\u00e1 XL S1\"}]},{\"@type\":\"WebSite\",\"@id\":\"https:\/\/www.bivaq.com\/es\/#website\",\"url\":\"https:\/\/www.bivaq.com\/es\/\",\"name\":\"Bivaq\",\"description\":\"Muebles de dise\u00f1o y accesorios para uso exterior\",\"alternateName\":\"Bivaq\",\"potentialAction\":[{\"@type\":\"SearchAction\",\"target\":{\"@type\":\"EntryPoint\",\"urlTemplate\":\"https:\/\/www.bivaq.com\/es\/?s={search_term_string}\"},\"query-input\":{\"@type\":\"PropertyValueSpecification\",\"valueRequired\":true,\"valueName\":\"search_term_string\"}}],\"inLanguage\":\"es\"}]}<\/script>\n<!-- \/ Yoast SEO plugin. -->","yoast_head_json":{"title":"Nak sof\u00e1 XL S1 | BIVAQ","description":"Nak sofa XL S1 Dise\u00f1ador : Andr\u00e9s Bluth A\u00f1o: 2010 Nak es un programa vers\u00e1til de sof\u00e1s y tumbonas de lineas limpias que puede cambiar su funci\u00f3n e imagen","robots":{"index":"index","follow":"follow","max-snippet":"max-snippet:-1","max-image-preview":"max-image-preview:large","max-video-preview":"max-video-preview:-1"},"canonical":"https:\/\/www.bivaq.com\/es\/producto\/nak-sofa-xl-s1\/","og_locale":"es_ES","og_type":"article","og_title":"Nak sof\u00e1 XL S1 | BIVAQ","og_description":"Nak sofa XL S1 Dise\u00f1ador : Andr\u00e9s Bluth A\u00f1o: 2010 Nak es un programa vers\u00e1til de sof\u00e1s y tumbonas de lineas limpias que puede cambiar su funci\u00f3n e imagen","og_url":"https:\/\/www.bivaq.com\/es\/producto\/nak-sofa-xl-s1\/","og_site_name":"BIVAQ","article_modified_time":"2022-04-26T14:04:57+00:00","og_image":[{"width":1800,"height":1200,"url":"https:\/\/www.bivaq.com\/wp-content\/uploads\/2016\/06\/nak_xls1sofa.jpg","type":"image\/jpeg"}],"twitter_card":"summary_large_image","twitter_misc":{"Tiempo de lectura":"1 minuto"},"schema":{"@context":"https:\/\/schema.org","@graph":[{"@type":"WebPage","@id":"https:\/\/www.bivaq.com\/es\/producto\/nak-sofa-xl-s1\/","url":"https:\/\/www.bivaq.com\/es\/producto\/nak-sofa-xl-s1\/","name":"Nak sof\u00e1 XL S1 | BIVAQ","isPartOf":{"@id":"https:\/\/www.bivaq.com\/es\/#website"},"primaryImageOfPage":{"@id":"https:\/\/www.bivaq.com\/es\/producto\/nak-sofa-xl-s1\/#primaryimage"},"image":{"@id":"https:\/\/www.bivaq.com\/es\/producto\/nak-sofa-xl-s1\/#primaryimage"},"thumbnailUrl":"https:\/\/www.bivaq.com\/wp-content\/uploads\/2016\/06\/nak_xls1sofa.jpg","datePublished":"2021-05-26T08:47:13+00:00","dateModified":"2022-04-26T14:04:57+00:00","description":"Nak sofa XL S1 Dise\u00f1ador : Andr\u00e9s Bluth A\u00f1o: 2010 Nak es un programa vers\u00e1til de sof\u00e1s y tumbonas de lineas limpias que puede cambiar su funci\u00f3n e imagen","breadcrumb":{"@id":"https:\/\/www.bivaq.com\/es\/producto\/nak-sofa-xl-s1\/#breadcrumb"},"inLanguage":"es","potentialAction":[{"@type":"ReadAction","target":["https:\/\/www.bivaq.com\/es\/producto\/nak-sofa-xl-s1\/"]}]},{"@type":"ImageObject","inLanguage":"es","@id":"https:\/\/www.bivaq.com\/es\/producto\/nak-sofa-xl-s1\/#primaryimage","url":"https:\/\/www.bivaq.com\/wp-content\/uploads\/2016\/06\/nak_xls1sofa.jpg","contentUrl":"https:\/\/www.bivaq.com\/wp-content\/uploads\/2016\/06\/nak_xls1sofa.jpg","width":1800,"height":1200},{"@type":"BreadcrumbList","@id":"https:\/\/www.bivaq.com\/es\/producto\/nak-sofa-xl-s1\/#breadcrumb","itemListElement":[{"@type":"ListItem","position":1,"name":"Home","item":"https:\/\/www.bivaq.com\/es\/"},{"@type":"ListItem","position":2,"name":"Productos","item":"https:\/\/www.bivaq.com\/es\/shop\/"},{"@type":"ListItem","position":3,"name":"Nak sof\u00e1 XL S1"}]},{"@type":"WebSite","@id":"https:\/\/www.bivaq.com\/es\/#website","url":"https:\/\/www.bivaq.com\/es\/","name":"Bivaq","description":"Muebles de dise\u00f1o y accesorios para uso exterior","alternateName":"Bivaq","potentialAction":[{"@type":"SearchAction","target":{"@type":"EntryPoint","urlTemplate":"https:\/\/www.bivaq.com\/es\/?s={search_term_string}"},"query-input":{"@type":"PropertyValueSpecification","valueRequired":true,"valueName":"search_term_string"}}],"inLanguage":"es"}]}},"_links":{"self":[{"href":"https:\/\/www.bivaq.com\/es\/wp-json\/wp\/v2\/product\/5429","targetHints":{"allow":["GET"]}}],"collection":[{"href":"https:\/\/www.bivaq.com\/es\/wp-json\/wp\/v2\/product"}],"about":[{"href":"https:\/\/www.bivaq.com\/es\/wp-json\/wp\/v2\/types\/product"}],"replies":[{"embeddable":true,"href":"https:\/\/www.bivaq.com\/es\/wp-json\/wp\/v2\/comments?post=5429"}],"wp:featuredmedia":[{"embeddable":true,"href":"https:\/\/www.bivaq.com\/es\/wp-json\/wp\/v2\/media\/4368"}],"wp:attachment":[{"href":"https:\/\/www.bivaq.com\/es\/wp-json\/wp\/v2\/media?parent=5429"}],"wp:term":[{"taxonomy":"product_brand","embeddable":true,"href":"https:\/\/www.bivaq.com\/es\/wp-json\/wp\/v2\/product_brand?post=5429"},{"taxonomy":"product_cat","embeddable":true,"href":"https:\/\/www.bivaq.com\/es\/wp-json\/wp\/v2\/product_cat?post=5429"},{"taxonomy":"product_tag","embeddable":true,"href":"https:\/\/www.bivaq.com\/es\/wp-json\/wp\/v2\/product_tag?post=5429"}],"curies":[{"name":"wp","href":"https:\/\/api.w.org\/{rel}","templated":true}]}}