{"id":5423,"date":"2021-05-21T14:40:52","date_gmt":"2021-05-27T09:51:13","guid":{"rendered":"https:\/\/www.bivaq.com\/?post_type=product&#038;p=5423"},"modified":"2022-04-07T16:50:02","modified_gmt":"2022-04-07T16:50:02","slug":"sit-mesa-pie-central-o120x74","status":"publish","type":"product","link":"https:\/\/www.bivaq.com\/es\/producto\/sit-mesa-pie-central-o120x74\/","title":{"rendered":"Sit mesa pie central \u00f8120&#215;74"},"content":{"rendered":"<p><strong>Sit mesa \u00f8120&#215;74<\/strong><\/p>\n<p><strong>Dise\u00f1ador: Andr\u00e9s Bluth<\/strong><\/p>\n<p><strong>A\u00f1o: 2011<\/strong><\/p>\n<p>Sit es una colecci\u00f3n de imagen actual y contempor\u00e1nea. La estrucutura de pletina maciza de aluminio y la pata tipo \u00abpat\u00edn\u00bb, le confieren a la selecci\u00f3n Sit, una resistencia muy superior a otros productos de exterior.<\/p>\n<p>La amplitud de elementos que integran esta colecci\u00f3n de mobiliario permiten equipar de forma integral y homog\u00e9nea \u00e1reas exteriores, destinadas a diferentes usos: zona de comer, bar, chill out, etc&#8230;<\/p>\n<p><a style=\"display:none;\" class=\"collapse-text\" id=\"te1732270101\" href=\"javascript:expand('#te1732270101')\">+<\/a>\n<div class=\"te_div\" id=\"te1732270101\"><script language=\"JavaScript\" type=\"text\/javascript\">expander_hide('#te1732270101');<\/script><\/p>\n<ul>\n<li>Estructura producida con aluminio extruido y acabado con pintura de poli\u00e9ster.<\/li>\n<li>Consulte sobres de mesa y colores pintura disponibles en PDF Acabados.<\/li>\n<li>Otros art\u00edculos disponibles: funda exterior impermeables<\/li>\n<\/ul>\n<p><\/div><\/p>\n","protected":false},"excerpt":{"rendered":"<p>Sit mesa \u00f8120&#215;74 Dise\u00f1ador: Andr\u00e9s Bluth A\u00f1o: 2011 Sit es una colecci\u00f3n de imagen actual y contempor\u00e1nea. La estrucutura de pletina maciza de aluminio y la pata tipo \u00abpat\u00edn\u00bb, le confieren a la selecci\u00f3n Sit, una resistencia muy superior a otros productos de exterior. La amplitud de elementos que integran esta colecci\u00f3n de mobiliario permiten [&hellip;]<\/p>\n","protected":false},"featured_media":3945,"comment_status":"closed","ping_status":"closed","template":"","meta":[],"product_brand":[],"product_cat":[128,103,129,114],"product_tag":[],"class_list":{"0":"post-5423","1":"product","2":"type-product","3":"status-publish","4":"has-post-thumbnail","6":"product_cat-colecciones","7":"product_cat-sit-es","8":"product_cat-tipo_de_producto","9":"product_cat-mesa-2","10":"finish-white-text-10-es","12":"first","13":"instock","14":"shipping-taxable","15":"product-type-simple"},"yoast_head":"<!-- This site is optimized with the Yoast SEO plugin v26.7 - https:\/\/yoast.com\/wordpress\/plugins\/seo\/ -->\n<title>Sit mesa pie central \u00f8120x74 | BIVAQ<\/title>\n<meta name=\"description\" content=\"Sit mesa \u00f8120x74 Dise\u00f1ador: Andr\u00e9s Bluth A\u00f1o: 2011 Sit es una colecci\u00f3n de imagen actual y contempor\u00e1nea. La estrucutura de pletina maciza de aluminio y\" \/>\n<meta name=\"robots\" content=\"index, follow, max-snippet:-1, max-image-preview:large, max-video-preview:-1\" \/>\n<link rel=\"canonical\" href=\"https:\/\/www.bivaq.com\/es\/producto\/sit-mesa-pie-central-o120x74\/\" \/>\n<meta property=\"og:locale\" content=\"es_ES\" \/>\n<meta property=\"og:type\" content=\"article\" \/>\n<meta property=\"og:title\" content=\"Sit mesa pie central \u00f8120x74 | BIVAQ\" \/>\n<meta property=\"og:description\" content=\"Sit mesa \u00f8120x74 Dise\u00f1ador: Andr\u00e9s Bluth A\u00f1o: 2011 Sit es una colecci\u00f3n de imagen actual y contempor\u00e1nea. La estrucutura de pletina maciza de aluminio y\" \/>\n<meta property=\"og:url\" content=\"https:\/\/www.bivaq.com\/es\/producto\/sit-mesa-pie-central-o120x74\/\" \/>\n<meta property=\"og:site_name\" content=\"BIVAQ\" \/>\n<meta property=\"article:modified_time\" content=\"2022-04-07T16:50:02+00:00\" \/>\n<meta property=\"og:image\" content=\"https:\/\/www.bivaq.com\/wp-content\/uploads\/2016\/06\/sit_diningroundtable.jpg\" \/>\n\t<meta property=\"og:image:width\" content=\"1800\" \/>\n\t<meta property=\"og:image:height\" content=\"1200\" \/>\n\t<meta property=\"og:image:type\" content=\"image\/jpeg\" \/>\n<meta name=\"twitter:card\" content=\"summary_large_image\" \/>\n<meta name=\"twitter:label1\" content=\"Tiempo de lectura\" \/>\n\t<meta name=\"twitter:data1\" content=\"1 minuto\" \/>\n<script type=\"application\/ld+json\" class=\"yoast-schema-graph\">{\"@context\":\"https:\/\/schema.org\",\"@graph\":[{\"@type\":\"WebPage\",\"@id\":\"https:\/\/www.bivaq.com\/es\/producto\/sit-mesa-pie-central-o120x74\/\",\"url\":\"https:\/\/www.bivaq.com\/es\/producto\/sit-mesa-pie-central-o120x74\/\",\"name\":\"Sit mesa pie central \u00f8120x74 | BIVAQ\",\"isPartOf\":{\"@id\":\"https:\/\/www.bivaq.com\/es\/#website\"},\"primaryImageOfPage\":{\"@id\":\"https:\/\/www.bivaq.com\/es\/producto\/sit-mesa-pie-central-o120x74\/#primaryimage\"},\"image\":{\"@id\":\"https:\/\/www.bivaq.com\/es\/producto\/sit-mesa-pie-central-o120x74\/#primaryimage\"},\"thumbnailUrl\":\"https:\/\/www.bivaq.com\/wp-content\/uploads\/2016\/06\/sit_diningroundtable.jpg\",\"datePublished\":\"2021-05-27T09:51:13+00:00\",\"dateModified\":\"2022-04-07T16:50:02+00:00\",\"description\":\"Sit mesa \u00f8120x74 Dise\u00f1ador: Andr\u00e9s Bluth A\u00f1o: 2011 Sit es una colecci\u00f3n de imagen actual y contempor\u00e1nea. La estrucutura de pletina maciza de aluminio y\",\"breadcrumb\":{\"@id\":\"https:\/\/www.bivaq.com\/es\/producto\/sit-mesa-pie-central-o120x74\/#breadcrumb\"},\"inLanguage\":\"es\",\"potentialAction\":[{\"@type\":\"ReadAction\",\"target\":[\"https:\/\/www.bivaq.com\/es\/producto\/sit-mesa-pie-central-o120x74\/\"]}]},{\"@type\":\"ImageObject\",\"inLanguage\":\"es\",\"@id\":\"https:\/\/www.bivaq.com\/es\/producto\/sit-mesa-pie-central-o120x74\/#primaryimage\",\"url\":\"https:\/\/www.bivaq.com\/wp-content\/uploads\/2016\/06\/sit_diningroundtable.jpg\",\"contentUrl\":\"https:\/\/www.bivaq.com\/wp-content\/uploads\/2016\/06\/sit_diningroundtable.jpg\",\"width\":1800,\"height\":1200,\"caption\":\"Sit mesa pie central \u00f8120x74\"},{\"@type\":\"BreadcrumbList\",\"@id\":\"https:\/\/www.bivaq.com\/es\/producto\/sit-mesa-pie-central-o120x74\/#breadcrumb\",\"itemListElement\":[{\"@type\":\"ListItem\",\"position\":1,\"name\":\"Home\",\"item\":\"https:\/\/www.bivaq.com\/es\/\"},{\"@type\":\"ListItem\",\"position\":2,\"name\":\"Productos\",\"item\":\"https:\/\/www.bivaq.com\/es\/shop\/\"},{\"@type\":\"ListItem\",\"position\":3,\"name\":\"Sit mesa pie central \u00f8120&#215;74\"}]},{\"@type\":\"WebSite\",\"@id\":\"https:\/\/www.bivaq.com\/es\/#website\",\"url\":\"https:\/\/www.bivaq.com\/es\/\",\"name\":\"Bivaq\",\"description\":\"Muebles de dise\u00f1o y accesorios para uso exterior\",\"alternateName\":\"Bivaq\",\"potentialAction\":[{\"@type\":\"SearchAction\",\"target\":{\"@type\":\"EntryPoint\",\"urlTemplate\":\"https:\/\/www.bivaq.com\/es\/?s={search_term_string}\"},\"query-input\":{\"@type\":\"PropertyValueSpecification\",\"valueRequired\":true,\"valueName\":\"search_term_string\"}}],\"inLanguage\":\"es\"}]}<\/script>\n<!-- \/ Yoast SEO plugin. -->","yoast_head_json":{"title":"Sit mesa pie central \u00f8120x74 | BIVAQ","description":"Sit mesa \u00f8120x74 Dise\u00f1ador: Andr\u00e9s Bluth A\u00f1o: 2011 Sit es una colecci\u00f3n de imagen actual y contempor\u00e1nea. La estrucutura de pletina maciza de aluminio y","robots":{"index":"index","follow":"follow","max-snippet":"max-snippet:-1","max-image-preview":"max-image-preview:large","max-video-preview":"max-video-preview:-1"},"canonical":"https:\/\/www.bivaq.com\/es\/producto\/sit-mesa-pie-central-o120x74\/","og_locale":"es_ES","og_type":"article","og_title":"Sit mesa pie central \u00f8120x74 | BIVAQ","og_description":"Sit mesa \u00f8120x74 Dise\u00f1ador: Andr\u00e9s Bluth A\u00f1o: 2011 Sit es una colecci\u00f3n de imagen actual y contempor\u00e1nea. La estrucutura de pletina maciza de aluminio y","og_url":"https:\/\/www.bivaq.com\/es\/producto\/sit-mesa-pie-central-o120x74\/","og_site_name":"BIVAQ","article_modified_time":"2022-04-07T16:50:02+00:00","og_image":[{"width":1800,"height":1200,"url":"https:\/\/www.bivaq.com\/wp-content\/uploads\/2016\/06\/sit_diningroundtable.jpg","type":"image\/jpeg"}],"twitter_card":"summary_large_image","twitter_misc":{"Tiempo de lectura":"1 minuto"},"schema":{"@context":"https:\/\/schema.org","@graph":[{"@type":"WebPage","@id":"https:\/\/www.bivaq.com\/es\/producto\/sit-mesa-pie-central-o120x74\/","url":"https:\/\/www.bivaq.com\/es\/producto\/sit-mesa-pie-central-o120x74\/","name":"Sit mesa pie central \u00f8120x74 | BIVAQ","isPartOf":{"@id":"https:\/\/www.bivaq.com\/es\/#website"},"primaryImageOfPage":{"@id":"https:\/\/www.bivaq.com\/es\/producto\/sit-mesa-pie-central-o120x74\/#primaryimage"},"image":{"@id":"https:\/\/www.bivaq.com\/es\/producto\/sit-mesa-pie-central-o120x74\/#primaryimage"},"thumbnailUrl":"https:\/\/www.bivaq.com\/wp-content\/uploads\/2016\/06\/sit_diningroundtable.jpg","datePublished":"2021-05-27T09:51:13+00:00","dateModified":"2022-04-07T16:50:02+00:00","description":"Sit mesa \u00f8120x74 Dise\u00f1ador: Andr\u00e9s Bluth A\u00f1o: 2011 Sit es una colecci\u00f3n de imagen actual y contempor\u00e1nea. La estrucutura de pletina maciza de aluminio y","breadcrumb":{"@id":"https:\/\/www.bivaq.com\/es\/producto\/sit-mesa-pie-central-o120x74\/#breadcrumb"},"inLanguage":"es","potentialAction":[{"@type":"ReadAction","target":["https:\/\/www.bivaq.com\/es\/producto\/sit-mesa-pie-central-o120x74\/"]}]},{"@type":"ImageObject","inLanguage":"es","@id":"https:\/\/www.bivaq.com\/es\/producto\/sit-mesa-pie-central-o120x74\/#primaryimage","url":"https:\/\/www.bivaq.com\/wp-content\/uploads\/2016\/06\/sit_diningroundtable.jpg","contentUrl":"https:\/\/www.bivaq.com\/wp-content\/uploads\/2016\/06\/sit_diningroundtable.jpg","width":1800,"height":1200,"caption":"Sit mesa pie central \u00f8120x74"},{"@type":"BreadcrumbList","@id":"https:\/\/www.bivaq.com\/es\/producto\/sit-mesa-pie-central-o120x74\/#breadcrumb","itemListElement":[{"@type":"ListItem","position":1,"name":"Home","item":"https:\/\/www.bivaq.com\/es\/"},{"@type":"ListItem","position":2,"name":"Productos","item":"https:\/\/www.bivaq.com\/es\/shop\/"},{"@type":"ListItem","position":3,"name":"Sit mesa pie central \u00f8120&#215;74"}]},{"@type":"WebSite","@id":"https:\/\/www.bivaq.com\/es\/#website","url":"https:\/\/www.bivaq.com\/es\/","name":"Bivaq","description":"Muebles de dise\u00f1o y accesorios para uso exterior","alternateName":"Bivaq","potentialAction":[{"@type":"SearchAction","target":{"@type":"EntryPoint","urlTemplate":"https:\/\/www.bivaq.com\/es\/?s={search_term_string}"},"query-input":{"@type":"PropertyValueSpecification","valueRequired":true,"valueName":"search_term_string"}}],"inLanguage":"es"}]}},"_links":{"self":[{"href":"https:\/\/www.bivaq.com\/es\/wp-json\/wp\/v2\/product\/5423","targetHints":{"allow":["GET"]}}],"collection":[{"href":"https:\/\/www.bivaq.com\/es\/wp-json\/wp\/v2\/product"}],"about":[{"href":"https:\/\/www.bivaq.com\/es\/wp-json\/wp\/v2\/types\/product"}],"replies":[{"embeddable":true,"href":"https:\/\/www.bivaq.com\/es\/wp-json\/wp\/v2\/comments?post=5423"}],"wp:featuredmedia":[{"embeddable":true,"href":"https:\/\/www.bivaq.com\/es\/wp-json\/wp\/v2\/media\/3945"}],"wp:attachment":[{"href":"https:\/\/www.bivaq.com\/es\/wp-json\/wp\/v2\/media?parent=5423"}],"wp:term":[{"taxonomy":"product_brand","embeddable":true,"href":"https:\/\/www.bivaq.com\/es\/wp-json\/wp\/v2\/product_brand?post=5423"},{"taxonomy":"product_cat","embeddable":true,"href":"https:\/\/www.bivaq.com\/es\/wp-json\/wp\/v2\/product_cat?post=5423"},{"taxonomy":"product_tag","embeddable":true,"href":"https:\/\/www.bivaq.com\/es\/wp-json\/wp\/v2\/product_tag?post=5423"}],"curies":[{"name":"wp","href":"https:\/\/api.w.org\/{rel}","templated":true}]}}