{"id":5400,"date":"2021-05-05T17:03:45","date_gmt":"2021-05-26T08:53:39","guid":{"rendered":"https:\/\/www.bivaq.com\/?post_type=product&#038;p=5400"},"modified":"2024-02-21T09:24:16","modified_gmt":"2024-02-21T09:24:16","slug":"vint-mesa-oval-baja-130x60x40","status":"publish","type":"product","link":"https:\/\/www.bivaq.com\/es\/producto\/vint-mesa-oval-baja-130x60x40\/","title":{"rendered":"Vint mesa oval baja 130x60x40"},"content":{"rendered":"<p><strong>Vint mesa oval baja 130x60x40<\/strong><\/p>\n<p><strong>Dise\u00f1ador: Andr\u00e9s Bluth<\/strong><\/p>\n<p><strong>A\u00f1o: 2013<\/strong><\/p>\n<p>Las referencias est\u00e9ticas de los a\u00f1os 50 y 60 son evidentes en la colecci\u00f3n Vint. Tubos conificados, mezcla de secciones redondas y rectangulares; un lenguaje formal que viene de la madera llevado al mundo del aluminio.<\/p>\n<p>Conseguimos as\u00ed, un mueble-retro, una reinterpretaci\u00f3n de lo que ya conoc\u00edamos. Vint es capaz de convivir con la arquitectura m\u00e1s minimalista a la vez que con la m\u00e1s tradicional. <a style=\"display:none;\" class=\"collapse-text\" id=\"te991906246\" href=\"javascript:expand('#te991906246')\">+<\/a>\n<div class=\"te_div\" id=\"te991906246\"><script language=\"JavaScript\" type=\"text\/javascript\">expander_hide('#te991906246');<\/script><\/p>\n<ul>\n<li>Estructura producida con aluminio extruido y acabado con aluminio de poli\u00e9ster.<\/li>\n<li>Almohadones desenfundables.<\/li>\n<li>Consulte sobres de mesa y colores pintura disponibles en PDF Acabados<\/li>\n<li>Otros art\u00edculos disponibles: funda exterior impermeable.<\/li>\n<\/ul>\n<p><\/div><\/p>\n","protected":false},"excerpt":{"rendered":"<p>Vint mesa oval baja 130x60x40 Dise\u00f1ador: Andr\u00e9s Bluth A\u00f1o: 2013 Las referencias est\u00e9ticas de los a\u00f1os 50 y 60 son evidentes en la colecci\u00f3n Vint. Tubos conificados, mezcla de secciones redondas y rectangulares; un lenguaje formal que viene de la madera llevado al mundo del aluminio. Conseguimos as\u00ed, un mueble-retro, una reinterpretaci\u00f3n de lo que [&hellip;]<\/p>\n","protected":false},"featured_media":9758,"comment_status":"closed","ping_status":"closed","template":"","meta":[],"product_brand":[],"product_cat":[128,101,129,115],"product_tag":[],"class_list":{"0":"post-5400","1":"product","2":"type-product","3":"status-publish","4":"has-post-thumbnail","6":"product_cat-colecciones","7":"product_cat-vint-es","8":"product_cat-tipo_de_producto","9":"product_cat-mesa-baja","10":"finish-white-text-10-es","12":"first","13":"instock","14":"shipping-taxable","15":"product-type-simple"},"yoast_head":"<!-- This site is optimized with the Yoast SEO plugin v26.7 - https:\/\/yoast.com\/wordpress\/plugins\/seo\/ -->\n<title>Vint mesa oval baja 130x60x40 | BIVAQ<\/title>\n<meta name=\"description\" content=\"Vint mesa oval baja 130x60x40 Dise\u00f1ador: Andr\u00e9s Bluth A\u00f1o: 2013 Las referencias est\u00e9ticas de los a\u00f1os 50 y 60 son evidentes en la colecci\u00f3n Vint. Tubos\" \/>\n<meta name=\"robots\" content=\"index, follow, max-snippet:-1, max-image-preview:large, max-video-preview:-1\" \/>\n<link rel=\"canonical\" href=\"https:\/\/www.bivaq.com\/es\/producto\/vint-mesa-oval-baja-130x60x40\/\" \/>\n<meta property=\"og:locale\" content=\"es_ES\" \/>\n<meta property=\"og:type\" content=\"article\" \/>\n<meta property=\"og:title\" content=\"Vint mesa oval baja 130x60x40 | BIVAQ\" \/>\n<meta property=\"og:description\" content=\"Vint mesa oval baja 130x60x40 Dise\u00f1ador: Andr\u00e9s Bluth A\u00f1o: 2013 Las referencias est\u00e9ticas de los a\u00f1os 50 y 60 son evidentes en la colecci\u00f3n Vint. Tubos\" \/>\n<meta property=\"og:url\" content=\"https:\/\/www.bivaq.com\/es\/producto\/vint-mesa-oval-baja-130x60x40\/\" \/>\n<meta property=\"og:site_name\" content=\"BIVAQ\" \/>\n<meta property=\"article:modified_time\" content=\"2024-02-21T09:24:16+00:00\" \/>\n<meta property=\"og:image\" content=\"https:\/\/www.bivaq.com\/wp-content\/uploads\/2021\/05\/vint-mesa-130x40-1.jpg\" \/>\n\t<meta property=\"og:image:width\" content=\"1879\" \/>\n\t<meta property=\"og:image:height\" content=\"1879\" \/>\n\t<meta property=\"og:image:type\" content=\"image\/jpeg\" \/>\n<meta name=\"twitter:card\" content=\"summary_large_image\" \/>\n<meta name=\"twitter:label1\" content=\"Tiempo de lectura\" \/>\n\t<meta name=\"twitter:data1\" content=\"1 minuto\" \/>\n<script type=\"application\/ld+json\" class=\"yoast-schema-graph\">{\"@context\":\"https:\/\/schema.org\",\"@graph\":[{\"@type\":\"WebPage\",\"@id\":\"https:\/\/www.bivaq.com\/es\/producto\/vint-mesa-oval-baja-130x60x40\/\",\"url\":\"https:\/\/www.bivaq.com\/es\/producto\/vint-mesa-oval-baja-130x60x40\/\",\"name\":\"Vint mesa oval baja 130x60x40 | BIVAQ\",\"isPartOf\":{\"@id\":\"https:\/\/www.bivaq.com\/es\/#website\"},\"primaryImageOfPage\":{\"@id\":\"https:\/\/www.bivaq.com\/es\/producto\/vint-mesa-oval-baja-130x60x40\/#primaryimage\"},\"image\":{\"@id\":\"https:\/\/www.bivaq.com\/es\/producto\/vint-mesa-oval-baja-130x60x40\/#primaryimage\"},\"thumbnailUrl\":\"https:\/\/www.bivaq.com\/wp-content\/uploads\/2021\/05\/vint-mesa-130x40-1.jpg\",\"datePublished\":\"2021-05-26T08:53:39+00:00\",\"dateModified\":\"2024-02-21T09:24:16+00:00\",\"description\":\"Vint mesa oval baja 130x60x40 Dise\u00f1ador: Andr\u00e9s Bluth A\u00f1o: 2013 Las referencias est\u00e9ticas de los a\u00f1os 50 y 60 son evidentes en la colecci\u00f3n Vint. Tubos\",\"breadcrumb\":{\"@id\":\"https:\/\/www.bivaq.com\/es\/producto\/vint-mesa-oval-baja-130x60x40\/#breadcrumb\"},\"inLanguage\":\"es\",\"potentialAction\":[{\"@type\":\"ReadAction\",\"target\":[\"https:\/\/www.bivaq.com\/es\/producto\/vint-mesa-oval-baja-130x60x40\/\"]}]},{\"@type\":\"ImageObject\",\"inLanguage\":\"es\",\"@id\":\"https:\/\/www.bivaq.com\/es\/producto\/vint-mesa-oval-baja-130x60x40\/#primaryimage\",\"url\":\"https:\/\/www.bivaq.com\/wp-content\/uploads\/2021\/05\/vint-mesa-130x40-1.jpg\",\"contentUrl\":\"https:\/\/www.bivaq.com\/wp-content\/uploads\/2021\/05\/vint-mesa-130x40-1.jpg\",\"width\":1879,\"height\":1879},{\"@type\":\"BreadcrumbList\",\"@id\":\"https:\/\/www.bivaq.com\/es\/producto\/vint-mesa-oval-baja-130x60x40\/#breadcrumb\",\"itemListElement\":[{\"@type\":\"ListItem\",\"position\":1,\"name\":\"Home\",\"item\":\"https:\/\/www.bivaq.com\/es\/\"},{\"@type\":\"ListItem\",\"position\":2,\"name\":\"Productos\",\"item\":\"https:\/\/www.bivaq.com\/es\/shop\/\"},{\"@type\":\"ListItem\",\"position\":3,\"name\":\"Vint mesa oval baja 130x60x40\"}]},{\"@type\":\"WebSite\",\"@id\":\"https:\/\/www.bivaq.com\/es\/#website\",\"url\":\"https:\/\/www.bivaq.com\/es\/\",\"name\":\"Bivaq\",\"description\":\"Muebles de dise\u00f1o y accesorios para uso exterior\",\"alternateName\":\"Bivaq\",\"potentialAction\":[{\"@type\":\"SearchAction\",\"target\":{\"@type\":\"EntryPoint\",\"urlTemplate\":\"https:\/\/www.bivaq.com\/es\/?s={search_term_string}\"},\"query-input\":{\"@type\":\"PropertyValueSpecification\",\"valueRequired\":true,\"valueName\":\"search_term_string\"}}],\"inLanguage\":\"es\"}]}<\/script>\n<!-- \/ Yoast SEO plugin. -->","yoast_head_json":{"title":"Vint mesa oval baja 130x60x40 | BIVAQ","description":"Vint mesa oval baja 130x60x40 Dise\u00f1ador: Andr\u00e9s Bluth A\u00f1o: 2013 Las referencias est\u00e9ticas de los a\u00f1os 50 y 60 son evidentes en la colecci\u00f3n Vint. Tubos","robots":{"index":"index","follow":"follow","max-snippet":"max-snippet:-1","max-image-preview":"max-image-preview:large","max-video-preview":"max-video-preview:-1"},"canonical":"https:\/\/www.bivaq.com\/es\/producto\/vint-mesa-oval-baja-130x60x40\/","og_locale":"es_ES","og_type":"article","og_title":"Vint mesa oval baja 130x60x40 | BIVAQ","og_description":"Vint mesa oval baja 130x60x40 Dise\u00f1ador: Andr\u00e9s Bluth A\u00f1o: 2013 Las referencias est\u00e9ticas de los a\u00f1os 50 y 60 son evidentes en la colecci\u00f3n Vint. Tubos","og_url":"https:\/\/www.bivaq.com\/es\/producto\/vint-mesa-oval-baja-130x60x40\/","og_site_name":"BIVAQ","article_modified_time":"2024-02-21T09:24:16+00:00","og_image":[{"width":1879,"height":1879,"url":"https:\/\/www.bivaq.com\/wp-content\/uploads\/2021\/05\/vint-mesa-130x40-1.jpg","type":"image\/jpeg"}],"twitter_card":"summary_large_image","twitter_misc":{"Tiempo de lectura":"1 minuto"},"schema":{"@context":"https:\/\/schema.org","@graph":[{"@type":"WebPage","@id":"https:\/\/www.bivaq.com\/es\/producto\/vint-mesa-oval-baja-130x60x40\/","url":"https:\/\/www.bivaq.com\/es\/producto\/vint-mesa-oval-baja-130x60x40\/","name":"Vint mesa oval baja 130x60x40 | BIVAQ","isPartOf":{"@id":"https:\/\/www.bivaq.com\/es\/#website"},"primaryImageOfPage":{"@id":"https:\/\/www.bivaq.com\/es\/producto\/vint-mesa-oval-baja-130x60x40\/#primaryimage"},"image":{"@id":"https:\/\/www.bivaq.com\/es\/producto\/vint-mesa-oval-baja-130x60x40\/#primaryimage"},"thumbnailUrl":"https:\/\/www.bivaq.com\/wp-content\/uploads\/2021\/05\/vint-mesa-130x40-1.jpg","datePublished":"2021-05-26T08:53:39+00:00","dateModified":"2024-02-21T09:24:16+00:00","description":"Vint mesa oval baja 130x60x40 Dise\u00f1ador: Andr\u00e9s Bluth A\u00f1o: 2013 Las referencias est\u00e9ticas de los a\u00f1os 50 y 60 son evidentes en la colecci\u00f3n Vint. Tubos","breadcrumb":{"@id":"https:\/\/www.bivaq.com\/es\/producto\/vint-mesa-oval-baja-130x60x40\/#breadcrumb"},"inLanguage":"es","potentialAction":[{"@type":"ReadAction","target":["https:\/\/www.bivaq.com\/es\/producto\/vint-mesa-oval-baja-130x60x40\/"]}]},{"@type":"ImageObject","inLanguage":"es","@id":"https:\/\/www.bivaq.com\/es\/producto\/vint-mesa-oval-baja-130x60x40\/#primaryimage","url":"https:\/\/www.bivaq.com\/wp-content\/uploads\/2021\/05\/vint-mesa-130x40-1.jpg","contentUrl":"https:\/\/www.bivaq.com\/wp-content\/uploads\/2021\/05\/vint-mesa-130x40-1.jpg","width":1879,"height":1879},{"@type":"BreadcrumbList","@id":"https:\/\/www.bivaq.com\/es\/producto\/vint-mesa-oval-baja-130x60x40\/#breadcrumb","itemListElement":[{"@type":"ListItem","position":1,"name":"Home","item":"https:\/\/www.bivaq.com\/es\/"},{"@type":"ListItem","position":2,"name":"Productos","item":"https:\/\/www.bivaq.com\/es\/shop\/"},{"@type":"ListItem","position":3,"name":"Vint mesa oval baja 130x60x40"}]},{"@type":"WebSite","@id":"https:\/\/www.bivaq.com\/es\/#website","url":"https:\/\/www.bivaq.com\/es\/","name":"Bivaq","description":"Muebles de dise\u00f1o y accesorios para uso exterior","alternateName":"Bivaq","potentialAction":[{"@type":"SearchAction","target":{"@type":"EntryPoint","urlTemplate":"https:\/\/www.bivaq.com\/es\/?s={search_term_string}"},"query-input":{"@type":"PropertyValueSpecification","valueRequired":true,"valueName":"search_term_string"}}],"inLanguage":"es"}]}},"_links":{"self":[{"href":"https:\/\/www.bivaq.com\/es\/wp-json\/wp\/v2\/product\/5400","targetHints":{"allow":["GET"]}}],"collection":[{"href":"https:\/\/www.bivaq.com\/es\/wp-json\/wp\/v2\/product"}],"about":[{"href":"https:\/\/www.bivaq.com\/es\/wp-json\/wp\/v2\/types\/product"}],"replies":[{"embeddable":true,"href":"https:\/\/www.bivaq.com\/es\/wp-json\/wp\/v2\/comments?post=5400"}],"wp:featuredmedia":[{"embeddable":true,"href":"https:\/\/www.bivaq.com\/es\/wp-json\/wp\/v2\/media\/9758"}],"wp:attachment":[{"href":"https:\/\/www.bivaq.com\/es\/wp-json\/wp\/v2\/media?parent=5400"}],"wp:term":[{"taxonomy":"product_brand","embeddable":true,"href":"https:\/\/www.bivaq.com\/es\/wp-json\/wp\/v2\/product_brand?post=5400"},{"taxonomy":"product_cat","embeddable":true,"href":"https:\/\/www.bivaq.com\/es\/wp-json\/wp\/v2\/product_cat?post=5400"},{"taxonomy":"product_tag","embeddable":true,"href":"https:\/\/www.bivaq.com\/es\/wp-json\/wp\/v2\/product_tag?post=5400"}],"curies":[{"name":"wp","href":"https:\/\/api.w.org\/{rel}","templated":true}]}}