{"id":5395,"date":"2021-05-21T09:09:41","date_gmt":"2021-05-26T08:58:28","guid":{"rendered":"https:\/\/www.bivaq.com\/?post_type=product&#038;p=5395"},"modified":"2022-04-27T17:14:49","modified_gmt":"2022-04-27T17:14:49","slug":"vint-sofa-2-plazas","status":"publish","type":"product","link":"https:\/\/www.bivaq.com\/es\/producto\/vint-sofa-2-plazas\/","title":{"rendered":"Vint Sof\u00e1 2 plazas"},"content":{"rendered":"<p><strong>Vint sof\u00e1 2 plazas<\/strong><\/p>\n<p><strong>Dise\u00f1ador: Andr\u00e9s Bluth<\/strong><\/p>\n<p><strong>A\u00f1o: 2013<\/strong><\/p>\n<p>Las referencias est\u00e9ticas de los a\u00f1os 50 y 60 son evidentes en la colecci\u00f3n Vint. Tubos conificados, mezcla de secciones redondas y rectangulares; un lenguaje formal que viene de la madera llevado al mundo del aluminio.<\/p>\n<p>Conseguimos as\u00ed, un mueble-retro, una reinterpretaci\u00f3n de lo que ya conoc\u00edamos. Vint es capaz de convivir con la arquitectura m\u00e1s minimalista a la vez que con la m\u00e1s tradicional. <a style=\"display:none;\" class=\"collapse-text\" id=\"te842428259\" href=\"javascript:expand('#te842428259')\">+<\/a>\n<div class=\"te_div\" id=\"te842428259\"><script language=\"JavaScript\" type=\"text\/javascript\">expander_hide('#te842428259');<\/script><\/p>\n<ul>\n<li>Estructura producida con aluminio extruido y acabado con aluminio de poli\u00e9ster.<\/li>\n<li>Almohadones desenfundables.<\/li>\n<li>Consulte tejidos y colores pintura disponibles en PDF Acabados<\/li>\n<li>Otros art\u00edculos disponibles: funda exterior impermeable.<\/li>\n<\/ul>\n<p><\/div><\/p>\n","protected":false},"excerpt":{"rendered":"<p>Vint sof\u00e1 2 plazas Dise\u00f1ador: Andr\u00e9s Bluth A\u00f1o: 2013 Las referencias est\u00e9ticas de los a\u00f1os 50 y 60 son evidentes en la colecci\u00f3n Vint. Tubos conificados, mezcla de secciones redondas y rectangulares; un lenguaje formal que viene de la madera llevado al mundo del aluminio. Conseguimos as\u00ed, un mueble-retro, una reinterpretaci\u00f3n de lo que ya [&hellip;]<\/p>\n","protected":false},"featured_media":9744,"comment_status":"closed","ping_status":"closed","template":"","meta":[],"product_brand":[],"product_cat":[128,101,129,117],"product_tag":[],"class_list":{"0":"post-5395","1":"product","2":"type-product","3":"status-publish","4":"has-post-thumbnail","6":"product_cat-colecciones","7":"product_cat-vint-es","8":"product_cat-tipo_de_producto","9":"product_cat-sofa-2","10":"finish-white-text-10-es","12":"first","13":"instock","14":"shipping-taxable","15":"product-type-simple"},"yoast_head":"<!-- This site is optimized with the Yoast SEO plugin v26.7 - https:\/\/yoast.com\/wordpress\/plugins\/seo\/ -->\n<title>Vint Sof\u00e1 2 plazas | BIVAQ<\/title>\n<meta name=\"description\" content=\"Vint sof\u00e1 2 plazas Dise\u00f1ador: Andr\u00e9s Bluth A\u00f1o: 2013 Las referencias est\u00e9ticas de los a\u00f1os 50 y 60 son evidentes en la colecci\u00f3n Vint. Tubos conificados,\" \/>\n<meta name=\"robots\" content=\"index, follow, max-snippet:-1, max-image-preview:large, max-video-preview:-1\" \/>\n<link rel=\"canonical\" href=\"https:\/\/www.bivaq.com\/es\/producto\/vint-sofa-2-plazas\/\" \/>\n<meta property=\"og:locale\" content=\"es_ES\" \/>\n<meta property=\"og:type\" content=\"article\" \/>\n<meta property=\"og:title\" content=\"Vint Sof\u00e1 2 plazas | BIVAQ\" \/>\n<meta property=\"og:description\" content=\"Vint sof\u00e1 2 plazas Dise\u00f1ador: Andr\u00e9s Bluth A\u00f1o: 2013 Las referencias est\u00e9ticas de los a\u00f1os 50 y 60 son evidentes en la colecci\u00f3n Vint. Tubos conificados,\" \/>\n<meta property=\"og:url\" content=\"https:\/\/www.bivaq.com\/es\/producto\/vint-sofa-2-plazas\/\" \/>\n<meta property=\"og:site_name\" content=\"BIVAQ\" \/>\n<meta property=\"article:modified_time\" content=\"2022-04-27T17:14:49+00:00\" \/>\n<meta property=\"og:image\" content=\"https:\/\/www.bivaq.com\/wp-content\/uploads\/2021\/05\/Vint-2-seater-sofa2.jpg\" \/>\n\t<meta property=\"og:image:width\" content=\"2294\" \/>\n\t<meta property=\"og:image:height\" content=\"2294\" \/>\n\t<meta property=\"og:image:type\" content=\"image\/jpeg\" \/>\n<meta name=\"twitter:card\" content=\"summary_large_image\" \/>\n<meta name=\"twitter:label1\" content=\"Tiempo de lectura\" \/>\n\t<meta name=\"twitter:data1\" content=\"1 minuto\" \/>\n<script type=\"application\/ld+json\" class=\"yoast-schema-graph\">{\"@context\":\"https:\/\/schema.org\",\"@graph\":[{\"@type\":\"WebPage\",\"@id\":\"https:\/\/www.bivaq.com\/es\/producto\/vint-sofa-2-plazas\/\",\"url\":\"https:\/\/www.bivaq.com\/es\/producto\/vint-sofa-2-plazas\/\",\"name\":\"Vint Sof\u00e1 2 plazas | BIVAQ\",\"isPartOf\":{\"@id\":\"https:\/\/www.bivaq.com\/es\/#website\"},\"primaryImageOfPage\":{\"@id\":\"https:\/\/www.bivaq.com\/es\/producto\/vint-sofa-2-plazas\/#primaryimage\"},\"image\":{\"@id\":\"https:\/\/www.bivaq.com\/es\/producto\/vint-sofa-2-plazas\/#primaryimage\"},\"thumbnailUrl\":\"https:\/\/www.bivaq.com\/wp-content\/uploads\/2021\/05\/Vint-2-seater-sofa2.jpg\",\"datePublished\":\"2021-05-26T08:58:28+00:00\",\"dateModified\":\"2022-04-27T17:14:49+00:00\",\"description\":\"Vint sof\u00e1 2 plazas Dise\u00f1ador: Andr\u00e9s Bluth A\u00f1o: 2013 Las referencias est\u00e9ticas de los a\u00f1os 50 y 60 son evidentes en la colecci\u00f3n Vint. Tubos conificados,\",\"breadcrumb\":{\"@id\":\"https:\/\/www.bivaq.com\/es\/producto\/vint-sofa-2-plazas\/#breadcrumb\"},\"inLanguage\":\"es\",\"potentialAction\":[{\"@type\":\"ReadAction\",\"target\":[\"https:\/\/www.bivaq.com\/es\/producto\/vint-sofa-2-plazas\/\"]}]},{\"@type\":\"ImageObject\",\"inLanguage\":\"es\",\"@id\":\"https:\/\/www.bivaq.com\/es\/producto\/vint-sofa-2-plazas\/#primaryimage\",\"url\":\"https:\/\/www.bivaq.com\/wp-content\/uploads\/2021\/05\/Vint-2-seater-sofa2.jpg\",\"contentUrl\":\"https:\/\/www.bivaq.com\/wp-content\/uploads\/2021\/05\/Vint-2-seater-sofa2.jpg\",\"width\":2294,\"height\":2294},{\"@type\":\"BreadcrumbList\",\"@id\":\"https:\/\/www.bivaq.com\/es\/producto\/vint-sofa-2-plazas\/#breadcrumb\",\"itemListElement\":[{\"@type\":\"ListItem\",\"position\":1,\"name\":\"Home\",\"item\":\"https:\/\/www.bivaq.com\/es\/\"},{\"@type\":\"ListItem\",\"position\":2,\"name\":\"Productos\",\"item\":\"https:\/\/www.bivaq.com\/es\/shop\/\"},{\"@type\":\"ListItem\",\"position\":3,\"name\":\"Vint Sof\u00e1 2 plazas\"}]},{\"@type\":\"WebSite\",\"@id\":\"https:\/\/www.bivaq.com\/es\/#website\",\"url\":\"https:\/\/www.bivaq.com\/es\/\",\"name\":\"Bivaq\",\"description\":\"Muebles de dise\u00f1o y accesorios para uso exterior\",\"alternateName\":\"Bivaq\",\"potentialAction\":[{\"@type\":\"SearchAction\",\"target\":{\"@type\":\"EntryPoint\",\"urlTemplate\":\"https:\/\/www.bivaq.com\/es\/?s={search_term_string}\"},\"query-input\":{\"@type\":\"PropertyValueSpecification\",\"valueRequired\":true,\"valueName\":\"search_term_string\"}}],\"inLanguage\":\"es\"}]}<\/script>\n<!-- \/ Yoast SEO plugin. -->","yoast_head_json":{"title":"Vint Sof\u00e1 2 plazas | BIVAQ","description":"Vint sof\u00e1 2 plazas Dise\u00f1ador: Andr\u00e9s Bluth A\u00f1o: 2013 Las referencias est\u00e9ticas de los a\u00f1os 50 y 60 son evidentes en la colecci\u00f3n Vint. Tubos conificados,","robots":{"index":"index","follow":"follow","max-snippet":"max-snippet:-1","max-image-preview":"max-image-preview:large","max-video-preview":"max-video-preview:-1"},"canonical":"https:\/\/www.bivaq.com\/es\/producto\/vint-sofa-2-plazas\/","og_locale":"es_ES","og_type":"article","og_title":"Vint Sof\u00e1 2 plazas | BIVAQ","og_description":"Vint sof\u00e1 2 plazas Dise\u00f1ador: Andr\u00e9s Bluth A\u00f1o: 2013 Las referencias est\u00e9ticas de los a\u00f1os 50 y 60 son evidentes en la colecci\u00f3n Vint. Tubos conificados,","og_url":"https:\/\/www.bivaq.com\/es\/producto\/vint-sofa-2-plazas\/","og_site_name":"BIVAQ","article_modified_time":"2022-04-27T17:14:49+00:00","og_image":[{"width":2294,"height":2294,"url":"https:\/\/www.bivaq.com\/wp-content\/uploads\/2021\/05\/Vint-2-seater-sofa2.jpg","type":"image\/jpeg"}],"twitter_card":"summary_large_image","twitter_misc":{"Tiempo de lectura":"1 minuto"},"schema":{"@context":"https:\/\/schema.org","@graph":[{"@type":"WebPage","@id":"https:\/\/www.bivaq.com\/es\/producto\/vint-sofa-2-plazas\/","url":"https:\/\/www.bivaq.com\/es\/producto\/vint-sofa-2-plazas\/","name":"Vint Sof\u00e1 2 plazas | BIVAQ","isPartOf":{"@id":"https:\/\/www.bivaq.com\/es\/#website"},"primaryImageOfPage":{"@id":"https:\/\/www.bivaq.com\/es\/producto\/vint-sofa-2-plazas\/#primaryimage"},"image":{"@id":"https:\/\/www.bivaq.com\/es\/producto\/vint-sofa-2-plazas\/#primaryimage"},"thumbnailUrl":"https:\/\/www.bivaq.com\/wp-content\/uploads\/2021\/05\/Vint-2-seater-sofa2.jpg","datePublished":"2021-05-26T08:58:28+00:00","dateModified":"2022-04-27T17:14:49+00:00","description":"Vint sof\u00e1 2 plazas Dise\u00f1ador: Andr\u00e9s Bluth A\u00f1o: 2013 Las referencias est\u00e9ticas de los a\u00f1os 50 y 60 son evidentes en la colecci\u00f3n Vint. Tubos conificados,","breadcrumb":{"@id":"https:\/\/www.bivaq.com\/es\/producto\/vint-sofa-2-plazas\/#breadcrumb"},"inLanguage":"es","potentialAction":[{"@type":"ReadAction","target":["https:\/\/www.bivaq.com\/es\/producto\/vint-sofa-2-plazas\/"]}]},{"@type":"ImageObject","inLanguage":"es","@id":"https:\/\/www.bivaq.com\/es\/producto\/vint-sofa-2-plazas\/#primaryimage","url":"https:\/\/www.bivaq.com\/wp-content\/uploads\/2021\/05\/Vint-2-seater-sofa2.jpg","contentUrl":"https:\/\/www.bivaq.com\/wp-content\/uploads\/2021\/05\/Vint-2-seater-sofa2.jpg","width":2294,"height":2294},{"@type":"BreadcrumbList","@id":"https:\/\/www.bivaq.com\/es\/producto\/vint-sofa-2-plazas\/#breadcrumb","itemListElement":[{"@type":"ListItem","position":1,"name":"Home","item":"https:\/\/www.bivaq.com\/es\/"},{"@type":"ListItem","position":2,"name":"Productos","item":"https:\/\/www.bivaq.com\/es\/shop\/"},{"@type":"ListItem","position":3,"name":"Vint Sof\u00e1 2 plazas"}]},{"@type":"WebSite","@id":"https:\/\/www.bivaq.com\/es\/#website","url":"https:\/\/www.bivaq.com\/es\/","name":"Bivaq","description":"Muebles de dise\u00f1o y accesorios para uso exterior","alternateName":"Bivaq","potentialAction":[{"@type":"SearchAction","target":{"@type":"EntryPoint","urlTemplate":"https:\/\/www.bivaq.com\/es\/?s={search_term_string}"},"query-input":{"@type":"PropertyValueSpecification","valueRequired":true,"valueName":"search_term_string"}}],"inLanguage":"es"}]}},"_links":{"self":[{"href":"https:\/\/www.bivaq.com\/es\/wp-json\/wp\/v2\/product\/5395","targetHints":{"allow":["GET"]}}],"collection":[{"href":"https:\/\/www.bivaq.com\/es\/wp-json\/wp\/v2\/product"}],"about":[{"href":"https:\/\/www.bivaq.com\/es\/wp-json\/wp\/v2\/types\/product"}],"replies":[{"embeddable":true,"href":"https:\/\/www.bivaq.com\/es\/wp-json\/wp\/v2\/comments?post=5395"}],"wp:featuredmedia":[{"embeddable":true,"href":"https:\/\/www.bivaq.com\/es\/wp-json\/wp\/v2\/media\/9744"}],"wp:attachment":[{"href":"https:\/\/www.bivaq.com\/es\/wp-json\/wp\/v2\/media?parent=5395"}],"wp:term":[{"taxonomy":"product_brand","embeddable":true,"href":"https:\/\/www.bivaq.com\/es\/wp-json\/wp\/v2\/product_brand?post=5395"},{"taxonomy":"product_cat","embeddable":true,"href":"https:\/\/www.bivaq.com\/es\/wp-json\/wp\/v2\/product_cat?post=5395"},{"taxonomy":"product_tag","embeddable":true,"href":"https:\/\/www.bivaq.com\/es\/wp-json\/wp\/v2\/product_tag?post=5395"}],"curies":[{"name":"wp","href":"https:\/\/api.w.org\/{rel}","templated":true}]}}