{"id":4527,"date":"2018-03-08T12:24:31","date_gmt":"2018-03-08T12:24:31","guid":{"rendered":"https:\/\/www.bivaq.com\/product\/mood-xl-modulo-central\/"},"modified":"2023-07-12T10:22:07","modified_gmt":"2023-07-12T10:22:07","slug":"mood-xl-modulo-central","status":"publish","type":"product","link":"https:\/\/www.bivaq.com\/es\/producto\/mood-xl-modulo-central\/","title":{"rendered":"MOOD XL m\u00f3dulo central"},"content":{"rendered":"<p><strong>Dise\u00f1ador: Andr\u00e9s Bluth<\/strong><\/p>\n<p><strong>A\u00f1o: 2018<\/strong><\/p>\n<p>Mood XL es un sistema modular de sof\u00e1s para exterior tapizado con el sistema Screen Cover, exclusivo de Bivaq. Gracias a este sistema se ha desarrollado un mueble tapizado con las prestaciones necesarias para utilizarlo en el exterior.<br \/>\nTodos los materiales de estructura, tapizados y tejidos son aptos para la intemperie y resistentes a los agentes atmosf\u00e9ricos y luz solar. <a style=\"display:none;\" class=\"collapse-text\" id=\"te384635773\" href=\"javascript:expand('#te384635773')\">+<\/a>\n<div class=\"te_div\" id=\"te384635773\"><script language=\"JavaScript\" type=\"text\/javascript\">expander_hide('#te384635773');<\/script><\/p>\n<ul>\n<li>Estructura producida con aluminio extruido y acabado con p\u00edntura de poliester.<\/li>\n<li>La estructura del asiento\/respaldo est\u00e1 producida por el sistema de rotomoldeo.<\/li>\n<li>Almohadones desenfundables.<\/li>\n<li>Consulte tejidos y colores pintura disponibles en PDF Acabados.<\/li>\n<li>Otros art\u00edculos disponibles: funda exterior impermeable.<\/li>\n<\/ul>\n<p><\/div><\/p>\n","protected":false},"excerpt":{"rendered":"<p>Dise\u00f1ador: Andr\u00e9s Bluth A\u00f1o: 2018 Mood XL es un sistema modular de sof\u00e1s para exterior tapizado con el sistema Screen Cover, exclusivo de Bivaq. Gracias a este sistema se ha desarrollado un mueble tapizado con las prestaciones necesarias para utilizarlo en el exterior. Todos los materiales de estructura, tapizados y tejidos son aptos para la [&hellip;]<\/p>\n","protected":false},"featured_media":4528,"comment_status":"closed","ping_status":"closed","template":"","meta":[],"product_brand":[],"product_cat":[128,122,129,117],"product_tag":[],"class_list":{"0":"post-4527","1":"product","2":"type-product","3":"status-publish","4":"has-post-thumbnail","6":"product_cat-colecciones","7":"product_cat-mood-xl-es","8":"product_cat-tipo_de_producto","9":"product_cat-sofa-2","10":"finish-white-01-es","11":"finish-white-01","13":"first","14":"instock","15":"shipping-taxable","16":"product-type-simple"},"yoast_head":"<!-- This site is optimized with the Yoast SEO plugin v26.7 - https:\/\/yoast.com\/wordpress\/plugins\/seo\/ -->\n<title>MOOD XL m\u00f3dulo central | BIVAQ<\/title>\n<meta name=\"description\" content=\"Dise\u00f1ador: Andr\u00e9s Bluth A\u00f1o: 2018 Mood XL es un sistema modular de sof\u00e1s para exterior tapizado con el sistema Screen Cover, exclusivo de Bivaq. Gracias a\" \/>\n<meta name=\"robots\" content=\"index, follow, max-snippet:-1, max-image-preview:large, max-video-preview:-1\" \/>\n<link rel=\"canonical\" href=\"https:\/\/www.bivaq.com\/es\/producto\/mood-xl-modulo-central\/\" \/>\n<meta property=\"og:locale\" content=\"es_ES\" \/>\n<meta property=\"og:type\" content=\"article\" \/>\n<meta property=\"og:title\" content=\"MOOD XL m\u00f3dulo central | BIVAQ\" \/>\n<meta property=\"og:description\" content=\"Dise\u00f1ador: Andr\u00e9s Bluth A\u00f1o: 2018 Mood XL es un sistema modular de sof\u00e1s para exterior tapizado con el sistema Screen Cover, exclusivo de Bivaq. Gracias a\" \/>\n<meta property=\"og:url\" content=\"https:\/\/www.bivaq.com\/es\/producto\/mood-xl-modulo-central\/\" \/>\n<meta property=\"og:site_name\" content=\"BIVAQ\" \/>\n<meta property=\"article:modified_time\" content=\"2023-07-12T10:22:07+00:00\" \/>\n<meta property=\"og:image\" content=\"https:\/\/www.bivaq.com\/wp-content\/uploads\/2018\/03\/bivaq-20-scaled.jpg\" \/>\n\t<meta property=\"og:image:width\" content=\"2560\" \/>\n\t<meta property=\"og:image:height\" content=\"1706\" \/>\n\t<meta property=\"og:image:type\" content=\"image\/jpeg\" \/>\n<meta name=\"twitter:card\" content=\"summary_large_image\" \/>\n<meta name=\"twitter:label1\" content=\"Tiempo de lectura\" \/>\n\t<meta name=\"twitter:data1\" content=\"1 minuto\" \/>\n<script type=\"application\/ld+json\" class=\"yoast-schema-graph\">{\"@context\":\"https:\/\/schema.org\",\"@graph\":[{\"@type\":\"WebPage\",\"@id\":\"https:\/\/www.bivaq.com\/es\/producto\/mood-xl-modulo-central\/\",\"url\":\"https:\/\/www.bivaq.com\/es\/producto\/mood-xl-modulo-central\/\",\"name\":\"MOOD XL m\u00f3dulo central | BIVAQ\",\"isPartOf\":{\"@id\":\"https:\/\/www.bivaq.com\/es\/#website\"},\"primaryImageOfPage\":{\"@id\":\"https:\/\/www.bivaq.com\/es\/producto\/mood-xl-modulo-central\/#primaryimage\"},\"image\":{\"@id\":\"https:\/\/www.bivaq.com\/es\/producto\/mood-xl-modulo-central\/#primaryimage\"},\"thumbnailUrl\":\"https:\/\/www.bivaq.com\/wp-content\/uploads\/2018\/03\/bivaq-20-scaled.jpg\",\"datePublished\":\"2018-03-08T12:24:31+00:00\",\"dateModified\":\"2023-07-12T10:22:07+00:00\",\"description\":\"Dise\u00f1ador: Andr\u00e9s Bluth A\u00f1o: 2018 Mood XL es un sistema modular de sof\u00e1s para exterior tapizado con el sistema Screen Cover, exclusivo de Bivaq. Gracias a\",\"breadcrumb\":{\"@id\":\"https:\/\/www.bivaq.com\/es\/producto\/mood-xl-modulo-central\/#breadcrumb\"},\"inLanguage\":\"es\",\"potentialAction\":[{\"@type\":\"ReadAction\",\"target\":[\"https:\/\/www.bivaq.com\/es\/producto\/mood-xl-modulo-central\/\"]}]},{\"@type\":\"ImageObject\",\"inLanguage\":\"es\",\"@id\":\"https:\/\/www.bivaq.com\/es\/producto\/mood-xl-modulo-central\/#primaryimage\",\"url\":\"https:\/\/www.bivaq.com\/wp-content\/uploads\/2018\/03\/bivaq-20-scaled.jpg\",\"contentUrl\":\"https:\/\/www.bivaq.com\/wp-content\/uploads\/2018\/03\/bivaq-20-scaled.jpg\",\"width\":2560,\"height\":1706},{\"@type\":\"BreadcrumbList\",\"@id\":\"https:\/\/www.bivaq.com\/es\/producto\/mood-xl-modulo-central\/#breadcrumb\",\"itemListElement\":[{\"@type\":\"ListItem\",\"position\":1,\"name\":\"Home\",\"item\":\"https:\/\/www.bivaq.com\/es\/\"},{\"@type\":\"ListItem\",\"position\":2,\"name\":\"Productos\",\"item\":\"https:\/\/www.bivaq.com\/es\/shop\/\"},{\"@type\":\"ListItem\",\"position\":3,\"name\":\"MOOD XL m\u00f3dulo central\"}]},{\"@type\":\"WebSite\",\"@id\":\"https:\/\/www.bivaq.com\/es\/#website\",\"url\":\"https:\/\/www.bivaq.com\/es\/\",\"name\":\"Bivaq\",\"description\":\"Muebles de dise\u00f1o y accesorios para uso exterior\",\"alternateName\":\"Bivaq\",\"potentialAction\":[{\"@type\":\"SearchAction\",\"target\":{\"@type\":\"EntryPoint\",\"urlTemplate\":\"https:\/\/www.bivaq.com\/es\/?s={search_term_string}\"},\"query-input\":{\"@type\":\"PropertyValueSpecification\",\"valueRequired\":true,\"valueName\":\"search_term_string\"}}],\"inLanguage\":\"es\"}]}<\/script>\n<!-- \/ Yoast SEO plugin. -->","yoast_head_json":{"title":"MOOD XL m\u00f3dulo central | BIVAQ","description":"Dise\u00f1ador: Andr\u00e9s Bluth A\u00f1o: 2018 Mood XL es un sistema modular de sof\u00e1s para exterior tapizado con el sistema Screen Cover, exclusivo de Bivaq. Gracias a","robots":{"index":"index","follow":"follow","max-snippet":"max-snippet:-1","max-image-preview":"max-image-preview:large","max-video-preview":"max-video-preview:-1"},"canonical":"https:\/\/www.bivaq.com\/es\/producto\/mood-xl-modulo-central\/","og_locale":"es_ES","og_type":"article","og_title":"MOOD XL m\u00f3dulo central | BIVAQ","og_description":"Dise\u00f1ador: Andr\u00e9s Bluth A\u00f1o: 2018 Mood XL es un sistema modular de sof\u00e1s para exterior tapizado con el sistema Screen Cover, exclusivo de Bivaq. Gracias a","og_url":"https:\/\/www.bivaq.com\/es\/producto\/mood-xl-modulo-central\/","og_site_name":"BIVAQ","article_modified_time":"2023-07-12T10:22:07+00:00","og_image":[{"width":2560,"height":1706,"url":"https:\/\/www.bivaq.com\/wp-content\/uploads\/2018\/03\/bivaq-20-scaled.jpg","type":"image\/jpeg"}],"twitter_card":"summary_large_image","twitter_misc":{"Tiempo de lectura":"1 minuto"},"schema":{"@context":"https:\/\/schema.org","@graph":[{"@type":"WebPage","@id":"https:\/\/www.bivaq.com\/es\/producto\/mood-xl-modulo-central\/","url":"https:\/\/www.bivaq.com\/es\/producto\/mood-xl-modulo-central\/","name":"MOOD XL m\u00f3dulo central | BIVAQ","isPartOf":{"@id":"https:\/\/www.bivaq.com\/es\/#website"},"primaryImageOfPage":{"@id":"https:\/\/www.bivaq.com\/es\/producto\/mood-xl-modulo-central\/#primaryimage"},"image":{"@id":"https:\/\/www.bivaq.com\/es\/producto\/mood-xl-modulo-central\/#primaryimage"},"thumbnailUrl":"https:\/\/www.bivaq.com\/wp-content\/uploads\/2018\/03\/bivaq-20-scaled.jpg","datePublished":"2018-03-08T12:24:31+00:00","dateModified":"2023-07-12T10:22:07+00:00","description":"Dise\u00f1ador: Andr\u00e9s Bluth A\u00f1o: 2018 Mood XL es un sistema modular de sof\u00e1s para exterior tapizado con el sistema Screen Cover, exclusivo de Bivaq. Gracias a","breadcrumb":{"@id":"https:\/\/www.bivaq.com\/es\/producto\/mood-xl-modulo-central\/#breadcrumb"},"inLanguage":"es","potentialAction":[{"@type":"ReadAction","target":["https:\/\/www.bivaq.com\/es\/producto\/mood-xl-modulo-central\/"]}]},{"@type":"ImageObject","inLanguage":"es","@id":"https:\/\/www.bivaq.com\/es\/producto\/mood-xl-modulo-central\/#primaryimage","url":"https:\/\/www.bivaq.com\/wp-content\/uploads\/2018\/03\/bivaq-20-scaled.jpg","contentUrl":"https:\/\/www.bivaq.com\/wp-content\/uploads\/2018\/03\/bivaq-20-scaled.jpg","width":2560,"height":1706},{"@type":"BreadcrumbList","@id":"https:\/\/www.bivaq.com\/es\/producto\/mood-xl-modulo-central\/#breadcrumb","itemListElement":[{"@type":"ListItem","position":1,"name":"Home","item":"https:\/\/www.bivaq.com\/es\/"},{"@type":"ListItem","position":2,"name":"Productos","item":"https:\/\/www.bivaq.com\/es\/shop\/"},{"@type":"ListItem","position":3,"name":"MOOD XL m\u00f3dulo central"}]},{"@type":"WebSite","@id":"https:\/\/www.bivaq.com\/es\/#website","url":"https:\/\/www.bivaq.com\/es\/","name":"Bivaq","description":"Muebles de dise\u00f1o y accesorios para uso exterior","alternateName":"Bivaq","potentialAction":[{"@type":"SearchAction","target":{"@type":"EntryPoint","urlTemplate":"https:\/\/www.bivaq.com\/es\/?s={search_term_string}"},"query-input":{"@type":"PropertyValueSpecification","valueRequired":true,"valueName":"search_term_string"}}],"inLanguage":"es"}]}},"_links":{"self":[{"href":"https:\/\/www.bivaq.com\/es\/wp-json\/wp\/v2\/product\/4527","targetHints":{"allow":["GET"]}}],"collection":[{"href":"https:\/\/www.bivaq.com\/es\/wp-json\/wp\/v2\/product"}],"about":[{"href":"https:\/\/www.bivaq.com\/es\/wp-json\/wp\/v2\/types\/product"}],"replies":[{"embeddable":true,"href":"https:\/\/www.bivaq.com\/es\/wp-json\/wp\/v2\/comments?post=4527"}],"wp:featuredmedia":[{"embeddable":true,"href":"https:\/\/www.bivaq.com\/es\/wp-json\/wp\/v2\/media\/4528"}],"wp:attachment":[{"href":"https:\/\/www.bivaq.com\/es\/wp-json\/wp\/v2\/media?parent=4527"}],"wp:term":[{"taxonomy":"product_brand","embeddable":true,"href":"https:\/\/www.bivaq.com\/es\/wp-json\/wp\/v2\/product_brand?post=4527"},{"taxonomy":"product_cat","embeddable":true,"href":"https:\/\/www.bivaq.com\/es\/wp-json\/wp\/v2\/product_cat?post=4527"},{"taxonomy":"product_tag","embeddable":true,"href":"https:\/\/www.bivaq.com\/es\/wp-json\/wp\/v2\/product_tag?post=4527"}],"curies":[{"name":"wp","href":"https:\/\/api.w.org\/{rel}","templated":true}]}}