{"id":4320,"date":"2021-05-21T09:09:34","date_gmt":"2021-05-25T15:50:41","guid":{"rendered":"https:\/\/www.bivaq.com\/?post_type=product&#038;p=4320"},"modified":"2024-12-12T15:03:26","modified_gmt":"2024-12-12T15:03:26","slug":"teja-sillon-comedor-2","status":"publish","type":"product","link":"https:\/\/www.bivaq.com\/es\/producto\/teja-sillon-comedor-2\/","title":{"rendered":"Teja sill\u00f3n comedor"},"content":{"rendered":"<p><strong>Teja sill\u00f3n comedor<\/strong><\/p>\n<p><strong>Dise\u00f1ador: <a href=\"http:\/\/lamamba.es\/\">La Mamba Studio<\/a><\/strong><\/p>\n<p><strong>A\u00f1o: 2020<\/strong><\/p>\n<p>Teja nace de observar diferentes texturas que podemos encontrar en el paisaje mediterr\u00e1neo. Madera, cuerda y metal suelen estar presente en estos espacios, materiales que nos sirven de inspiraci\u00f3n para esta colecci\u00f3n as\u00ed como la superposici\u00f3n de planos de sus tejados que tanto caracterizan las terrazas de esta zona geogr\u00e1fica <a style=\"display:none;\" class=\"collapse-text\" id=\"te1243711667\" href=\"javascript:expand('#te1243711667')\">+<\/a>\n<div class=\"te_div\" id=\"te1243711667\"><script language=\"JavaScript\" type=\"text\/javascript\">expander_hide('#te1243711667');<\/script><\/p>\n<ul>\n<li>Estructura producida con aluminio extruido y acabado con pintura de poli\u00e9ster<\/li>\n<li>La cuerda marina que recubre el producto est\u00e1 fabricada con hilo de poli\u00e9ster y cord\u00f3n de nylon en el interior, para asegurar la mayor duraci\u00f3n y resistente a la intemperie.<\/li>\n<li>Almohadones desenfundables.<\/li>\n<li>Consulte tejidos y colores pintura disponibles en PDF Acabados<\/li>\n<li>Otros art\u00edculos disponibles: funda exterior impermeable.<\/li>\n<\/ul>\n<p><\/div><\/p>\n","protected":false},"excerpt":{"rendered":"<p>Teja sill\u00f3n comedor Dise\u00f1ador: La Mamba Studio A\u00f1o: 2020 Teja nace de observar diferentes texturas que podemos encontrar en el paisaje mediterr\u00e1neo. Madera, cuerda y metal suelen estar presente en estos espacios, materiales que nos sirven de inspiraci\u00f3n para esta colecci\u00f3n as\u00ed como la superposici\u00f3n de planos de sus tejados que tanto caracterizan las terrazas [&hellip;]<\/p>\n","protected":false},"featured_media":4334,"comment_status":"closed","ping_status":"closed","template":"","meta":[],"product_brand":[],"product_cat":[128,123,129,132],"product_tag":[],"class_list":{"0":"post-4320","1":"product","2":"type-product","3":"status-publish","4":"has-post-thumbnail","6":"product_cat-colecciones","7":"product_cat-teja-es","8":"product_cat-tipo_de_producto","9":"product_cat-silla-es","10":"finish-white-text-10-es","12":"first","13":"instock","14":"shipping-taxable","15":"product-type-simple"},"yoast_head":"<!-- This site is optimized with the Yoast SEO plugin v26.7 - https:\/\/yoast.com\/wordpress\/plugins\/seo\/ -->\n<title>Teja sill\u00f3n comedor | BIVAQ<\/title>\n<meta name=\"description\" content=\"Teja sill\u00f3n comedor Dise\u00f1ador: La Mamba Studio A\u00f1o: 2020 Teja nace de observar diferentes texturas que podemos encontrar en el paisaje mediterr\u00e1neo.\" \/>\n<meta name=\"robots\" content=\"index, follow, max-snippet:-1, max-image-preview:large, max-video-preview:-1\" \/>\n<link rel=\"canonical\" href=\"https:\/\/www.bivaq.com\/es\/producto\/teja-sillon-comedor-2\/\" \/>\n<meta property=\"og:locale\" content=\"es_ES\" \/>\n<meta property=\"og:type\" content=\"article\" \/>\n<meta property=\"og:title\" content=\"Teja sill\u00f3n comedor | BIVAQ\" \/>\n<meta property=\"og:description\" content=\"Teja sill\u00f3n comedor Dise\u00f1ador: La Mamba Studio A\u00f1o: 2020 Teja nace de observar diferentes texturas que podemos encontrar en el paisaje mediterr\u00e1neo.\" \/>\n<meta property=\"og:url\" content=\"https:\/\/www.bivaq.com\/es\/producto\/teja-sillon-comedor-2\/\" \/>\n<meta property=\"og:site_name\" content=\"BIVAQ\" \/>\n<meta property=\"article:modified_time\" content=\"2024-12-12T15:03:26+00:00\" \/>\n<meta property=\"og:image\" content=\"https:\/\/www.bivaq.com\/wp-content\/uploads\/2021\/03\/Teja-IN-dining-armchair-2-copia-1.jpg\" \/>\n\t<meta property=\"og:image:width\" content=\"1800\" \/>\n\t<meta property=\"og:image:height\" content=\"1200\" \/>\n\t<meta property=\"og:image:type\" content=\"image\/jpeg\" \/>\n<meta name=\"twitter:card\" content=\"summary_large_image\" \/>\n<meta name=\"twitter:label1\" content=\"Tiempo de lectura\" \/>\n\t<meta name=\"twitter:data1\" content=\"1 minuto\" \/>\n<script type=\"application\/ld+json\" class=\"yoast-schema-graph\">{\"@context\":\"https:\/\/schema.org\",\"@graph\":[{\"@type\":\"WebPage\",\"@id\":\"https:\/\/www.bivaq.com\/es\/producto\/teja-sillon-comedor-2\/\",\"url\":\"https:\/\/www.bivaq.com\/es\/producto\/teja-sillon-comedor-2\/\",\"name\":\"Teja sill\u00f3n comedor | BIVAQ\",\"isPartOf\":{\"@id\":\"https:\/\/www.bivaq.com\/es\/#website\"},\"primaryImageOfPage\":{\"@id\":\"https:\/\/www.bivaq.com\/es\/producto\/teja-sillon-comedor-2\/#primaryimage\"},\"image\":{\"@id\":\"https:\/\/www.bivaq.com\/es\/producto\/teja-sillon-comedor-2\/#primaryimage\"},\"thumbnailUrl\":\"https:\/\/www.bivaq.com\/wp-content\/uploads\/2021\/03\/Teja-IN-dining-armchair-2-copia-1.jpg\",\"datePublished\":\"2021-05-25T15:50:41+00:00\",\"dateModified\":\"2024-12-12T15:03:26+00:00\",\"description\":\"Teja sill\u00f3n comedor Dise\u00f1ador: La Mamba Studio A\u00f1o: 2020 Teja nace de observar diferentes texturas que podemos encontrar en el paisaje mediterr\u00e1neo.\",\"breadcrumb\":{\"@id\":\"https:\/\/www.bivaq.com\/es\/producto\/teja-sillon-comedor-2\/#breadcrumb\"},\"inLanguage\":\"es\",\"potentialAction\":[{\"@type\":\"ReadAction\",\"target\":[\"https:\/\/www.bivaq.com\/es\/producto\/teja-sillon-comedor-2\/\"]}]},{\"@type\":\"ImageObject\",\"inLanguage\":\"es\",\"@id\":\"https:\/\/www.bivaq.com\/es\/producto\/teja-sillon-comedor-2\/#primaryimage\",\"url\":\"https:\/\/www.bivaq.com\/wp-content\/uploads\/2021\/03\/Teja-IN-dining-armchair-2-copia-1.jpg\",\"contentUrl\":\"https:\/\/www.bivaq.com\/wp-content\/uploads\/2021\/03\/Teja-IN-dining-armchair-2-copia-1.jpg\",\"width\":1800,\"height\":1200},{\"@type\":\"BreadcrumbList\",\"@id\":\"https:\/\/www.bivaq.com\/es\/producto\/teja-sillon-comedor-2\/#breadcrumb\",\"itemListElement\":[{\"@type\":\"ListItem\",\"position\":1,\"name\":\"Home\",\"item\":\"https:\/\/www.bivaq.com\/es\/\"},{\"@type\":\"ListItem\",\"position\":2,\"name\":\"Productos\",\"item\":\"https:\/\/www.bivaq.com\/es\/shop\/\"},{\"@type\":\"ListItem\",\"position\":3,\"name\":\"Teja sill\u00f3n comedor\"}]},{\"@type\":\"WebSite\",\"@id\":\"https:\/\/www.bivaq.com\/es\/#website\",\"url\":\"https:\/\/www.bivaq.com\/es\/\",\"name\":\"Bivaq\",\"description\":\"Muebles de dise\u00f1o y accesorios para uso exterior\",\"alternateName\":\"Bivaq\",\"potentialAction\":[{\"@type\":\"SearchAction\",\"target\":{\"@type\":\"EntryPoint\",\"urlTemplate\":\"https:\/\/www.bivaq.com\/es\/?s={search_term_string}\"},\"query-input\":{\"@type\":\"PropertyValueSpecification\",\"valueRequired\":true,\"valueName\":\"search_term_string\"}}],\"inLanguage\":\"es\"}]}<\/script>\n<!-- \/ Yoast SEO plugin. -->","yoast_head_json":{"title":"Teja sill\u00f3n comedor | BIVAQ","description":"Teja sill\u00f3n comedor Dise\u00f1ador: La Mamba Studio A\u00f1o: 2020 Teja nace de observar diferentes texturas que podemos encontrar en el paisaje mediterr\u00e1neo.","robots":{"index":"index","follow":"follow","max-snippet":"max-snippet:-1","max-image-preview":"max-image-preview:large","max-video-preview":"max-video-preview:-1"},"canonical":"https:\/\/www.bivaq.com\/es\/producto\/teja-sillon-comedor-2\/","og_locale":"es_ES","og_type":"article","og_title":"Teja sill\u00f3n comedor | BIVAQ","og_description":"Teja sill\u00f3n comedor Dise\u00f1ador: La Mamba Studio A\u00f1o: 2020 Teja nace de observar diferentes texturas que podemos encontrar en el paisaje mediterr\u00e1neo.","og_url":"https:\/\/www.bivaq.com\/es\/producto\/teja-sillon-comedor-2\/","og_site_name":"BIVAQ","article_modified_time":"2024-12-12T15:03:26+00:00","og_image":[{"width":1800,"height":1200,"url":"https:\/\/www.bivaq.com\/wp-content\/uploads\/2021\/03\/Teja-IN-dining-armchair-2-copia-1.jpg","type":"image\/jpeg"}],"twitter_card":"summary_large_image","twitter_misc":{"Tiempo de lectura":"1 minuto"},"schema":{"@context":"https:\/\/schema.org","@graph":[{"@type":"WebPage","@id":"https:\/\/www.bivaq.com\/es\/producto\/teja-sillon-comedor-2\/","url":"https:\/\/www.bivaq.com\/es\/producto\/teja-sillon-comedor-2\/","name":"Teja sill\u00f3n comedor | BIVAQ","isPartOf":{"@id":"https:\/\/www.bivaq.com\/es\/#website"},"primaryImageOfPage":{"@id":"https:\/\/www.bivaq.com\/es\/producto\/teja-sillon-comedor-2\/#primaryimage"},"image":{"@id":"https:\/\/www.bivaq.com\/es\/producto\/teja-sillon-comedor-2\/#primaryimage"},"thumbnailUrl":"https:\/\/www.bivaq.com\/wp-content\/uploads\/2021\/03\/Teja-IN-dining-armchair-2-copia-1.jpg","datePublished":"2021-05-25T15:50:41+00:00","dateModified":"2024-12-12T15:03:26+00:00","description":"Teja sill\u00f3n comedor Dise\u00f1ador: La Mamba Studio A\u00f1o: 2020 Teja nace de observar diferentes texturas que podemos encontrar en el paisaje mediterr\u00e1neo.","breadcrumb":{"@id":"https:\/\/www.bivaq.com\/es\/producto\/teja-sillon-comedor-2\/#breadcrumb"},"inLanguage":"es","potentialAction":[{"@type":"ReadAction","target":["https:\/\/www.bivaq.com\/es\/producto\/teja-sillon-comedor-2\/"]}]},{"@type":"ImageObject","inLanguage":"es","@id":"https:\/\/www.bivaq.com\/es\/producto\/teja-sillon-comedor-2\/#primaryimage","url":"https:\/\/www.bivaq.com\/wp-content\/uploads\/2021\/03\/Teja-IN-dining-armchair-2-copia-1.jpg","contentUrl":"https:\/\/www.bivaq.com\/wp-content\/uploads\/2021\/03\/Teja-IN-dining-armchair-2-copia-1.jpg","width":1800,"height":1200},{"@type":"BreadcrumbList","@id":"https:\/\/www.bivaq.com\/es\/producto\/teja-sillon-comedor-2\/#breadcrumb","itemListElement":[{"@type":"ListItem","position":1,"name":"Home","item":"https:\/\/www.bivaq.com\/es\/"},{"@type":"ListItem","position":2,"name":"Productos","item":"https:\/\/www.bivaq.com\/es\/shop\/"},{"@type":"ListItem","position":3,"name":"Teja sill\u00f3n comedor"}]},{"@type":"WebSite","@id":"https:\/\/www.bivaq.com\/es\/#website","url":"https:\/\/www.bivaq.com\/es\/","name":"Bivaq","description":"Muebles de dise\u00f1o y accesorios para uso exterior","alternateName":"Bivaq","potentialAction":[{"@type":"SearchAction","target":{"@type":"EntryPoint","urlTemplate":"https:\/\/www.bivaq.com\/es\/?s={search_term_string}"},"query-input":{"@type":"PropertyValueSpecification","valueRequired":true,"valueName":"search_term_string"}}],"inLanguage":"es"}]}},"_links":{"self":[{"href":"https:\/\/www.bivaq.com\/es\/wp-json\/wp\/v2\/product\/4320","targetHints":{"allow":["GET"]}}],"collection":[{"href":"https:\/\/www.bivaq.com\/es\/wp-json\/wp\/v2\/product"}],"about":[{"href":"https:\/\/www.bivaq.com\/es\/wp-json\/wp\/v2\/types\/product"}],"replies":[{"embeddable":true,"href":"https:\/\/www.bivaq.com\/es\/wp-json\/wp\/v2\/comments?post=4320"}],"wp:featuredmedia":[{"embeddable":true,"href":"https:\/\/www.bivaq.com\/es\/wp-json\/wp\/v2\/media\/4334"}],"wp:attachment":[{"href":"https:\/\/www.bivaq.com\/es\/wp-json\/wp\/v2\/media?parent=4320"}],"wp:term":[{"taxonomy":"product_brand","embeddable":true,"href":"https:\/\/www.bivaq.com\/es\/wp-json\/wp\/v2\/product_brand?post=4320"},{"taxonomy":"product_cat","embeddable":true,"href":"https:\/\/www.bivaq.com\/es\/wp-json\/wp\/v2\/product_cat?post=4320"},{"taxonomy":"product_tag","embeddable":true,"href":"https:\/\/www.bivaq.com\/es\/wp-json\/wp\/v2\/product_tag?post=4320"}],"curies":[{"name":"wp","href":"https:\/\/api.w.org\/{rel}","templated":true}]}}