{"id":7495,"date":"2022-07-22T12:52:27","date_gmt":"2022-07-22T12:52:27","guid":{"rendered":"https:\/\/www.bivaq.com\/registro\/"},"modified":"2022-07-22T12:53:30","modified_gmt":"2022-07-22T12:53:30","slug":"formulario-de-registro","status":"publish","type":"page","link":"https:\/\/www.bivaq.com\/es\/formulario-de-registro\/","title":{"rendered":"Registro"},"content":{"rendered":"<p>Reg\u00edstrate y consigue acceso a nuestro <strong>Professials Area<\/strong>, la secci\u00f3n m\u00e1s exclusiva para profesionales del sector que incluye <strong>recursos y servicios<\/strong> pensados exclusivamente para ti.<\/p>\n<p>Si eres arquitecto, dise\u00f1ador de interiores, periodista o trabajas en la industira, una vez te registres podr\u00e1s encontrar la informaci\u00f3n t\u00e9cnica que necesitas para llevar a cabo tus proyectos. Ventajas incluyen:<\/p>\n<p><strong>Acceso a nuestra biblioteca de im\u00e1genes<\/strong><\/p>\n<p>Insp\u00edrate con nuestras fotograf\u00edas y descarga cualquier imagen para tus proyectos o presentaciones.<\/p>\n<p><strong>Acceso a los archivos t\u00e9cnicos de nuestra colecci\u00f3n<\/strong><\/p>\n<p>Descarga archivos 2D y 3D de nuestros productos en diferentes formatos<\/p>\n","protected":false},"excerpt":{"rendered":"<p>Reg\u00edstrate y consigue acceso a nuestro Professials Area, la secci\u00f3n m\u00e1s exclusiva para profesionales del sector que incluye recursos y servicios pensados exclusivamente para ti. Si eres arquitecto, dise\u00f1ador de interiores, periodista o trabajas en la industira, una vez te registres podr\u00e1s encontrar la informaci\u00f3n t\u00e9cnica que necesitas para llevar a cabo tus proyectos. Ventajas [&hellip;]<\/p>\n","protected":false},"author":9192192,"featured_media":8435,"parent":0,"menu_order":11,"comment_status":"closed","ping_status":"closed","template":"page-templates\/pagina-registre.php","meta":{"footnotes":""},"class_list":["post-7495","page","type-page","status-publish","has-post-thumbnail","hentry"],"yoast_head":"<!-- This site is optimized with the Yoast SEO plugin v26.7 - https:\/\/yoast.com\/wordpress\/plugins\/seo\/ -->\n<title>Registro | BIVAQ<\/title>\n<meta name=\"description\" content=\"Reg\u00edstrate y consigue acceso a nuestro Professials Area, la secci\u00f3n m\u00e1s exclusiva para profesionales del sector que incluye recursos y servicios pensados\" \/>\n<meta name=\"robots\" content=\"index, follow, max-snippet:-1, max-image-preview:large, max-video-preview:-1\" \/>\n<link rel=\"canonical\" href=\"https:\/\/www.bivaq.com\/es\/formulario-de-registro\/\" \/>\n<meta property=\"og:locale\" content=\"es_ES\" \/>\n<meta property=\"og:type\" content=\"article\" \/>\n<meta property=\"og:title\" content=\"Registro | BIVAQ\" \/>\n<meta property=\"og:description\" content=\"Reg\u00edstrate y consigue acceso a nuestro Professials Area, la secci\u00f3n m\u00e1s exclusiva para profesionales del sector que incluye recursos y servicios pensados\" \/>\n<meta property=\"og:url\" content=\"https:\/\/www.bivaq.com\/es\/formulario-de-registro\/\" \/>\n<meta property=\"og:site_name\" content=\"BIVAQ\" \/>\n<meta property=\"article:modified_time\" content=\"2022-07-22T12:53:30+00:00\" \/>\n<meta property=\"og:image\" content=\"https:\/\/www.bivaq.com\/wp-content\/uploads\/2023\/10\/004437r_2013_2835px2-1.jpg\" \/>\n\t<meta property=\"og:image:width\" content=\"1794\" \/>\n\t<meta property=\"og:image:height\" content=\"1435\" \/>\n\t<meta property=\"og:image:type\" content=\"image\/jpeg\" \/>\n<meta name=\"twitter:card\" content=\"summary_large_image\" \/>\n<meta name=\"twitter:label1\" content=\"Tiempo de lectura\" \/>\n\t<meta name=\"twitter:data1\" content=\"1 minuto\" \/>\n<script type=\"application\/ld+json\" class=\"yoast-schema-graph\">{\"@context\":\"https:\/\/schema.org\",\"@graph\":[{\"@type\":\"WebPage\",\"@id\":\"https:\/\/www.bivaq.com\/es\/formulario-de-registro\/\",\"url\":\"https:\/\/www.bivaq.com\/es\/formulario-de-registro\/\",\"name\":\"Registro | BIVAQ\",\"isPartOf\":{\"@id\":\"https:\/\/www.bivaq.com\/es\/#website\"},\"primaryImageOfPage\":{\"@id\":\"https:\/\/www.bivaq.com\/es\/formulario-de-registro\/#primaryimage\"},\"image\":{\"@id\":\"https:\/\/www.bivaq.com\/es\/formulario-de-registro\/#primaryimage\"},\"thumbnailUrl\":\"https:\/\/www.bivaq.com\/wp-content\/uploads\/2023\/10\/004437r_2013_2835px2-1.jpg\",\"datePublished\":\"2022-07-22T12:52:27+00:00\",\"dateModified\":\"2022-07-22T12:53:30+00:00\",\"description\":\"Reg\u00edstrate y consigue acceso a nuestro Professials Area, la secci\u00f3n m\u00e1s exclusiva para profesionales del sector que incluye recursos y servicios pensados\",\"breadcrumb\":{\"@id\":\"https:\/\/www.bivaq.com\/es\/formulario-de-registro\/#breadcrumb\"},\"inLanguage\":\"es\",\"potentialAction\":[{\"@type\":\"ReadAction\",\"target\":[\"https:\/\/www.bivaq.com\/es\/formulario-de-registro\/\"]}]},{\"@type\":\"ImageObject\",\"inLanguage\":\"es\",\"@id\":\"https:\/\/www.bivaq.com\/es\/formulario-de-registro\/#primaryimage\",\"url\":\"https:\/\/www.bivaq.com\/wp-content\/uploads\/2023\/10\/004437r_2013_2835px2-1.jpg\",\"contentUrl\":\"https:\/\/www.bivaq.com\/wp-content\/uploads\/2023\/10\/004437r_2013_2835px2-1.jpg\",\"width\":1794,\"height\":1435},{\"@type\":\"BreadcrumbList\",\"@id\":\"https:\/\/www.bivaq.com\/es\/formulario-de-registro\/#breadcrumb\",\"itemListElement\":[{\"@type\":\"ListItem\",\"position\":1,\"name\":\"Home\",\"item\":\"https:\/\/www.bivaq.com\/es\/\"},{\"@type\":\"ListItem\",\"position\":2,\"name\":\"Registro\"}]},{\"@type\":\"WebSite\",\"@id\":\"https:\/\/www.bivaq.com\/es\/#website\",\"url\":\"https:\/\/www.bivaq.com\/es\/\",\"name\":\"Bivaq\",\"description\":\"Muebles de dise\u00f1o y accesorios para uso exterior\",\"alternateName\":\"Bivaq\",\"potentialAction\":[{\"@type\":\"SearchAction\",\"target\":{\"@type\":\"EntryPoint\",\"urlTemplate\":\"https:\/\/www.bivaq.com\/es\/?s={search_term_string}\"},\"query-input\":{\"@type\":\"PropertyValueSpecification\",\"valueRequired\":true,\"valueName\":\"search_term_string\"}}],\"inLanguage\":\"es\"}]}<\/script>\n<!-- \/ Yoast SEO plugin. -->","yoast_head_json":{"title":"Registro | BIVAQ","description":"Reg\u00edstrate y consigue acceso a nuestro Professials Area, la secci\u00f3n m\u00e1s exclusiva para profesionales del sector que incluye recursos y servicios pensados","robots":{"index":"index","follow":"follow","max-snippet":"max-snippet:-1","max-image-preview":"max-image-preview:large","max-video-preview":"max-video-preview:-1"},"canonical":"https:\/\/www.bivaq.com\/es\/formulario-de-registro\/","og_locale":"es_ES","og_type":"article","og_title":"Registro | BIVAQ","og_description":"Reg\u00edstrate y consigue acceso a nuestro Professials Area, la secci\u00f3n m\u00e1s exclusiva para profesionales del sector que incluye recursos y servicios pensados","og_url":"https:\/\/www.bivaq.com\/es\/formulario-de-registro\/","og_site_name":"BIVAQ","article_modified_time":"2022-07-22T12:53:30+00:00","og_image":[{"width":1794,"height":1435,"url":"https:\/\/www.bivaq.com\/wp-content\/uploads\/2023\/10\/004437r_2013_2835px2-1.jpg","type":"image\/jpeg"}],"twitter_card":"summary_large_image","twitter_misc":{"Tiempo de lectura":"1 minuto"},"schema":{"@context":"https:\/\/schema.org","@graph":[{"@type":"WebPage","@id":"https:\/\/www.bivaq.com\/es\/formulario-de-registro\/","url":"https:\/\/www.bivaq.com\/es\/formulario-de-registro\/","name":"Registro | BIVAQ","isPartOf":{"@id":"https:\/\/www.bivaq.com\/es\/#website"},"primaryImageOfPage":{"@id":"https:\/\/www.bivaq.com\/es\/formulario-de-registro\/#primaryimage"},"image":{"@id":"https:\/\/www.bivaq.com\/es\/formulario-de-registro\/#primaryimage"},"thumbnailUrl":"https:\/\/www.bivaq.com\/wp-content\/uploads\/2023\/10\/004437r_2013_2835px2-1.jpg","datePublished":"2022-07-22T12:52:27+00:00","dateModified":"2022-07-22T12:53:30+00:00","description":"Reg\u00edstrate y consigue acceso a nuestro Professials Area, la secci\u00f3n m\u00e1s exclusiva para profesionales del sector que incluye recursos y servicios pensados","breadcrumb":{"@id":"https:\/\/www.bivaq.com\/es\/formulario-de-registro\/#breadcrumb"},"inLanguage":"es","potentialAction":[{"@type":"ReadAction","target":["https:\/\/www.bivaq.com\/es\/formulario-de-registro\/"]}]},{"@type":"ImageObject","inLanguage":"es","@id":"https:\/\/www.bivaq.com\/es\/formulario-de-registro\/#primaryimage","url":"https:\/\/www.bivaq.com\/wp-content\/uploads\/2023\/10\/004437r_2013_2835px2-1.jpg","contentUrl":"https:\/\/www.bivaq.com\/wp-content\/uploads\/2023\/10\/004437r_2013_2835px2-1.jpg","width":1794,"height":1435},{"@type":"BreadcrumbList","@id":"https:\/\/www.bivaq.com\/es\/formulario-de-registro\/#breadcrumb","itemListElement":[{"@type":"ListItem","position":1,"name":"Home","item":"https:\/\/www.bivaq.com\/es\/"},{"@type":"ListItem","position":2,"name":"Registro"}]},{"@type":"WebSite","@id":"https:\/\/www.bivaq.com\/es\/#website","url":"https:\/\/www.bivaq.com\/es\/","name":"Bivaq","description":"Muebles de dise\u00f1o y accesorios para uso exterior","alternateName":"Bivaq","potentialAction":[{"@type":"SearchAction","target":{"@type":"EntryPoint","urlTemplate":"https:\/\/www.bivaq.com\/es\/?s={search_term_string}"},"query-input":{"@type":"PropertyValueSpecification","valueRequired":true,"valueName":"search_term_string"}}],"inLanguage":"es"}]}},"_links":{"self":[{"href":"https:\/\/www.bivaq.com\/es\/wp-json\/wp\/v2\/pages\/7495","targetHints":{"allow":["GET"]}}],"collection":[{"href":"https:\/\/www.bivaq.com\/es\/wp-json\/wp\/v2\/pages"}],"about":[{"href":"https:\/\/www.bivaq.com\/es\/wp-json\/wp\/v2\/types\/page"}],"author":[{"embeddable":true,"href":"https:\/\/www.bivaq.com\/es\/wp-json\/wp\/v2\/users\/9192192"}],"replies":[{"embeddable":true,"href":"https:\/\/www.bivaq.com\/es\/wp-json\/wp\/v2\/comments?post=7495"}],"version-history":[{"count":1,"href":"https:\/\/www.bivaq.com\/es\/wp-json\/wp\/v2\/pages\/7495\/revisions"}],"predecessor-version":[{"id":7498,"href":"https:\/\/www.bivaq.com\/es\/wp-json\/wp\/v2\/pages\/7495\/revisions\/7498"}],"wp:featuredmedia":[{"embeddable":true,"href":"https:\/\/www.bivaq.com\/es\/wp-json\/wp\/v2\/media\/8435"}],"wp:attachment":[{"href":"https:\/\/www.bivaq.com\/es\/wp-json\/wp\/v2\/media?parent=7495"}],"curies":[{"name":"wp","href":"https:\/\/api.w.org\/{rel}","templated":true}]}}