{"id":3771,"date":"2016-07-08T16:56:23","date_gmt":"2016-07-08T16:56:23","guid":{"rendered":"https:\/\/www.bivaq.com\/politica-de-privacidad\/"},"modified":"2016-07-08T16:56:23","modified_gmt":"2016-07-08T16:56:23","slug":"politica-de-privacidad","status":"publish","type":"page","link":"https:\/\/www.bivaq.com\/es\/politica-de-privacidad\/","title":{"rendered":"Pol\u00edtica de privacidad"},"content":{"rendered":"<p><strong><u>POL\u00cdTICA DE PRIVACIDAD<\/u><\/strong><\/p>\n<p><strong>AVISO DE PROTECCI\u00d3N DE DATOS DE EQUIPAMIENTOS DE ACERO INOXIDABLE &#8211; BIVAQ<\/strong><\/p>\n<p>Equipamientos de Acero Inoxidable &#8211; Bivaq (&#8216;Bivaq&#8217;) se compromete a proteger y respetar su privacidad. El presente Aviso de Privacidad le indica el modo en que Bivaq trata sus datos personales cuando visita, descarga, nos env\u00eda sus datos o se pone en contacto con Bivaq a trav\u00e9s de nuestra p\u00e1gina web y de aplicaciones que hacen referencia al presente Aviso de Privacidad. El presente Aviso de Privacidad tambi\u00e9n detalla sus derechos de protecci\u00f3n de datos personales, incluido el derecho a oponerse a algunos de los tratamientos de datos que Bivaq lleva a cabo.<\/p>\n<p><strong><u>\u00a0<\/u><\/strong><\/p>\n<p><strong>Informaci\u00f3n b\u00e1sica sobre Protecci\u00f3n de Datos<\/strong><\/p>\n<table>\n<tbody>\n<tr>\n<td width=\"138\"><strong>Responsable<\/strong><\/td>\n<td width=\"349\">Equipamientos de Acero Inoxidable<\/td>\n<\/tr>\n<tr>\n<td width=\"138\"><strong>Finalidad<\/strong><\/td>\n<td width=\"349\"><em>1.\u00a0\u00a0\u00a0\u00a0\u00a0 <\/em>Gestionar el env\u00edo de informaci\u00f3n y prospecci\u00f3n comercial sobre los productos de Equipamientos de Acero Inoxidable bajo la marca Bivaq<\/p>\n<p>2.\u00a0\u00a0\u00a0\u00a0\u00a0 Elaboraci\u00f3n de perfiles para dirigirle productos de su inter\u00e9s<\/td>\n<\/tr>\n<tr>\n<td width=\"138\"><strong>Legitimaci\u00f3n<\/strong><\/td>\n<td width=\"349\">Consentimiento del interesado \/ \/inter\u00e9s leg\u00edtimo<\/td>\n<\/tr>\n<tr>\n<td width=\"138\"><strong>Destinatarios<\/strong><\/td>\n<td width=\"349\">No se ceder\u00e1n sus datos a terceros, salvo obligaci\u00f3n legal o consentimiento expreso<\/td>\n<\/tr>\n<tr>\n<td width=\"138\"><strong>Derechos<\/strong><\/td>\n<td width=\"349\">Acceder, rectificar y suprimir los datos, as\u00ed como otros derechos, como se explica en la informaci\u00f3n adicional<\/td>\n<\/tr>\n<tr>\n<td width=\"138\"><strong>Informaci\u00f3n adicional<\/strong><\/td>\n<td width=\"349\">Puede consultar la informaci\u00f3n adicional y detallada sobre protecci\u00f3n de datos en nuestra p\u00e1gina web: <a href=\"https:\/\/www.bivaq.com\"><em>www.bivaq.com<\/em><\/a><\/td>\n<\/tr>\n<\/tbody>\n<\/table>\n<p><strong><u>\u00a0<\/u><\/strong><\/p>\n<table>\n<tbody>\n<tr>\n<td width=\"487\"><strong>\u00bfQui\u00e9n es el Responsable del tratamiento de sus datos?<\/strong><\/td>\n<\/tr>\n<tr>\n<td width=\"487\">La compa\u00f1\u00eda espa\u00f1ola Equipamientos de Acero Inoxidable, S.L.. CIF: B60861218, con direcci\u00f3n a efectos de notificaciones en: Avenida J.V. Foix 72-74 bajos, 08034 Barcelona (Espa\u00f1a)\u00a0 es el Responsable de Tratamiento y, por tanto, quien controla los datos personales que usted nos env\u00eda y se responsabiliza de dicha informaci\u00f3n conforme a la normativa de protecci\u00f3n de datos aplicable. La informaci\u00f3n adicional de la compa\u00f1\u00eda es la siguiente:<\/p>\n<p>Tel\u00e9fono: 00 34 932057595<\/p>\n<p>Correo electr\u00f3nico: info@bivaq.com<\/p>\n<p>Contacto Protecci\u00f3n de Datos: Alberto Compte Marqu\u00e9s<\/td>\n<\/tr>\n<tr>\n<td width=\"487\"><strong>\u00bfCon qu\u00e9 finalidad tratamos sus datos personales?<\/strong><\/td>\n<\/tr>\n<tr>\n<td width=\"487\">En Equipamientos de Acero Inoxidable &#8211; Bivaq tratamos la informaci\u00f3n que nos facilitan las personas interesadas con el fin de gestionar el env\u00edo de la informaci\u00f3n que nos soliciten y facilitar y ofrecer a los interesados ofertas de productos y servicios de su inter\u00e9s. Elaboraremos un perfil comercial en base a la informaci\u00f3n facilitada.<\/p>\n<p>Utilizaremos sus datos personales, adem\u00e1s, para administrar cualquier solicitud, para gestionar quejas o cuestiones sobre la garant\u00eda de nuestros productos y temas de asistencia t\u00e9cnica a trav\u00e9s del correo electr\u00f3nico, por tel\u00e9fono o a trav\u00e9s de redes sociales.<\/p>\n<p>Tambi\u00e9n podemos contactar con usted si surge alg\u00fan problema con su pedido.<\/p>\n<p>Conservaremos sus datos personales solo durante el tiempo que lo necesitemos para el inter\u00e9s leg\u00edtimo de Bivaq de acuerdo con la ley aplicable, o durante el tiempo en que realicemos un servicio a petici\u00f3n suya o para cumplir un requisito legal. Al final del periodo de conservaci\u00f3n, tomaremos medidas para eliminar sus datos personales o mantenerlos en un formato que ya no lo identifique.<\/p>\n<p>&nbsp;<\/td>\n<\/tr>\n<tr>\n<td width=\"487\"><strong>\u00bfQu\u00e9 tipo de datos personales tratamos?<\/strong><\/td>\n<\/tr>\n<tr>\n<td width=\"487\">Trataremos cualquier dato que nos facilite, incluyendo las siguientes categor\u00edas:<\/p>\n<p>* informaci\u00f3n de contacto como: direcci\u00f3n, correo electr\u00f3nico y n\u00famero de tel\u00e9fono<\/p>\n<p>* documento nacional de identificaci\u00f3n<\/p>\n<p>* informaci\u00f3n de pago e historial de pagos<\/p>\n<p>* informaci\u00f3n de cr\u00e9dito<\/p>\n<p>* informaci\u00f3n del pedido<\/p>\n<p>* correspondencia sobre cualquier asunto<\/td>\n<\/tr>\n<tr>\n<td width=\"487\"><strong>\u00bfCu\u00e1l es la legitimaci\u00f3n para el tratamiento de sus datos?<\/strong><\/td>\n<\/tr>\n<tr>\n<td width=\"487\">La base legal para el tratamiento de sus datos es el inter\u00e9s leg\u00edtimo de Equipamientos de Acero Inoxidable &#8211; Bivaq<\/td>\n<\/tr>\n<tr>\n<td width=\"487\"><strong>\u00bfCu\u00e1les son sus derechos cuando nos facilita sus datos?<\/strong><\/td>\n<\/tr>\n<tr>\n<td width=\"487\">Ud. tiene derecho a obtener confirmaci\u00f3n sobre si estamos tratando sus datos personales. Asimismo, Ud. podr\u00e1 acceder a sus datos personales, as\u00ed como a solicitar la rectificaci\u00f3n de los datos inexactos o, en su caso, solicitar su supresi\u00f3n y retirada de consentimiento del modo siguiente:<\/p>\n<p>* siguiendo las indicaciones facilitadas en cada correo de marketing<\/p>\n<p>* contactando con el Servicio de atenci\u00f3n al cliente en: info@bivaq.com.<\/p>\n<p>En determinadas circunstancias, Ud. podr\u00e1 solicitar la limitaci\u00f3n del tratamiento de sus datos, en cuyo caso \u00fanicamente los conservaremos para el ejercicio o la defensa de sus reclamaciones.<\/p>\n<p>En caso de que Ud. nos manifieste su oposici\u00f3n al tratamiento de sus datos, dejaremos de tratarlos, salvo por motivos leg\u00edtimos imperiosos, o el ejercicio o la defensa de posibles reclamaciones.<\/p>\n<p>En determinadas circunstancias, Ud. podr\u00e1 solicitar la portabilidad de sus datos a los terceros que nos indique, para lo cual deber\u00e1 informarnos del destinatario y de si desea que se cedan la totalidad de sus datos o parte de ellos.<\/p>\n<p>Tendr\u00e1 derecho a presentar una reclamaci\u00f3n ante la Agencia Espa\u00f1ola de Protecci\u00f3n de Datos cuando no haya tenido satisfacci\u00f3n en el ejercicio de sus derechos. Podr\u00e1 obtener m\u00e1s informaci\u00f3n al respecto a trav\u00e9s de su p\u00e1gina web <a href=\"http:\/\/www.agpd.es\">www.agpd.es<\/a> o por tel\u00e9fono al n\u00famero 901 100 099.<\/td>\n<\/tr>\n<\/tbody>\n<\/table>\n<p><u>\u00a0<\/u><\/p>\n<p>&nbsp;<\/p>\n","protected":false},"excerpt":{"rendered":"<p>POL\u00cdTICA DE PRIVACIDAD AVISO DE PROTECCI\u00d3N DE DATOS DE EQUIPAMIENTOS DE ACERO INOXIDABLE &#8211; BIVAQ Equipamientos de Acero Inoxidable &#8211; Bivaq (&#8216;Bivaq&#8217;) se compromete a proteger y respetar su privacidad. El presente Aviso de Privacidad le indica el modo en que Bivaq trata sus datos personales cuando visita, descarga, nos env\u00eda sus datos o se [&hellip;]<\/p>\n","protected":false},"author":9192192,"featured_media":0,"parent":0,"menu_order":56,"comment_status":"closed","ping_status":"closed","template":"","meta":{"footnotes":""},"class_list":["post-3771","page","type-page","status-publish","hentry"],"yoast_head":"<!-- This site is optimized with the Yoast SEO plugin v26.7 - https:\/\/yoast.com\/wordpress\/plugins\/seo\/ -->\n<title>Pol\u00edtica de privacidad | BIVAQ<\/title>\n<meta name=\"description\" content=\"POL\u00cdTICA DE PRIVACIDAD AVISO DE PROTECCI\u00d3N DE DATOS DE EQUIPAMIENTOS DE ACERO INOXIDABLE - BIVAQ Equipamientos de Acero Inoxidable - Bivaq (&#039;Bivaq&#039;) se\" \/>\n<meta name=\"robots\" content=\"index, follow, max-snippet:-1, max-image-preview:large, max-video-preview:-1\" \/>\n<link rel=\"canonical\" href=\"https:\/\/www.bivaq.com\/es\/politica-de-privacidad\/\" \/>\n<meta property=\"og:locale\" content=\"es_ES\" \/>\n<meta property=\"og:type\" content=\"article\" \/>\n<meta property=\"og:title\" content=\"Pol\u00edtica de privacidad | BIVAQ\" \/>\n<meta property=\"og:description\" content=\"POL\u00cdTICA DE PRIVACIDAD AVISO DE PROTECCI\u00d3N DE DATOS DE EQUIPAMIENTOS DE ACERO INOXIDABLE - BIVAQ Equipamientos de Acero Inoxidable - Bivaq (&#039;Bivaq&#039;) se\" \/>\n<meta property=\"og:url\" content=\"https:\/\/www.bivaq.com\/es\/politica-de-privacidad\/\" \/>\n<meta property=\"og:site_name\" content=\"BIVAQ\" \/>\n<meta name=\"twitter:card\" content=\"summary_large_image\" \/>\n<meta name=\"twitter:label1\" content=\"Tiempo de lectura\" \/>\n\t<meta name=\"twitter:data1\" content=\"4 minutos\" \/>\n<script type=\"application\/ld+json\" class=\"yoast-schema-graph\">{\"@context\":\"https:\/\/schema.org\",\"@graph\":[{\"@type\":\"WebPage\",\"@id\":\"https:\/\/www.bivaq.com\/es\/politica-de-privacidad\/\",\"url\":\"https:\/\/www.bivaq.com\/es\/politica-de-privacidad\/\",\"name\":\"Pol\u00edtica de privacidad | BIVAQ\",\"isPartOf\":{\"@id\":\"https:\/\/www.bivaq.com\/es\/#website\"},\"datePublished\":\"2016-07-08T16:56:23+00:00\",\"description\":\"POL\u00cdTICA DE PRIVACIDAD AVISO DE PROTECCI\u00d3N DE DATOS DE EQUIPAMIENTOS DE ACERO INOXIDABLE - BIVAQ Equipamientos de Acero Inoxidable - Bivaq ('Bivaq') se\",\"breadcrumb\":{\"@id\":\"https:\/\/www.bivaq.com\/es\/politica-de-privacidad\/#breadcrumb\"},\"inLanguage\":\"es\",\"potentialAction\":[{\"@type\":\"ReadAction\",\"target\":[\"https:\/\/www.bivaq.com\/es\/politica-de-privacidad\/\"]}]},{\"@type\":\"BreadcrumbList\",\"@id\":\"https:\/\/www.bivaq.com\/es\/politica-de-privacidad\/#breadcrumb\",\"itemListElement\":[{\"@type\":\"ListItem\",\"position\":1,\"name\":\"Home\",\"item\":\"https:\/\/www.bivaq.com\/es\/\"},{\"@type\":\"ListItem\",\"position\":2,\"name\":\"Pol\u00edtica de privacidad\"}]},{\"@type\":\"WebSite\",\"@id\":\"https:\/\/www.bivaq.com\/es\/#website\",\"url\":\"https:\/\/www.bivaq.com\/es\/\",\"name\":\"Bivaq\",\"description\":\"Muebles de dise\u00f1o y accesorios para uso exterior\",\"alternateName\":\"Bivaq\",\"potentialAction\":[{\"@type\":\"SearchAction\",\"target\":{\"@type\":\"EntryPoint\",\"urlTemplate\":\"https:\/\/www.bivaq.com\/es\/?s={search_term_string}\"},\"query-input\":{\"@type\":\"PropertyValueSpecification\",\"valueRequired\":true,\"valueName\":\"search_term_string\"}}],\"inLanguage\":\"es\"}]}<\/script>\n<!-- \/ Yoast SEO plugin. -->","yoast_head_json":{"title":"Pol\u00edtica de privacidad | BIVAQ","description":"POL\u00cdTICA DE PRIVACIDAD AVISO DE PROTECCI\u00d3N DE DATOS DE EQUIPAMIENTOS DE ACERO INOXIDABLE - BIVAQ Equipamientos de Acero Inoxidable - Bivaq ('Bivaq') se","robots":{"index":"index","follow":"follow","max-snippet":"max-snippet:-1","max-image-preview":"max-image-preview:large","max-video-preview":"max-video-preview:-1"},"canonical":"https:\/\/www.bivaq.com\/es\/politica-de-privacidad\/","og_locale":"es_ES","og_type":"article","og_title":"Pol\u00edtica de privacidad | BIVAQ","og_description":"POL\u00cdTICA DE PRIVACIDAD AVISO DE PROTECCI\u00d3N DE DATOS DE EQUIPAMIENTOS DE ACERO INOXIDABLE - BIVAQ Equipamientos de Acero Inoxidable - Bivaq ('Bivaq') se","og_url":"https:\/\/www.bivaq.com\/es\/politica-de-privacidad\/","og_site_name":"BIVAQ","twitter_card":"summary_large_image","twitter_misc":{"Tiempo de lectura":"4 minutos"},"schema":{"@context":"https:\/\/schema.org","@graph":[{"@type":"WebPage","@id":"https:\/\/www.bivaq.com\/es\/politica-de-privacidad\/","url":"https:\/\/www.bivaq.com\/es\/politica-de-privacidad\/","name":"Pol\u00edtica de privacidad | BIVAQ","isPartOf":{"@id":"https:\/\/www.bivaq.com\/es\/#website"},"datePublished":"2016-07-08T16:56:23+00:00","description":"POL\u00cdTICA DE PRIVACIDAD AVISO DE PROTECCI\u00d3N DE DATOS DE EQUIPAMIENTOS DE ACERO INOXIDABLE - BIVAQ Equipamientos de Acero Inoxidable - Bivaq ('Bivaq') se","breadcrumb":{"@id":"https:\/\/www.bivaq.com\/es\/politica-de-privacidad\/#breadcrumb"},"inLanguage":"es","potentialAction":[{"@type":"ReadAction","target":["https:\/\/www.bivaq.com\/es\/politica-de-privacidad\/"]}]},{"@type":"BreadcrumbList","@id":"https:\/\/www.bivaq.com\/es\/politica-de-privacidad\/#breadcrumb","itemListElement":[{"@type":"ListItem","position":1,"name":"Home","item":"https:\/\/www.bivaq.com\/es\/"},{"@type":"ListItem","position":2,"name":"Pol\u00edtica de privacidad"}]},{"@type":"WebSite","@id":"https:\/\/www.bivaq.com\/es\/#website","url":"https:\/\/www.bivaq.com\/es\/","name":"Bivaq","description":"Muebles de dise\u00f1o y accesorios para uso exterior","alternateName":"Bivaq","potentialAction":[{"@type":"SearchAction","target":{"@type":"EntryPoint","urlTemplate":"https:\/\/www.bivaq.com\/es\/?s={search_term_string}"},"query-input":{"@type":"PropertyValueSpecification","valueRequired":true,"valueName":"search_term_string"}}],"inLanguage":"es"}]}},"_links":{"self":[{"href":"https:\/\/www.bivaq.com\/es\/wp-json\/wp\/v2\/pages\/3771","targetHints":{"allow":["GET"]}}],"collection":[{"href":"https:\/\/www.bivaq.com\/es\/wp-json\/wp\/v2\/pages"}],"about":[{"href":"https:\/\/www.bivaq.com\/es\/wp-json\/wp\/v2\/types\/page"}],"author":[{"embeddable":true,"href":"https:\/\/www.bivaq.com\/es\/wp-json\/wp\/v2\/users\/9192192"}],"replies":[{"embeddable":true,"href":"https:\/\/www.bivaq.com\/es\/wp-json\/wp\/v2\/comments?post=3771"}],"version-history":[{"count":0,"href":"https:\/\/www.bivaq.com\/es\/wp-json\/wp\/v2\/pages\/3771\/revisions"}],"wp:attachment":[{"href":"https:\/\/www.bivaq.com\/es\/wp-json\/wp\/v2\/media?parent=3771"}],"curies":[{"name":"wp","href":"https:\/\/api.w.org\/{rel}","templated":true}]}}