{"id":10202,"date":"2026-01-08T15:41:37","date_gmt":"2026-01-08T15:41:37","guid":{"rendered":"https:\/\/www.bivaq.com\/about-us\/"},"modified":"2026-02-18T09:40:41","modified_gmt":"2026-02-18T09:40:41","slug":"about-us","status":"publish","type":"page","link":"https:\/\/www.bivaq.com\/es\/about-us\/","title":{"rendered":"Nosotros"},"content":{"rendered":"<p><strong>bivaq<\/strong> naci\u00f3 en un d\u00eda soleado de 2003 en la vibrante ciudad de Barcelona. Su nombre surge de la expresi\u00f3n \u2018hacer un vivac\u2019, que significa acampar bajo el cielo abierto. Este concepto refleja la esencia m\u00e1s pura de nuestra filosof\u00eda: disfrutar del exterior como una forma genuina de conectar con la vida.<\/p>\n<p>Inspirados por el estilo de vida mediterr\u00e1neo y la belleza de los espacios al aire libre, en Bivaq aportamos una visi\u00f3n contempor\u00e1nea, c\u00e1lida y cosmopolita del mobiliario de exterior. Creemos que el aire libre es el entorno natural donde realmente nos sentimos a<br \/>\ngusto: un espacio para compartir, brindar, descansar o simplemente dejarse llevar por la calma del tiempo.<\/p>\n<p>Desde hace m\u00e1s de 20 a\u00f1os colaboramos con reconocidos dise\u00f1adores para crear colecciones que encarnan armon\u00eda, serenidad y dise\u00f1o atemporal. Cada pieza nace de un proceso de creaci\u00f3n honesto, utilizando materiales nobles, t\u00e9cnicas artesanales y una producci\u00f3n comprometida con la sostenibilidad.<\/p>\n<p>En Bivaq entendemos la singularidad de cada espacio. Por eso, ofrecemos m\u00faltiples opciones de acabados, tejidos y colores para que cada pieza refleje la personalidad de quien la elige. Nuestro objetivo es transformar terrazas, jardines y zonas de piscina en escenarios llenos de alma, confort y belleza duradera.<\/p>\n<p>Hoy, Bivaq est\u00e1 presente en m\u00e1s de 30 pa\u00edses y forma parte de los proyectos de arquitectos, interioristas y paisajistas de todo el mundo. Nuestras piezas trascienden la funci\u00f3n: est\u00e1n pensadas para generar emociones, acompa\u00f1ar momentos y celebrar la vida al aire libre.<\/p>\n","protected":false},"excerpt":{"rendered":"<p>bivaq naci\u00f3 en un d\u00eda soleado de 2003 en la vibrante ciudad de Barcelona. Su nombre surge de la expresi\u00f3n \u2018hacer un vivac\u2019, que significa acampar bajo el cielo abierto. Este concepto refleja la esencia m\u00e1s pura de nuestra filosof\u00eda: disfrutar del exterior como una forma genuina de conectar con la vida. Inspirados por el [&hellip;]<\/p>\n","protected":false},"author":9192192,"featured_media":0,"parent":0,"menu_order":4,"comment_status":"closed","ping_status":"closed","template":"page-templates\/about-us.php","meta":{"footnotes":""},"class_list":["post-10202","page","type-page","status-publish","hentry"],"yoast_head":"<!-- This site is optimized with the Yoast SEO plugin v26.7 - https:\/\/yoast.com\/wordpress\/plugins\/seo\/ -->\n<title>Nosotros | BIVAQ<\/title>\n<meta name=\"description\" content=\"bivaq naci\u00f3 en un d\u00eda soleado de 2003 en la vibrante ciudad de Barcelona. Su nombre surge de la expresi\u00f3n \u2018hacer un vivac\u2019, que significa acampar bajo el\" \/>\n<meta name=\"robots\" content=\"index, follow, max-snippet:-1, max-image-preview:large, max-video-preview:-1\" \/>\n<link rel=\"canonical\" href=\"https:\/\/www.bivaq.com\/es\/about-us\/\" \/>\n<meta property=\"og:locale\" content=\"es_ES\" \/>\n<meta property=\"og:type\" content=\"article\" \/>\n<meta property=\"og:title\" content=\"Nosotros | BIVAQ\" \/>\n<meta property=\"og:description\" content=\"bivaq naci\u00f3 en un d\u00eda soleado de 2003 en la vibrante ciudad de Barcelona. Su nombre surge de la expresi\u00f3n \u2018hacer un vivac\u2019, que significa acampar bajo el\" \/>\n<meta property=\"og:url\" content=\"https:\/\/www.bivaq.com\/es\/about-us\/\" \/>\n<meta property=\"og:site_name\" content=\"BIVAQ\" \/>\n<meta property=\"article:modified_time\" content=\"2026-02-18T09:40:41+00:00\" \/>\n<meta name=\"twitter:card\" content=\"summary_large_image\" \/>\n<meta name=\"twitter:label1\" content=\"Tiempo de lectura\" \/>\n\t<meta name=\"twitter:data1\" content=\"2 minutos\" \/>\n<script type=\"application\/ld+json\" class=\"yoast-schema-graph\">{\"@context\":\"https:\/\/schema.org\",\"@graph\":[{\"@type\":\"WebPage\",\"@id\":\"https:\/\/www.bivaq.com\/es\/about-us\/\",\"url\":\"https:\/\/www.bivaq.com\/es\/about-us\/\",\"name\":\"Nosotros | BIVAQ\",\"isPartOf\":{\"@id\":\"https:\/\/www.bivaq.com\/es\/#website\"},\"datePublished\":\"2026-01-08T15:41:37+00:00\",\"dateModified\":\"2026-02-18T09:40:41+00:00\",\"description\":\"bivaq naci\u00f3 en un d\u00eda soleado de 2003 en la vibrante ciudad de Barcelona. Su nombre surge de la expresi\u00f3n \u2018hacer un vivac\u2019, que significa acampar bajo el\",\"breadcrumb\":{\"@id\":\"https:\/\/www.bivaq.com\/es\/about-us\/#breadcrumb\"},\"inLanguage\":\"es\",\"potentialAction\":[{\"@type\":\"ReadAction\",\"target\":[\"https:\/\/www.bivaq.com\/es\/about-us\/\"]}]},{\"@type\":\"BreadcrumbList\",\"@id\":\"https:\/\/www.bivaq.com\/es\/about-us\/#breadcrumb\",\"itemListElement\":[{\"@type\":\"ListItem\",\"position\":1,\"name\":\"Home\",\"item\":\"https:\/\/www.bivaq.com\/es\/\"},{\"@type\":\"ListItem\",\"position\":2,\"name\":\"Nosotros\"}]},{\"@type\":\"WebSite\",\"@id\":\"https:\/\/www.bivaq.com\/es\/#website\",\"url\":\"https:\/\/www.bivaq.com\/es\/\",\"name\":\"Bivaq\",\"description\":\"Muebles de dise\u00f1o y accesorios para uso exterior\",\"alternateName\":\"Bivaq\",\"potentialAction\":[{\"@type\":\"SearchAction\",\"target\":{\"@type\":\"EntryPoint\",\"urlTemplate\":\"https:\/\/www.bivaq.com\/es\/?s={search_term_string}\"},\"query-input\":{\"@type\":\"PropertyValueSpecification\",\"valueRequired\":true,\"valueName\":\"search_term_string\"}}],\"inLanguage\":\"es\"}]}<\/script>\n<!-- \/ Yoast SEO plugin. -->","yoast_head_json":{"title":"Nosotros | BIVAQ","description":"bivaq naci\u00f3 en un d\u00eda soleado de 2003 en la vibrante ciudad de Barcelona. Su nombre surge de la expresi\u00f3n \u2018hacer un vivac\u2019, que significa acampar bajo el","robots":{"index":"index","follow":"follow","max-snippet":"max-snippet:-1","max-image-preview":"max-image-preview:large","max-video-preview":"max-video-preview:-1"},"canonical":"https:\/\/www.bivaq.com\/es\/about-us\/","og_locale":"es_ES","og_type":"article","og_title":"Nosotros | BIVAQ","og_description":"bivaq naci\u00f3 en un d\u00eda soleado de 2003 en la vibrante ciudad de Barcelona. Su nombre surge de la expresi\u00f3n \u2018hacer un vivac\u2019, que significa acampar bajo el","og_url":"https:\/\/www.bivaq.com\/es\/about-us\/","og_site_name":"BIVAQ","article_modified_time":"2026-02-18T09:40:41+00:00","twitter_card":"summary_large_image","twitter_misc":{"Tiempo de lectura":"2 minutos"},"schema":{"@context":"https:\/\/schema.org","@graph":[{"@type":"WebPage","@id":"https:\/\/www.bivaq.com\/es\/about-us\/","url":"https:\/\/www.bivaq.com\/es\/about-us\/","name":"Nosotros | BIVAQ","isPartOf":{"@id":"https:\/\/www.bivaq.com\/es\/#website"},"datePublished":"2026-01-08T15:41:37+00:00","dateModified":"2026-02-18T09:40:41+00:00","description":"bivaq naci\u00f3 en un d\u00eda soleado de 2003 en la vibrante ciudad de Barcelona. Su nombre surge de la expresi\u00f3n \u2018hacer un vivac\u2019, que significa acampar bajo el","breadcrumb":{"@id":"https:\/\/www.bivaq.com\/es\/about-us\/#breadcrumb"},"inLanguage":"es","potentialAction":[{"@type":"ReadAction","target":["https:\/\/www.bivaq.com\/es\/about-us\/"]}]},{"@type":"BreadcrumbList","@id":"https:\/\/www.bivaq.com\/es\/about-us\/#breadcrumb","itemListElement":[{"@type":"ListItem","position":1,"name":"Home","item":"https:\/\/www.bivaq.com\/es\/"},{"@type":"ListItem","position":2,"name":"Nosotros"}]},{"@type":"WebSite","@id":"https:\/\/www.bivaq.com\/es\/#website","url":"https:\/\/www.bivaq.com\/es\/","name":"Bivaq","description":"Muebles de dise\u00f1o y accesorios para uso exterior","alternateName":"Bivaq","potentialAction":[{"@type":"SearchAction","target":{"@type":"EntryPoint","urlTemplate":"https:\/\/www.bivaq.com\/es\/?s={search_term_string}"},"query-input":{"@type":"PropertyValueSpecification","valueRequired":true,"valueName":"search_term_string"}}],"inLanguage":"es"}]}},"_links":{"self":[{"href":"https:\/\/www.bivaq.com\/es\/wp-json\/wp\/v2\/pages\/10202","targetHints":{"allow":["GET"]}}],"collection":[{"href":"https:\/\/www.bivaq.com\/es\/wp-json\/wp\/v2\/pages"}],"about":[{"href":"https:\/\/www.bivaq.com\/es\/wp-json\/wp\/v2\/types\/page"}],"author":[{"embeddable":true,"href":"https:\/\/www.bivaq.com\/es\/wp-json\/wp\/v2\/users\/9192192"}],"replies":[{"embeddable":true,"href":"https:\/\/www.bivaq.com\/es\/wp-json\/wp\/v2\/comments?post=10202"}],"version-history":[{"count":3,"href":"https:\/\/www.bivaq.com\/es\/wp-json\/wp\/v2\/pages\/10202\/revisions"}],"predecessor-version":[{"id":10217,"href":"https:\/\/www.bivaq.com\/es\/wp-json\/wp\/v2\/pages\/10202\/revisions\/10217"}],"wp:attachment":[{"href":"https:\/\/www.bivaq.com\/es\/wp-json\/wp\/v2\/media?parent=10202"}],"curies":[{"name":"wp","href":"https:\/\/api.w.org\/{rel}","templated":true}]}}